{"id":1087,"date":"2021-10-18T17:28:22","date_gmt":"2021-10-18T15:28:22","guid":{"rendered":"https:\/\/contact.solutions-exchange.fr\/?page_id=1087"},"modified":"2021-11-10T15:07:43","modified_gmt":"2021-11-10T14:07:43","slug":"barracuda-essentials","status":"publish","type":"page","link":"https:\/\/www.solutions-exchange.fr\/index.php\/barracuda\/barracuda-essentials\/","title":{"rendered":"Barracuda Essentials"},"content":{"rendered":"<p>[vc_row height_ratio=\u00a0\u00bb40&Prime; rc_bg_type=\u00a0\u00bbimage\u00a0\u00bb rc_bg_image=\u00a0\u00bb1543&Prime;][vc_column]<div class=\"eut-empty-space\" style=\"height: 32px;\"><\/div>[vc_column_text]<\/p>\n<h3 style=\"text-align: left;\"><span style=\"color: #ffffff;\"><br \/>\nBarracuda Essentials <\/span><\/h3>\n<p>[\/vc_column_text]<div class=\"eut-empty-space\" style=\"height: 32px;\"><\/div>[\/vc_column][\/vc_row][vc_row][vc_column]<div class=\"eut-empty-space\" style=\"height: 32px;\"><\/div>[\/vc_column][vc_column width=\u00a0\u00bb1\/2&Prime;][vc_column_text]<\/p>\n<h3>Prot\u00e9gez les utilisateurs et les donn\u00e9es contre les menaces li\u00e9es \u00e0 la messagerie \u00e9lectronique<\/h3>\n<p>Barracuda Essentials fournit la solution la plus compl\u00e8te, la plus simple et la plus abordable pour la protection des e-mails et des donn\u00e9es d\u2019entreprise dans Office 365, Microsoft Exchange et G Suite. Il associe la technologie de s\u00e9curit\u00e9 e-mail de Barracuda prim\u00e9e, \u00e0 une archive de courrier \u00e9lectronique inviolable pour garantir la conformit\u00e9 et simplifier les recherches de litiges. Pour Office 365, Barracuda offre \u00e9galement une sauvegarde et une r\u00e9cup\u00e9ration compl\u00e8tes de tous vos e-mails et fichiers dans le cloud.<\/p>\n<p>Avec 91% des piratages commen\u00e7ant par une attaque cibl\u00e9e par courrier \u00e9lectronique, vous devez prot\u00e9ger vos utilisateurs, vos donn\u00e9es et vos actifs. Le vol de donn\u00e9es par courrier \u00e9lectronique, les logiciels malveillants, le spam et les attaques de phishing sont devenus de plus en plus sophistiqu\u00e9s. Ils entra\u00eenent des perturbations dans l\u2019entreprise, ainsi qu\u2019une perte de confiance et de r\u00e9putation. Les recherches de conformit\u00e9 et de contentieux peuvent \u00eatre co\u00fbteuses et longues.[\/vc_column_text]<div class=\"eut-empty-space\" style=\"height: 32px;\"><\/div>[\/vc_column][vc_column width=\u00a0\u00bb1\/2&Prime;][vc_column_text]<\/p>\n<p style=\"text-align: center;\">Barracuda Essentials vous apporte :<\/p>\n<p style=\"text-align: center;\">\u2013 Protection avanc\u00e9e contre les menaces<\/p>\n<p style=\"text-align: center;\">\u2013 Filtrage entrant \/ sortant<\/p>\n<p style=\"text-align: center;\">\u2013 Archivage et eDiscover<\/p>\n<p style=\"text-align: center;\">\u2013 Sauvegarde et r\u00e9cup\u00e9ration<\/p>\n<p>[\/vc_column_text][\/vc_column][\/vc_row][vc_row rc_bg_type=\u00a0\u00bbcolor\u00a0\u00bb rc_bg_color=\u00a0\u00bb#0860a3&Prime;][vc_column]<div class=\"eut-empty-space\" style=\"height: 32px;\"><\/div>[\/vc_column][vc_column width=\u00a0\u00bb1\/2&Prime;]<div class=\"eut-element eut-image eut-align-center\" style=\"\">  <div class=\"eut-image-wrapper\"><img loading=\"lazy\" decoding=\"async\" width=\"307\" height=\"260\" src=\"https:\/\/www.solutions-exchange.fr\/wp-content\/uploads\/2021\/Barracuda\/securitecloud.png\" class=\"attachment-full size-full\" alt=\"\" srcset=\"https:\/\/www.solutions-exchange.fr\/wp-content\/uploads\/2021\/Barracuda\/securitecloud.png 307w, https:\/\/www.solutions-exchange.fr\/wp-content\/uploads\/2021\/Barracuda\/securitecloud-300x254.png 300w\" sizes=\"auto, (max-width: 307px) 100vw, 307px\" \/>  <\/div><\/div>[\/vc_column][vc_column width=\u00a0\u00bb1\/2&Prime;][vc_column_text]<\/p>\n<h3><span class=\"white-text\" style=\"color: #ffffff;\">Rendre le courrier \u00e9lectronique s\u00fbr pour les entreprises<\/span><\/h3>\n<p><span class=\"white-text\" style=\"color: #ffffff;\">Barracuda Essentials offre une protection de bout en bout de votre messagerie professionnelle. Le filtrage entrant prot\u00e8ge contre le spam, les virus et les attaques de phishing. Le filtrage sortant emp\u00eache la fuite de donn\u00e9es et crypte automatiquement les donn\u00e9es sensibles. La protection avanc\u00e9e contre les menaces bloque les attaques z\u00e9ro heure avanc\u00e9es. L\u2019archivage Cloud garantit la conformit\u00e9 avec les strat\u00e9gies de r\u00e9tention, et la sauvegarde Cloud vous prot\u00e8ge contre la suppression de donn\u00e9es accidentelles ou malveillantes.<\/span>[\/vc_column_text][\/vc_column][vc_column]<div class=\"eut-empty-space\" style=\"height: 32px;\"><\/div>[\/vc_column][\/vc_row][vc_row][vc_column]<div class=\"eut-empty-space\" style=\"height: 32px;\"><\/div>[\/vc_column][vc_column width=\u00a0\u00bb1\/2&Prime;][vc_column_text]<\/p>\n<h3>Protection avanc\u00e9e contre les menaces contre les attaques du jour z\u00e9ro<\/h3>\n<p>Barracuda Essentials inclut une protection contre les menaces avanc\u00e9es telles que Ransomware. Elle s\u2019appuie sur un puissant micro-service bas\u00e9 sur le cloud qui combine plusieurs couches de d\u00e9tection avec des analyses de plus en plus sophistiqu\u00e9es qui garantissent une r\u00e9ponse rapide aux attaques \u00e0 z\u00e9ro heure.<\/p>\n<p>Les couches incluent l\u2019apprentissage automatique et l\u2019analyse comportementale associ\u00e9es \u00e0 un sandbox bas\u00e9 sur l\u2019\u00e9mulation CPU pour une pr\u00e9vention compl\u00e8te des menaces sans aucune latence. Barracuda Advanced Threat Protection exploite un r\u00e9seau mondial de renseignements sur les menaces qui ing\u00e8re diverses donn\u00e9es de menaces sur plusieurs vecteurs de menaces pour assurer une s\u00e9curit\u00e9 en temps r\u00e9el.[\/vc_column_text][\/vc_column][vc_column width=\u00a0\u00bb1\/2&Prime;]<div class=\"eut-element eut-image eut-align-center\" style=\"\">  <div class=\"eut-image-wrapper\"><img loading=\"lazy\" decoding=\"async\" width=\"262\" height=\"210\" src=\"https:\/\/www.solutions-exchange.fr\/wp-content\/uploads\/2021\/Barracuda\/ATP_2.png\" class=\"attachment-medium size-medium\" alt=\"\" \/>  <\/div><\/div>[\/vc_column][vc_column]<div class=\"eut-empty-space\" style=\"height: 32px;\"><\/div>[\/vc_column][\/vc_row][vc_row rc_bg_type=\u00a0\u00bbcolor\u00a0\u00bb rc_bg_color=\u00a0\u00bb#0860a3&Prime;][vc_column]<div class=\"eut-empty-space\" style=\"height: 32px;\"><\/div>[\/vc_column][vc_column width=\u00a0\u00bb1\/2&Prime;]<div class=\"eut-element eut-image eut-align-center\" style=\"\">  <div class=\"eut-image-wrapper\"><img loading=\"lazy\" decoding=\"async\" width=\"587\" height=\"600\" src=\"https:\/\/www.solutions-exchange.fr\/wp-content\/uploads\/2021\/Barracuda\/sd-wan-securise.jpg\" class=\"attachment-medium_large size-medium_large\" alt=\"\" srcset=\"https:\/\/www.solutions-exchange.fr\/wp-content\/uploads\/2021\/Barracuda\/sd-wan-securise.jpg 587w, https:\/\/www.solutions-exchange.fr\/wp-content\/uploads\/2021\/Barracuda\/sd-wan-securise-294x300.jpg 294w\" sizes=\"auto, (max-width: 587px) 100vw, 587px\" \/>  <\/div><\/div>[\/vc_column][vc_column width=\u00a0\u00bb1\/2&Prime;][vc_column_text]<\/p>\n<h3><span class=\"white-text\" style=\"color: #ffffff;\">Le filtrage entrant stoppe les menaces cybern\u00e9tiques avant qu\u2019elles n\u2019atteignent votre serveur de messagerie<\/span><\/h3>\n<p><span class=\"white-text\" style=\"color: #ffffff;\">Barracuda Essentials filtre et d\u00e9sinfecte rapidement chaque courrier \u00e9lectronique avant qu\u2019il ne soit distribu\u00e9 sur votre serveur de messagerie pour le prot\u00e9ger contre les programmes malveillants, les spams et les attaques de phishing entrants. Les fonctions incluent l\u2019analyse antivirus de l\u2019exp\u00e9diteur, l\u2019\u00e9valuation du spam, l\u2019analyse d\u2019intention en temps r\u00e9el, la protection de lien URL (r\u00e9\u00e9criture), les v\u00e9rifications de r\u00e9putation, la protection de l\u2019exp\u00e9diteur et les techniques de validation de plusieurs domaines.<\/span><\/p>\n<p><span class=\"white-text\" style=\"color: #ffffff;\">Le service est optimis\u00e9 par Barracuda Central, notre centre d\u2019exploitation des menaces 24 heures sur 24, 7 jours sur 7, qui surveille en permanence Internet pour d\u00e9tecter les nouvelles menaces transmises par courrier \u00e9lectronique sur tous les vecteurs d\u2019attaque. Notre technologie de filtrage \u00e9volutive en cloud et prioritaire vous garantit le meilleur niveau de protection possible sans ajouter de d\u00e9lais significatifs au d\u00e9lai de r\u00e9ception des messages, m\u00eame pendant les p\u00e9riodes de pointe pendant la journ\u00e9e.<\/span>[\/vc_column_text][\/vc_column][vc_column]<div class=\"eut-empty-space\" style=\"height: 32px;\"><\/div>[\/vc_column][\/vc_row][vc_row][vc_column]<div class=\"eut-empty-space\" style=\"height: 32px;\"><\/div>[\/vc_column][vc_column width=\u00a0\u00bb1\/2&Prime;][vc_column_text]<\/p>\n<h3>Prot\u00e9ger les donn\u00e9es avec le filtrage et le cryptage sortants<\/h3>\n<p>Le filtrage des donn\u00e9es sortantes emp\u00eache les donn\u00e9es sensibles de quitter votre entreprise tout en garantissant la distribution des e-mails l\u00e9gitimes. Barracuda Essentials bloque \u00e9galement les spams et virus sortants, emp\u00eachant ainsi vos employ\u00e9s ou autres clients infect\u00e9s d\u2019envoyer par inadvertance des e-mails malveillants, ainsi que d\u2019emp\u00eacher la liste des adresses IP et des domaines de votre serveur de messagerie sur les listes de blocage de spam.<\/p>\n<p>La protection contre la perte de donn\u00e9es et le cryptage du courrier \u00e9lectronique emp\u00eachent les donn\u00e9es sensibles telles que les cartes de cr\u00e9dit et les donn\u00e9es client de quitter votre entreprise. Vous pouvez cr\u00e9er et appliquer des r\u00e8gles de contenu pour emp\u00eacher l\u2019envoi de donn\u00e9es sensibles telles que les num\u00e9ros de carte de cr\u00e9dit, les num\u00e9ros de s\u00e9curit\u00e9 sociale, les donn\u00e9es HIPAA, les listes de clients et d\u2019autres informations priv\u00e9es. Les strat\u00e9gies peuvent automatiquement crypter, mettre en quarantaine ou m\u00eame bloquer certains messages \u00e9lectroniques sortants en fonction de leur contenu, de leur exp\u00e9diteur ou de leur destinataire.[\/vc_column_text][\/vc_column][vc_column width=\u00a0\u00bb1\/2&Prime;]<div class=\"eut-element eut-image eut-align-center\" style=\"\">  <div class=\"eut-image-wrapper\"><img loading=\"lazy\" decoding=\"async\" width=\"346\" height=\"400\" src=\"https:\/\/www.solutions-exchange.fr\/wp-content\/uploads\/2021\/Barracuda\/cryptage.png\" class=\"attachment-large size-large\" alt=\"\" srcset=\"https:\/\/www.solutions-exchange.fr\/wp-content\/uploads\/2021\/Barracuda\/cryptage.png 346w, https:\/\/www.solutions-exchange.fr\/wp-content\/uploads\/2021\/Barracuda\/cryptage-260x300.png 260w\" sizes=\"auto, (max-width: 346px) 100vw, 346px\" \/>  <\/div><\/div>[\/vc_column][\/vc_row][vc_row rc_bg_type=\u00a0\u00bbcolor\u00a0\u00bb rc_bg_color=\u00a0\u00bb#0860a3&Prime;][vc_column]<div class=\"eut-empty-space\" style=\"height: 32px;\"><\/div>[\/vc_column][vc_column width=\u00a0\u00bb1\/2&Prime;]<div class=\"eut-element eut-image eut-align-center\" style=\"\">  <div class=\"eut-image-wrapper\"><img loading=\"lazy\" decoding=\"async\" width=\"400\" height=\"401\" src=\"https:\/\/www.solutions-exchange.fr\/wp-content\/uploads\/2021\/Barracuda\/conformite_legale.png\" class=\"attachment-full size-full\" alt=\"\" srcset=\"https:\/\/www.solutions-exchange.fr\/wp-content\/uploads\/2021\/Barracuda\/conformite_legale.png 400w, https:\/\/www.solutions-exchange.fr\/wp-content\/uploads\/2021\/Barracuda\/conformite_legale-300x300.png 300w, https:\/\/www.solutions-exchange.fr\/wp-content\/uploads\/2021\/Barracuda\/conformite_legale-150x150.png 150w\" sizes=\"auto, (max-width: 400px) 100vw, 400px\" \/>  <\/div><\/div>[\/vc_column][vc_column width=\u00a0\u00bb1\/2&Prime;][vc_column_text]<\/p>\n<h3><span style=\"color: #ffffff;\">Assurer la conformit\u00e9 avec l\u2019archivage inviolable et la d\u00e9couverte \u00e9lectronique<\/span><\/h3>\n<p><span style=\"color: #ffffff;\">La conformit\u00e9 est d\u00e9sormais une exigence essentielle pour de nombreuses organisations et les sanctions pour ne pas respecter les r\u00e9glementations commerciales et gouvernementales peuvent \u00eatre s\u00e9v\u00e8res. Celles-ci doivent \u00eatre mises en \u0153uvre dans tous les domaines de l\u2019organisation pour d\u00e9montrer et garantir que l\u2019entreprise fonctionne de mani\u00e8re conforme aux normes et minimiser les risques juridiques permanents.<\/span><\/p>\n<p><span style=\"color: #ffffff;\">Barracuda Essentials vous permet de d\u00e9finir des r\u00e8gles de r\u00e9tention des e-mails pour vous assurer que les e-mails importants sont archiv\u00e9s en toute s\u00e9curit\u00e9 sur le cloud de Barracuda. En cas de litige, vous pouvez mettre en suspens les courriers \u00e9lectroniques pour emp\u00eacher toute manipulation ou suppression jusqu\u2019\u00e0 ce que le blocage expire. En r\u00e9ponse aux audits r\u00e9glementaires, vous pouvez d\u00e9montrer le respect des r\u00e8gles de r\u00e9tention et les r\u00e8gles de suppression d\u00e9fendables.<\/span><\/p>\n<p><span style=\"color: #ffffff;\">Tous les courriers \u00e9lectroniques archiv\u00e9s peuvent \u00eatre rapidement recherch\u00e9s et export\u00e9s au besoin. Les applications natives et mobiles de Barracuda Essential vous permettent de rechercher des messages m\u00eame lorsque les services de messagerie ne sont pas disponibles.<\/span>[\/vc_column_text][\/vc_column][\/vc_row][vc_row][vc_column]<div class=\"eut-empty-space\" style=\"height: 32px;\"><\/div>[\/vc_column][vc_column width=\u00a0\u00bb1\/2&Prime;][vc_column_text]<\/p>\n<h3>Prot\u00e9ger les emails et fichiers Office 365 avec la sauvegarde et la r\u00e9cup\u00e9ration cloud<\/h3>\n<p>Chaque jour, de plus en plus d\u2019entreprises migrent vers des environnements h\u00e9berg\u00e9s en mode SaaS ou Cloud, tels que Office 365. Bien que ces environnements constituent des moyens fantastiques d\u2019att\u00e9nuer les d\u00e9faillances naturelles et m\u00e9caniques,\u00a0les pertes de donn\u00e9es d\u2019origine humaine et les menaces persistantes avanc\u00e9es qui mettent vos donn\u00e9es en p\u00e9ril sont toujours pr\u00e9sentes.<\/p>\n<p>Avoir une strat\u00e9gie de sauvegarde solide et de r\u00e9cup\u00e9ration granulaire vous permet de continuer \u00e0 fournir des services de sauvegarde et de r\u00e9cup\u00e9ration en cas de suppression accidentelle ou malveillante, voire de r\u00e9cup\u00e9ration de donn\u00e9es en cas d\u2019attaque par un ransomware. Contrairement aux solutions qui utilisent l\u2019archivage comme substitut \u00e0 la sauvegarde, Barracuda Essentials est la seule solution capable de fournir un service de sauvegarde et de r\u00e9cup\u00e9ration sp\u00e9cifique, en plus d\u2019un service d\u2019archivage complet.[\/vc_column_text][\/vc_column][vc_column width=\u00a0\u00bb1\/2&Prime;]<div class=\"eut-element eut-image eut-align-center\" style=\"\">  <div class=\"eut-image-wrapper\"><img loading=\"lazy\" decoding=\"async\" width=\"400\" height=\"346\" src=\"https:\/\/www.solutions-exchange.fr\/wp-content\/uploads\/2021\/Barracuda\/StockageSecurise.png\" class=\"attachment-full size-full\" alt=\"\" srcset=\"https:\/\/www.solutions-exchange.fr\/wp-content\/uploads\/2021\/Barracuda\/StockageSecurise.png 400w, https:\/\/www.solutions-exchange.fr\/wp-content\/uploads\/2021\/Barracuda\/StockageSecurise-300x260.png 300w\" sizes=\"auto, (max-width: 400px) 100vw, 400px\" \/>  <\/div><\/div>[\/vc_column][\/vc_row]<\/p>\n","protected":false},"excerpt":{"rendered":"<p>[vc_row height_ratio=\u00a0\u00bb40&Prime; rc_bg_type=\u00a0\u00bbimage\u00a0\u00bb rc_bg_image=\u00a0\u00bb1543&Prime;][vc_column][vc_column_text] Barracuda Essentials [\/vc_column_text][\/vc_column][\/vc_row][vc_row][vc_column][\/vc_column][vc_column width=\u00a0\u00bb1\/2&Prime;][vc_column_text] Prot\u00e9gez les utilisateurs et les donn\u00e9es contre les menaces li\u00e9es \u00e0 la messagerie \u00e9lectronique Barracuda Essentials fournit la solution la plus compl\u00e8te, la plus simple et la plus abordable pour la protection des e-mails et des donn\u00e9es d\u2019entreprise dans Office 365, Microsoft Exchange et G Suite. Il [&hellip;]<\/p>\n","protected":false},"author":1,"featured_media":0,"parent":961,"menu_order":0,"comment_status":"closed","ping_status":"closed","template":"","meta":{"_uag_custom_page_level_css":"","footnotes":""},"class_list":["post-1087","page","type-page","status-publish","hentry"],"yoast_head":"<!-- This site is optimized with the Yoast SEO plugin v27.4 - https:\/\/yoast.com\/product\/yoast-seo-wordpress\/ -->\n<title>Barracuda Essentials - Solutions Exchange<\/title>\n<meta name=\"robots\" content=\"index, follow, max-snippet:-1, max-image-preview:large, max-video-preview:-1\" \/>\n<link rel=\"canonical\" href=\"https:\/\/www.solutions-exchange.fr\/index.php\/barracuda\/barracuda-essentials\/\" \/>\n<meta property=\"og:locale\" content=\"fr_FR\" \/>\n<meta property=\"og:type\" content=\"article\" \/>\n<meta property=\"og:title\" content=\"Barracuda Essentials - Solutions Exchange\" \/>\n<meta property=\"og:description\" content=\"[vc_row height_ratio=\u00a0\u00bb40&Prime; rc_bg_type=\u00a0\u00bbimage\u00a0\u00bb rc_bg_image=\u00a0\u00bb1543&Prime;][vc_column][vc_column_text] Barracuda Essentials [\/vc_column_text][\/vc_column][\/vc_row][vc_row][vc_column][\/vc_column][vc_column width=\u00a0\u00bb1\/2&Prime;][vc_column_text] Prot\u00e9gez les utilisateurs et les donn\u00e9es contre les menaces li\u00e9es \u00e0 la messagerie \u00e9lectronique Barracuda Essentials fournit la solution la plus compl\u00e8te, la plus simple et la plus abordable pour la protection des e-mails et des donn\u00e9es d\u2019entreprise dans Office 365, Microsoft Exchange et G Suite. Il [&hellip;]\" \/>\n<meta property=\"og:url\" content=\"https:\/\/www.solutions-exchange.fr\/index.php\/barracuda\/barracuda-essentials\/\" \/>\n<meta property=\"og:site_name\" content=\"Solutions Exchange\" \/>\n<meta property=\"article:modified_time\" content=\"2021-11-10T14:07:43+00:00\" \/>\n<meta name=\"twitter:card\" content=\"summary_large_image\" \/>\n<meta name=\"twitter:label1\" content=\"Dur\u00e9e de lecture estim\u00e9e\" \/>\n\t<meta name=\"twitter:data1\" content=\"5 minutes\" \/>\n<script type=\"application\/ld+json\" class=\"yoast-schema-graph\">{\"@context\":\"https:\\\/\\\/schema.org\",\"@graph\":[{\"@type\":\"WebPage\",\"@id\":\"https:\\\/\\\/www.solutions-exchange.fr\\\/index.php\\\/barracuda\\\/barracuda-essentials\\\/\",\"url\":\"https:\\\/\\\/www.solutions-exchange.fr\\\/index.php\\\/barracuda\\\/barracuda-essentials\\\/\",\"name\":\"Barracuda Essentials - Solutions Exchange\",\"isPartOf\":{\"@id\":\"https:\\\/\\\/www.solutions-exchange.fr\\\/#website\"},\"datePublished\":\"2021-10-18T15:28:22+00:00\",\"dateModified\":\"2021-11-10T14:07:43+00:00\",\"breadcrumb\":{\"@id\":\"https:\\\/\\\/www.solutions-exchange.fr\\\/index.php\\\/barracuda\\\/barracuda-essentials\\\/#breadcrumb\"},\"inLanguage\":\"fr-FR\",\"potentialAction\":[{\"@type\":\"ReadAction\",\"target\":[\"https:\\\/\\\/www.solutions-exchange.fr\\\/index.php\\\/barracuda\\\/barracuda-essentials\\\/\"]}]},{\"@type\":\"BreadcrumbList\",\"@id\":\"https:\\\/\\\/www.solutions-exchange.fr\\\/index.php\\\/barracuda\\\/barracuda-essentials\\\/#breadcrumb\",\"itemListElement\":[{\"@type\":\"ListItem\",\"position\":1,\"name\":\"Accueil\",\"item\":\"https:\\\/\\\/www.solutions-exchange.fr\\\/\"},{\"@type\":\"ListItem\",\"position\":2,\"name\":\"Barracuda\",\"item\":\"https:\\\/\\\/www.solutions-exchange.fr\\\/index.php\\\/barracuda\\\/\"},{\"@type\":\"ListItem\",\"position\":3,\"name\":\"Barracuda Essentials\"}]},{\"@type\":\"WebSite\",\"@id\":\"https:\\\/\\\/www.solutions-exchange.fr\\\/#website\",\"url\":\"https:\\\/\\\/www.solutions-exchange.fr\\\/\",\"name\":\"Solutions Exchange\",\"description\":\"\",\"potentialAction\":[{\"@type\":\"SearchAction\",\"target\":{\"@type\":\"EntryPoint\",\"urlTemplate\":\"https:\\\/\\\/www.solutions-exchange.fr\\\/?s={search_term_string}\"},\"query-input\":{\"@type\":\"PropertyValueSpecification\",\"valueRequired\":true,\"valueName\":\"search_term_string\"}}],\"inLanguage\":\"fr-FR\"}]}<\/script>\n<!-- \/ Yoast SEO plugin. -->","yoast_head_json":{"title":"Barracuda Essentials - Solutions Exchange","robots":{"index":"index","follow":"follow","max-snippet":"max-snippet:-1","max-image-preview":"max-image-preview:large","max-video-preview":"max-video-preview:-1"},"canonical":"https:\/\/www.solutions-exchange.fr\/index.php\/barracuda\/barracuda-essentials\/","og_locale":"fr_FR","og_type":"article","og_title":"Barracuda Essentials - Solutions Exchange","og_description":"[vc_row height_ratio=\u00a0\u00bb40&Prime; rc_bg_type=\u00a0\u00bbimage\u00a0\u00bb rc_bg_image=\u00a0\u00bb1543&Prime;][vc_column][vc_column_text] Barracuda Essentials [\/vc_column_text][\/vc_column][\/vc_row][vc_row][vc_column][\/vc_column][vc_column width=\u00a0\u00bb1\/2&Prime;][vc_column_text] Prot\u00e9gez les utilisateurs et les donn\u00e9es contre les menaces li\u00e9es \u00e0 la messagerie \u00e9lectronique Barracuda Essentials fournit la solution la plus compl\u00e8te, la plus simple et la plus abordable pour la protection des e-mails et des donn\u00e9es d\u2019entreprise dans Office 365, Microsoft Exchange et G Suite. Il [&hellip;]","og_url":"https:\/\/www.solutions-exchange.fr\/index.php\/barracuda\/barracuda-essentials\/","og_site_name":"Solutions Exchange","article_modified_time":"2021-11-10T14:07:43+00:00","twitter_card":"summary_large_image","twitter_misc":{"Dur\u00e9e de lecture estim\u00e9e":"5 minutes"},"schema":{"@context":"https:\/\/schema.org","@graph":[{"@type":"WebPage","@id":"https:\/\/www.solutions-exchange.fr\/index.php\/barracuda\/barracuda-essentials\/","url":"https:\/\/www.solutions-exchange.fr\/index.php\/barracuda\/barracuda-essentials\/","name":"Barracuda Essentials - Solutions Exchange","isPartOf":{"@id":"https:\/\/www.solutions-exchange.fr\/#website"},"datePublished":"2021-10-18T15:28:22+00:00","dateModified":"2021-11-10T14:07:43+00:00","breadcrumb":{"@id":"https:\/\/www.solutions-exchange.fr\/index.php\/barracuda\/barracuda-essentials\/#breadcrumb"},"inLanguage":"fr-FR","potentialAction":[{"@type":"ReadAction","target":["https:\/\/www.solutions-exchange.fr\/index.php\/barracuda\/barracuda-essentials\/"]}]},{"@type":"BreadcrumbList","@id":"https:\/\/www.solutions-exchange.fr\/index.php\/barracuda\/barracuda-essentials\/#breadcrumb","itemListElement":[{"@type":"ListItem","position":1,"name":"Accueil","item":"https:\/\/www.solutions-exchange.fr\/"},{"@type":"ListItem","position":2,"name":"Barracuda","item":"https:\/\/www.solutions-exchange.fr\/index.php\/barracuda\/"},{"@type":"ListItem","position":3,"name":"Barracuda Essentials"}]},{"@type":"WebSite","@id":"https:\/\/www.solutions-exchange.fr\/#website","url":"https:\/\/www.solutions-exchange.fr\/","name":"Solutions Exchange","description":"","potentialAction":[{"@type":"SearchAction","target":{"@type":"EntryPoint","urlTemplate":"https:\/\/www.solutions-exchange.fr\/?s={search_term_string}"},"query-input":{"@type":"PropertyValueSpecification","valueRequired":true,"valueName":"search_term_string"}}],"inLanguage":"fr-FR"}]}},"uagb_featured_image_src":{"full":false,"thumbnail":false,"medium":false,"medium_large":false,"large":false,"1536x1536":false,"2048x2048":false,"zuperla-eutf-large-rect-horizontal":false,"zuperla-eutf-small-square":false,"zuperla-eutf-small-rect-horizontal":false,"zuperla-eutf-small-rect-vertical":false,"zuperla-eutf-medium-square":false,"zuperla-eutf-medium-rect-horizontal":false,"zuperla-eutf-medium-rect-vertical":false,"zuperla-eutf-fullscreen":false},"uagb_author_info":{"display_name":"admin6583","author_link":"https:\/\/www.solutions-exchange.fr\/index.php\/author\/admin6583\/"},"uagb_comment_info":0,"uagb_excerpt":"[vc_row height_ratio=\u00a0\u00bb40&Prime; rc_bg_type=\u00a0\u00bbimage\u00a0\u00bb rc_bg_image=\u00a0\u00bb1543&Prime;][vc_column][vc_column_text] Barracuda Essentials [\/vc_column_text][\/vc_column][\/vc_row][vc_row][vc_column][\/vc_column][vc_column width=\u00a0\u00bb1\/2&Prime;][vc_column_text] Prot\u00e9gez les utilisateurs et les donn\u00e9es contre les menaces li\u00e9es \u00e0 la messagerie \u00e9lectronique Barracuda Essentials fournit la solution la plus compl\u00e8te, la plus simple et la plus abordable pour la protection des e-mails et des donn\u00e9es d\u2019entreprise dans Office 365, Microsoft Exchange et G Suite. Il\u2026","_links":{"self":[{"href":"https:\/\/www.solutions-exchange.fr\/index.php\/wp-json\/wp\/v2\/pages\/1087","targetHints":{"allow":["GET"]}}],"collection":[{"href":"https:\/\/www.solutions-exchange.fr\/index.php\/wp-json\/wp\/v2\/pages"}],"about":[{"href":"https:\/\/www.solutions-exchange.fr\/index.php\/wp-json\/wp\/v2\/types\/page"}],"author":[{"embeddable":true,"href":"https:\/\/www.solutions-exchange.fr\/index.php\/wp-json\/wp\/v2\/users\/1"}],"replies":[{"embeddable":true,"href":"https:\/\/www.solutions-exchange.fr\/index.php\/wp-json\/wp\/v2\/comments?post=1087"}],"version-history":[{"count":17,"href":"https:\/\/www.solutions-exchange.fr\/index.php\/wp-json\/wp\/v2\/pages\/1087\/revisions"}],"predecessor-version":[{"id":1608,"href":"https:\/\/www.solutions-exchange.fr\/index.php\/wp-json\/wp\/v2\/pages\/1087\/revisions\/1608"}],"up":[{"embeddable":true,"href":"https:\/\/www.solutions-exchange.fr\/index.php\/wp-json\/wp\/v2\/pages\/961"}],"wp:attachment":[{"href":"https:\/\/www.solutions-exchange.fr\/index.php\/wp-json\/wp\/v2\/media?parent=1087"}],"curies":[{"name":"wp","href":"https:\/\/api.w.org\/{rel}","templated":true}]}}