{"id":1143,"date":"2021-10-20T17:29:57","date_gmt":"2021-10-20T15:29:57","guid":{"rendered":"https:\/\/contact.solutions-exchange.fr\/?page_id=1143"},"modified":"2021-11-10T15:47:12","modified_gmt":"2021-11-10T14:47:12","slug":"enow-system-management","status":"publish","type":"page","link":"https:\/\/www.solutions-exchange.fr\/index.php\/enow-system-management\/","title":{"rendered":"ENow System Management"},"content":{"rendered":"<p>[vc_row height_ratio=\u00a0\u00bb40&Prime; rc_bg_type=\u00a0\u00bbimage\u00a0\u00bb rc_bg_image=\u00a0\u00bb1627&Prime;][vc_column]<div class=\"eut-empty-space\" style=\"height: 32px;\"><\/div>[vc_column_text]<\/p>\n<h3 style=\"text-align: left;\"><span style=\"color: #ffffff;\"><br \/>\nENow Management System<\/span><\/h3>\n<p>[\/vc_column_text]<div class=\"eut-empty-space\" style=\"height: 32px;\"><\/div>[\/vc_column][\/vc_row][vc_row][vc_column]<div class=\"eut-empty-space\" style=\"height: 32px;\"><\/div>[\/vc_column][vc_column width=\u00a0\u00bb1\/2&Prime;][vc_column_text]<\/p>\n<h3>Solutions On Premise<\/h3>\n<p>Enow fournit des solutions de surveillance et de g\u00e9n\u00e9ration de rapports en temps r\u00e9el pour votre environnement sur site. En mesurant les \u00e9l\u00e9ments sp\u00e9cifiques \u00e0 l&rsquo;application serveur, vous b\u00e9n\u00e9ficiez d&rsquo;un contr\u00f4le et d&rsquo;une visibilit\u00e9 complets dans les moindres d\u00e9tails.[\/vc_column_text][\/vc_column][vc_column width=\u00a0\u00bb1\/2&Prime;]<div class=\"eut-element eut-image eut-align-center\" style=\"\">  <div class=\"eut-image-wrapper\"><img loading=\"lazy\" decoding=\"async\" width=\"400\" height=\"303\" src=\"https:\/\/www.solutions-exchange.fr\/wp-content\/uploads\/2021\/ENow\/OnpremiseSolution.png\" class=\"attachment-medium_large size-medium_large\" alt=\"\" srcset=\"https:\/\/www.solutions-exchange.fr\/wp-content\/uploads\/2021\/ENow\/OnpremiseSolution.png 400w, https:\/\/www.solutions-exchange.fr\/wp-content\/uploads\/2021\/ENow\/OnpremiseSolution-300x227.png 300w\" sizes=\"auto, (max-width: 400px) 100vw, 400px\" \/>  <\/div><\/div>[\/vc_column][\/vc_row][vc_row rc_bg_type=\u00a0\u00bbcolor\u00a0\u00bb rc_bg_color=\u00a0\u00bb#0860a3&Prime;][vc_column]<div class=\"eut-empty-space\" style=\"height: 32px;\"><\/div>[\/vc_column][vc_column width=\u00a0\u00bb1\/2&Prime;]<div class=\"eut-element eut-image eut-align-center\" style=\"\">  <div class=\"eut-image-wrapper\"><img loading=\"lazy\" decoding=\"async\" width=\"430\" height=\"326\" src=\"https:\/\/www.solutions-exchange.fr\/wp-content\/uploads\/2021\/ENow\/HybrideCloudMonitoring.png\" class=\"attachment-full size-full\" alt=\"\" srcset=\"https:\/\/www.solutions-exchange.fr\/wp-content\/uploads\/2021\/ENow\/HybrideCloudMonitoring.png 430w, https:\/\/www.solutions-exchange.fr\/wp-content\/uploads\/2021\/ENow\/HybrideCloudMonitoring-300x227.png 300w\" sizes=\"auto, (max-width: 430px) 100vw, 430px\" \/>  <\/div><\/div>[\/vc_column][vc_column width=\u00a0\u00bb1\/2&Prime;][vc_column_text]<\/p>\n<h5><span class=\"white-text\" style=\"color: #ffffff;\">Surveillance et analyse des environnements Hybride Cloud<\/span><\/h5>\n<p><span class=\"white-text\" style=\"color: #ffffff;\">Pour les entreprises qui op\u00e8rent dans un environnement hybride ou enti\u00e8rement compatible avec le cloud, Enow propose des tableaux de bord simples \u00e0 un seul coup d&rsquo;\u0153il pour la surveillance et des rapports approfondis pour l&rsquo;analyse.<\/span>[\/vc_column_text][\/vc_column][\/vc_row][vc_row][vc_column]<div class=\"eut-empty-space\" style=\"height: 32px;\"><\/div>[\/vc_column][vc_column width=\u00a0\u00bb1\/2&Prime;][vc_column_text]<\/p>\n<h5>EXP\u00c9RIENCE UTILISATEUR FINAL<\/h5>\n<p>Gr\u00e2ce \u00e0 des transactions synth\u00e9tiques, Enow offre un moyen simple et efficace de garantir la coh\u00e9rence et la transparence de votre exp\u00e9rience utilisateur pour Exchange sur site (Autodiscover, EWS, MAPI), ADFS, Office 365 et Exchange Online.[\/vc_column_text][\/vc_column][vc_column width=\u00a0\u00bb1\/2&Prime;]<div class=\"eut-element eut-image eut-align-center\" style=\"\">  <div class=\"eut-image-wrapper\"><img loading=\"lazy\" decoding=\"async\" width=\"410\" height=\"311\" src=\"https:\/\/www.solutions-exchange.fr\/wp-content\/uploads\/2021\/ENow\/EndUSerExperience.png\" class=\"attachment-medium_large size-medium_large\" alt=\"\" srcset=\"https:\/\/www.solutions-exchange.fr\/wp-content\/uploads\/2021\/ENow\/EndUSerExperience.png 410w, https:\/\/www.solutions-exchange.fr\/wp-content\/uploads\/2021\/ENow\/EndUSerExperience-300x228.png 300w\" sizes=\"auto, (max-width: 410px) 100vw, 410px\" \/>  <\/div><\/div>[\/vc_column][\/vc_row]<\/p>\n","protected":false},"excerpt":{"rendered":"<p>[vc_row height_ratio=\u00a0\u00bb40&Prime; rc_bg_type=\u00a0\u00bbimage\u00a0\u00bb rc_bg_image=\u00a0\u00bb1627&Prime;][vc_column][vc_column_text] ENow Management System [\/vc_column_text][\/vc_column][\/vc_row][vc_row][vc_column][\/vc_column][vc_column width=\u00a0\u00bb1\/2&Prime;][vc_column_text] Solutions On Premise Enow fournit des solutions de surveillance et de g\u00e9n\u00e9ration de rapports en temps r\u00e9el pour votre environnement sur site. En mesurant les \u00e9l\u00e9ments sp\u00e9cifiques \u00e0 l&rsquo;application serveur, vous b\u00e9n\u00e9ficiez d&rsquo;un contr\u00f4le et d&rsquo;une visibilit\u00e9 complets dans les moindres d\u00e9tails.[\/vc_column_text][\/vc_column][vc_column width=\u00a0\u00bb1\/2&Prime;][\/vc_column][\/vc_row][vc_row rc_bg_type=\u00a0\u00bbcolor\u00a0\u00bb rc_bg_color=\u00a0\u00bb#0860a3&Prime;][vc_column][\/vc_column][vc_column width=\u00a0\u00bb1\/2&Prime;][\/vc_column][vc_column [&hellip;]<\/p>\n","protected":false},"author":1,"featured_media":0,"parent":0,"menu_order":0,"comment_status":"closed","ping_status":"closed","template":"","meta":{"_uag_custom_page_level_css":"","footnotes":""},"class_list":["post-1143","page","type-page","status-publish","hentry"],"yoast_head":"<!-- This site is optimized with the Yoast SEO plugin v27.5 - https:\/\/yoast.com\/product\/yoast-seo-wordpress\/ -->\n<title>ENow System Management - Solutions Exchange<\/title>\n<meta name=\"robots\" content=\"index, follow, max-snippet:-1, max-image-preview:large, max-video-preview:-1\" \/>\n<link rel=\"canonical\" href=\"https:\/\/www.solutions-exchange.fr\/index.php\/enow-system-management\/\" \/>\n<meta property=\"og:locale\" content=\"fr_FR\" \/>\n<meta property=\"og:type\" content=\"article\" \/>\n<meta property=\"og:title\" content=\"ENow System Management - Solutions Exchange\" \/>\n<meta property=\"og:description\" content=\"[vc_row height_ratio=\u00a0\u00bb40&Prime; rc_bg_type=\u00a0\u00bbimage\u00a0\u00bb rc_bg_image=\u00a0\u00bb1627&Prime;][vc_column][vc_column_text] ENow Management System [\/vc_column_text][\/vc_column][\/vc_row][vc_row][vc_column][\/vc_column][vc_column width=\u00a0\u00bb1\/2&Prime;][vc_column_text] Solutions On Premise Enow fournit des solutions de surveillance et de g\u00e9n\u00e9ration de rapports en temps r\u00e9el pour votre environnement sur site. En mesurant les \u00e9l\u00e9ments sp\u00e9cifiques \u00e0 l&rsquo;application serveur, vous b\u00e9n\u00e9ficiez d&rsquo;un contr\u00f4le et d&rsquo;une visibilit\u00e9 complets dans les moindres d\u00e9tails.[\/vc_column_text][\/vc_column][vc_column width=\u00a0\u00bb1\/2&Prime;][\/vc_column][\/vc_row][vc_row rc_bg_type=\u00a0\u00bbcolor\u00a0\u00bb rc_bg_color=\u00a0\u00bb#0860a3&Prime;][vc_column][\/vc_column][vc_column width=\u00a0\u00bb1\/2&Prime;][\/vc_column][vc_column [&hellip;]\" \/>\n<meta property=\"og:url\" content=\"https:\/\/www.solutions-exchange.fr\/index.php\/enow-system-management\/\" \/>\n<meta property=\"og:site_name\" content=\"Solutions Exchange\" \/>\n<meta property=\"article:modified_time\" content=\"2021-11-10T14:47:12+00:00\" \/>\n<meta name=\"twitter:card\" content=\"summary_large_image\" \/>\n<meta name=\"twitter:label1\" content=\"Dur\u00e9e de lecture estim\u00e9e\" \/>\n\t<meta name=\"twitter:data1\" content=\"1 minute\" \/>\n<script type=\"application\/ld+json\" class=\"yoast-schema-graph\">{\"@context\":\"https:\\\/\\\/schema.org\",\"@graph\":[{\"@type\":\"WebPage\",\"@id\":\"https:\\\/\\\/www.solutions-exchange.fr\\\/index.php\\\/enow-system-management\\\/\",\"url\":\"https:\\\/\\\/www.solutions-exchange.fr\\\/index.php\\\/enow-system-management\\\/\",\"name\":\"ENow System Management - Solutions Exchange\",\"isPartOf\":{\"@id\":\"https:\\\/\\\/www.solutions-exchange.fr\\\/#website\"},\"datePublished\":\"2021-10-20T15:29:57+00:00\",\"dateModified\":\"2021-11-10T14:47:12+00:00\",\"breadcrumb\":{\"@id\":\"https:\\\/\\\/www.solutions-exchange.fr\\\/index.php\\\/enow-system-management\\\/#breadcrumb\"},\"inLanguage\":\"fr-FR\",\"potentialAction\":[{\"@type\":\"ReadAction\",\"target\":[\"https:\\\/\\\/www.solutions-exchange.fr\\\/index.php\\\/enow-system-management\\\/\"]}]},{\"@type\":\"BreadcrumbList\",\"@id\":\"https:\\\/\\\/www.solutions-exchange.fr\\\/index.php\\\/enow-system-management\\\/#breadcrumb\",\"itemListElement\":[{\"@type\":\"ListItem\",\"position\":1,\"name\":\"Accueil\",\"item\":\"https:\\\/\\\/www.solutions-exchange.fr\\\/\"},{\"@type\":\"ListItem\",\"position\":2,\"name\":\"ENow System Management\"}]},{\"@type\":\"WebSite\",\"@id\":\"https:\\\/\\\/www.solutions-exchange.fr\\\/#website\",\"url\":\"https:\\\/\\\/www.solutions-exchange.fr\\\/\",\"name\":\"Solutions Exchange\",\"description\":\"\",\"potentialAction\":[{\"@type\":\"SearchAction\",\"target\":{\"@type\":\"EntryPoint\",\"urlTemplate\":\"https:\\\/\\\/www.solutions-exchange.fr\\\/?s={search_term_string}\"},\"query-input\":{\"@type\":\"PropertyValueSpecification\",\"valueRequired\":true,\"valueName\":\"search_term_string\"}}],\"inLanguage\":\"fr-FR\"}]}<\/script>\n<!-- \/ Yoast SEO plugin. -->","yoast_head_json":{"title":"ENow System Management - Solutions Exchange","robots":{"index":"index","follow":"follow","max-snippet":"max-snippet:-1","max-image-preview":"max-image-preview:large","max-video-preview":"max-video-preview:-1"},"canonical":"https:\/\/www.solutions-exchange.fr\/index.php\/enow-system-management\/","og_locale":"fr_FR","og_type":"article","og_title":"ENow System Management - Solutions Exchange","og_description":"[vc_row height_ratio=\u00a0\u00bb40&Prime; rc_bg_type=\u00a0\u00bbimage\u00a0\u00bb rc_bg_image=\u00a0\u00bb1627&Prime;][vc_column][vc_column_text] ENow Management System [\/vc_column_text][\/vc_column][\/vc_row][vc_row][vc_column][\/vc_column][vc_column width=\u00a0\u00bb1\/2&Prime;][vc_column_text] Solutions On Premise Enow fournit des solutions de surveillance et de g\u00e9n\u00e9ration de rapports en temps r\u00e9el pour votre environnement sur site. En mesurant les \u00e9l\u00e9ments sp\u00e9cifiques \u00e0 l&rsquo;application serveur, vous b\u00e9n\u00e9ficiez d&rsquo;un contr\u00f4le et d&rsquo;une visibilit\u00e9 complets dans les moindres d\u00e9tails.[\/vc_column_text][\/vc_column][vc_column width=\u00a0\u00bb1\/2&Prime;][\/vc_column][\/vc_row][vc_row rc_bg_type=\u00a0\u00bbcolor\u00a0\u00bb rc_bg_color=\u00a0\u00bb#0860a3&Prime;][vc_column][\/vc_column][vc_column width=\u00a0\u00bb1\/2&Prime;][\/vc_column][vc_column [&hellip;]","og_url":"https:\/\/www.solutions-exchange.fr\/index.php\/enow-system-management\/","og_site_name":"Solutions Exchange","article_modified_time":"2021-11-10T14:47:12+00:00","twitter_card":"summary_large_image","twitter_misc":{"Dur\u00e9e de lecture estim\u00e9e":"1 minute"},"schema":{"@context":"https:\/\/schema.org","@graph":[{"@type":"WebPage","@id":"https:\/\/www.solutions-exchange.fr\/index.php\/enow-system-management\/","url":"https:\/\/www.solutions-exchange.fr\/index.php\/enow-system-management\/","name":"ENow System Management - Solutions Exchange","isPartOf":{"@id":"https:\/\/www.solutions-exchange.fr\/#website"},"datePublished":"2021-10-20T15:29:57+00:00","dateModified":"2021-11-10T14:47:12+00:00","breadcrumb":{"@id":"https:\/\/www.solutions-exchange.fr\/index.php\/enow-system-management\/#breadcrumb"},"inLanguage":"fr-FR","potentialAction":[{"@type":"ReadAction","target":["https:\/\/www.solutions-exchange.fr\/index.php\/enow-system-management\/"]}]},{"@type":"BreadcrumbList","@id":"https:\/\/www.solutions-exchange.fr\/index.php\/enow-system-management\/#breadcrumb","itemListElement":[{"@type":"ListItem","position":1,"name":"Accueil","item":"https:\/\/www.solutions-exchange.fr\/"},{"@type":"ListItem","position":2,"name":"ENow System Management"}]},{"@type":"WebSite","@id":"https:\/\/www.solutions-exchange.fr\/#website","url":"https:\/\/www.solutions-exchange.fr\/","name":"Solutions Exchange","description":"","potentialAction":[{"@type":"SearchAction","target":{"@type":"EntryPoint","urlTemplate":"https:\/\/www.solutions-exchange.fr\/?s={search_term_string}"},"query-input":{"@type":"PropertyValueSpecification","valueRequired":true,"valueName":"search_term_string"}}],"inLanguage":"fr-FR"}]}},"uagb_featured_image_src":{"full":false,"thumbnail":false,"medium":false,"medium_large":false,"large":false,"1536x1536":false,"2048x2048":false,"zuperla-eutf-large-rect-horizontal":false,"zuperla-eutf-small-square":false,"zuperla-eutf-small-rect-horizontal":false,"zuperla-eutf-small-rect-vertical":false,"zuperla-eutf-medium-square":false,"zuperla-eutf-medium-rect-horizontal":false,"zuperla-eutf-medium-rect-vertical":false,"zuperla-eutf-fullscreen":false},"uagb_author_info":{"display_name":"admin6583","author_link":"https:\/\/www.solutions-exchange.fr\/index.php\/author\/admin6583\/"},"uagb_comment_info":0,"uagb_excerpt":"[vc_row height_ratio=\u00a0\u00bb40&Prime; rc_bg_type=\u00a0\u00bbimage\u00a0\u00bb rc_bg_image=\u00a0\u00bb1627&Prime;][vc_column][vc_column_text] ENow Management System [\/vc_column_text][\/vc_column][\/vc_row][vc_row][vc_column][\/vc_column][vc_column width=\u00a0\u00bb1\/2&Prime;][vc_column_text] Solutions On Premise Enow fournit des solutions de surveillance et de g\u00e9n\u00e9ration de rapports en temps r\u00e9el pour votre environnement sur site. En mesurant les \u00e9l\u00e9ments sp\u00e9cifiques \u00e0 l&rsquo;application serveur, vous b\u00e9n\u00e9ficiez d&rsquo;un contr\u00f4le et d&rsquo;une visibilit\u00e9 complets dans les moindres d\u00e9tails.[\/vc_column_text][\/vc_column][vc_column width=\u00a0\u00bb1\/2&Prime;][\/vc_column][\/vc_row][vc_row rc_bg_type=\u00a0\u00bbcolor\u00a0\u00bb rc_bg_color=\u00a0\u00bb#0860a3&Prime;][vc_column][\/vc_column][vc_column width=\u00a0\u00bb1\/2&Prime;][\/vc_column][vc_column\u2026","_links":{"self":[{"href":"https:\/\/www.solutions-exchange.fr\/index.php\/wp-json\/wp\/v2\/pages\/1143","targetHints":{"allow":["GET"]}}],"collection":[{"href":"https:\/\/www.solutions-exchange.fr\/index.php\/wp-json\/wp\/v2\/pages"}],"about":[{"href":"https:\/\/www.solutions-exchange.fr\/index.php\/wp-json\/wp\/v2\/types\/page"}],"author":[{"embeddable":true,"href":"https:\/\/www.solutions-exchange.fr\/index.php\/wp-json\/wp\/v2\/users\/1"}],"replies":[{"embeddable":true,"href":"https:\/\/www.solutions-exchange.fr\/index.php\/wp-json\/wp\/v2\/comments?post=1143"}],"version-history":[{"count":4,"href":"https:\/\/www.solutions-exchange.fr\/index.php\/wp-json\/wp\/v2\/pages\/1143\/revisions"}],"predecessor-version":[{"id":1628,"href":"https:\/\/www.solutions-exchange.fr\/index.php\/wp-json\/wp\/v2\/pages\/1143\/revisions\/1628"}],"wp:attachment":[{"href":"https:\/\/www.solutions-exchange.fr\/index.php\/wp-json\/wp\/v2\/media?parent=1143"}],"curies":[{"name":"wp","href":"https:\/\/api.w.org\/{rel}","templated":true}]}}