{"id":1383,"date":"2021-11-05T09:00:34","date_gmt":"2021-11-05T08:00:34","guid":{"rendered":"https:\/\/contact.solutions-exchange.fr\/?page_id=1383"},"modified":"2021-11-05T10:15:15","modified_gmt":"2021-11-05T09:15:15","slug":"nos-solutions","status":"publish","type":"page","link":"https:\/\/www.solutions-exchange.fr\/index.php\/nos-solutions\/","title":{"rendered":"Nos Solutions"},"content":{"rendered":"<p>[vc_row height_ratio=\u00a0\u00bb40&Prime; rc_bg_type=\u00a0\u00bbimage\u00a0\u00bb rc_bg_image=\u00a0\u00bb191&Prime;][vc_column]<div class=\"eut-empty-space\" style=\"height: 32px;\"><\/div>[vc_column_text]<\/p>\n<h3 style=\"text-align: center;\"><span style=\"color: #ffffff;\">Nos Solutions<\/span><\/h3>\n<p>[\/vc_column_text]<div class=\"eut-empty-space\" style=\"height: 80px;\"><\/div>[\/vc_column][\/vc_row][vc_row][vc_column][\/vc_column][vc_column width=\u00a0\u00bb1\/2&Prime; css=\u00a0\u00bb.vc_custom_1636099991855{border-top-width: 2px !important;border-right-width: 2px !important;border-bottom-width: 2px !important;border-left-width: 2px !important;padding-top: 2px !important;padding-right: 2px !important;padding-bottom: 2px !important;padding-left: 2px !important;border-left-color: #0860a3 !important;border-left-style: solid !important;border-right-color: #0860a3 !important;border-right-style: solid !important;border-top-color: #0860a3 !important;border-top-style: solid !important;border-bottom-color: #0860a3 !important;border-bottom-style: solid !important;border-radius: 2px !important;}\u00a0\u00bb][vc_column_text]<\/p>\n<h5 style=\"text-align: center;\">SIEM et pr\u00e9vention des menaces informatiques<\/h5>\n<h6 style=\"text-align: center;\">V\u00e9rifier, valider les modifications AD. Mise en conformit\u00e9. Analyser les journaux collect\u00e9s.<\/h6>\n<p style=\"text-align: center;\">ManageEngine LOG360<\/p>\n<p>[\/vc_column_text]<div class=\"eut-element eut-align-center\"><a href=\"https:\/\/contact.solutions-exchange.fr\/index.php\/nos-solutions\/siem-et-prevention-des-menaces-informatiques\/\" title=\"SIEM\" target=\"_blank\" class=\"eut-btn eut-btn-small eut-round eut-bg-primary-2 eut-bg-hover-primary-6\"><span>Plus d'informations<\/span><\/a><\/div>[\/vc_column][vc_column width=\u00a0\u00bb1\/2&Prime; css=\u00a0\u00bb.vc_custom_1636100004160{border-top-width: 2px !important;border-right-width: 2px !important;border-bottom-width: 2px !important;border-left-width: 2px !important;padding-top: 2px !important;padding-right: 2px !important;padding-bottom: 2px !important;padding-left: 2px !important;border-left-color: #0860a3 !important;border-left-style: solid !important;border-right-color: #0860a3 !important;border-right-style: solid !important;border-top-color: #0860a3 !important;border-top-style: solid !important;border-bottom-color: #0860a3 !important;border-bottom-style: solid !important;border-radius: 2px !important;}\u00a0\u00bb][vc_column_text]<\/p>\n<h5 style=\"text-align: center;\">Gestion des identit\u00e9s et des acc\u00e8s<\/h5>\n<h6 style=\"text-align: center;\">Gestion simplifi\u00e9e de l\u2019infrastructure<\/h6>\n<p style=\"text-align: center;\">ManageEngine AD360<\/p>\n<p>[\/vc_column_text]<div class=\"eut-element eut-align-center\"><a href=\"https:\/\/contact.solutions-exchange.fr\/index.php\/nos-solutions\/gestion-des-identites-et-des-acces\/\" title=\"Gestion des identit\u00e9s et des acc\u00e8s\" target=\"_blank\" class=\"eut-btn eut-btn-small eut-round eut-bg-primary-2 eut-bg-hover-primary-6\"><span>Plus d'informations<\/span><\/a><\/div>[\/vc_column][vc_column css=\u00a0\u00bb.vc_custom_1636100201159{border-top-width: 2px !important;border-right-width: 2px !important;border-bottom-width: 2px !important;border-left-width: 2px !important;padding-top: 2px !important;padding-right: 2px !important;padding-bottom: 2px !important;padding-left: 2px !important;}\u00a0\u00bb]<div class=\"eut-empty-space\" style=\"height: 32px;\"><\/div>[\/vc_column][vc_column width=\u00a0\u00bb1\/2&Prime; css=\u00a0\u00bb.vc_custom_1636100041216{padding: 2px !important;border: 2px solid #0860a3 !important;border-radius: 2px !important;}\u00a0\u00bb][vc_column_text]<\/p>\n<h5 style=\"text-align: center;\">Gouvernance de l&rsquo;information<\/h5>\n<h6 style=\"text-align: center;\">Auditer, Alerter, G\u00e9rer les risques sur vos donn\u00e9es sensibles<\/h6>\n<p style=\"text-align: center;\">Netwrix Auditor<\/p>\n<p>[\/vc_column_text]<div class=\"eut-element eut-align-center\"><a href=\"https:\/\/contact.solutions-exchange.fr\/index.php\/nos-solutions\/gouvernance-de-l-information\/\" title=\"Gouvernance de l&#039;information\" target=\"_blank\" class=\"eut-btn eut-btn-small eut-round eut-bg-primary-2 eut-bg-hover-primary-6\"><span>Plus d'informations<\/span><\/a><\/div>[\/vc_column][vc_column width=\u00a0\u00bb1\/2&Prime; css=\u00a0\u00bb.vc_custom_1636100286719{padding: 2px !important;border: 2px solid #0860a3 !important;border-radius: 2px !important;}\u00a0\u00bb][vc_column_text]<\/p>\n<h5 style=\"text-align: center;\">S\u00e9curit\u00e9 de l&rsquo;infrastructure<\/h5>\n<h6 style=\"text-align: center;\">Prot\u00e9ger votre infrastructure Onpremise<\/h6>\n<p style=\"text-align: center;\">Netwrix Auditor, Barracuda Message Archiver,<br \/>\nBarracuda CloudGen Firewall, ENow Management System<\/p>\n<p>[\/vc_column_text]<div class=\"eut-element eut-align-center\"><a href=\"https:\/\/contact.solutions-exchange.fr\/index.php\/nos-solutions\/securite-de-l-infrastructure\/\" title=\"S\u00e9curit\u00e9 de l&#039;infrastructure\" target=\"_blank\" class=\"eut-btn eut-btn-small eut-round eut-bg-primary-2 eut-bg-hover-primary-6\"><span>Plus d'informations<\/span><\/a><\/div>[\/vc_column][vc_column]<div class=\"eut-empty-space\" style=\"height: 32px;\"><\/div>[\/vc_column][vc_column width=\u00a0\u00bb1\/2&Prime; css=\u00a0\u00bb.vc_custom_1636100339487{padding: 2px !important;border: 2px solid #0860a3 !important;border-radius: 2px !important;}\u00a0\u00bb][vc_column_text]<\/p>\n<h5 style=\"text-align: center;\">Conformit\u00e9<\/h5>\n<h6 style=\"text-align: center;\">Aide \u00e0 la mise en conformit\u00e9 avec les normes et r\u00e8glementations<\/h6>\n<p style=\"text-align: center;\">Netwrix Auditor, Barracuda Message Archiver<\/p>\n<p>[\/vc_column_text]<div class=\"eut-element eut-align-center\"><a href=\"https:\/\/contact.solutions-exchange.fr\/index.php\/nos-solutions\/conformite\/\" title=\"Conformit\u00e9\" target=\"_blank\" class=\"eut-btn eut-btn-small eut-round eut-bg-primary-2 eut-bg-hover-primary-6\"><span>Plus d'informations<\/span><\/a><\/div>[\/vc_column][vc_column width=\u00a0\u00bb1\/2&Prime; css=\u00a0\u00bb.vc_custom_1636100354723{padding: 2px !important;border: 2px solid #0860a3 !important;border-radius: 2px !important;}\u00a0\u00bb][vc_column_text]<\/p>\n<h5 style=\"text-align: center;\">S\u00e9curit\u00e9 des donn\u00e9es sensibles<\/h5>\n<h6 style=\"text-align: center;\">Partager, Auditer ses donn\u00e9es sensibles<\/h6>\n<p style=\"text-align: center;\">Netwrix Auditor<\/p>\n<p>[\/vc_column_text]<div class=\"eut-element eut-align-center\"><a href=\"https:\/\/contact.solutions-exchange.fr\/index.php\/nos-solutions\/securite-des-donnees-sensibles\/\" title=\"S\u00e9curit\u00e9 des donn\u00e9es sensibles\" target=\"_blank\" class=\"eut-btn eut-btn-small eut-round eut-bg-primary-2 eut-bg-hover-primary-6\"><span>Plus d'informations<\/span><\/a><\/div>[\/vc_column][vc_column]<div class=\"eut-empty-space\" style=\"height: 32px;\"><\/div>[\/vc_column][vc_column width=\u00a0\u00bb1\/2&Prime; css=\u00a0\u00bb.vc_custom_1636100368903{padding: 2px !important;border: 2px solid #0860a3 !important;border-radius: 2px !important;}\u00a0\u00bb][vc_column_text]<\/p>\n<h5 style=\"text-align: center;\">S\u00e9curit\u00e9 du Cloud<\/h5>\n<h6 style=\"text-align: center;\">Prot\u00e9ger votre infrastructure Cloud<\/h6>\n<p style=\"text-align: center;\">Netwrix Auditor, Barracuda Essential, Barracuda CloudGen Firewall<\/p>\n<p>[\/vc_column_text]<div class=\"eut-element eut-align-center\"><a href=\"https:\/\/contact.solutions-exchange.fr\/index.php\/nos-solutions\/securite-du-cloud\/\" title=\"S\u00e9curit\u00e9 du Cloud\" target=\"_blank\" class=\"eut-btn eut-btn-small eut-round eut-bg-primary-2 eut-bg-hover-primary-6\"><span>Plus d'informations<\/span><\/a><\/div>[\/vc_column][vc_column width=\u00a0\u00bb1\/2&Prime;][\/vc_column][\/vc_row]<\/p>\n","protected":false},"excerpt":{"rendered":"<p>[vc_row height_ratio=\u00a0\u00bb40&Prime; rc_bg_type=\u00a0\u00bbimage\u00a0\u00bb rc_bg_image=\u00a0\u00bb191&Prime;][vc_column][vc_column_text] Nos Solutions [\/vc_column_text][\/vc_column][\/vc_row][vc_row][vc_column][\/vc_column][vc_column width=\u00a0\u00bb1\/2&Prime; css=\u00a0\u00bb.vc_custom_1636099991855{border-top-width: 2px !important;border-right-width: 2px !important;border-bottom-width: 2px !important;border-left-width: 2px !important;padding-top: 2px !important;padding-right: 2px !important;padding-bottom: 2px !important;padding-left: 2px !important;border-left-color: #0860a3 !important;border-left-style: solid !important;border-right-color: #0860a3 !important;border-right-style: solid !important;border-top-color: #0860a3 !important;border-top-style: solid !important;border-bottom-color: #0860a3 !important;border-bottom-style: solid !important;border-radius: 2px !important;}\u00a0\u00bb][vc_column_text] SIEM et pr\u00e9vention des menaces informatiques V\u00e9rifier, valider les modifications AD. Mise [&hellip;]<\/p>\n","protected":false},"author":1,"featured_media":0,"parent":0,"menu_order":0,"comment_status":"closed","ping_status":"closed","template":"","meta":{"_uag_custom_page_level_css":"","footnotes":""},"class_list":["post-1383","page","type-page","status-publish","hentry"],"yoast_head":"<!-- This site is optimized with the Yoast SEO plugin v27.5 - https:\/\/yoast.com\/product\/yoast-seo-wordpress\/ -->\n<title>Nos Solutions - Solutions Exchange<\/title>\n<meta name=\"robots\" content=\"index, follow, max-snippet:-1, max-image-preview:large, max-video-preview:-1\" \/>\n<link rel=\"canonical\" href=\"https:\/\/www.solutions-exchange.fr\/index.php\/nos-solutions\/\" \/>\n<meta property=\"og:locale\" content=\"fr_FR\" \/>\n<meta property=\"og:type\" content=\"article\" \/>\n<meta property=\"og:title\" content=\"Nos Solutions - Solutions Exchange\" \/>\n<meta property=\"og:description\" content=\"[vc_row height_ratio=\u00a0\u00bb40&Prime; rc_bg_type=\u00a0\u00bbimage\u00a0\u00bb rc_bg_image=\u00a0\u00bb191&Prime;][vc_column][vc_column_text] Nos Solutions [\/vc_column_text][\/vc_column][\/vc_row][vc_row][vc_column][\/vc_column][vc_column width=\u00a0\u00bb1\/2&Prime; css=\u00a0\u00bb.vc_custom_1636099991855{border-top-width: 2px !important;border-right-width: 2px !important;border-bottom-width: 2px !important;border-left-width: 2px !important;padding-top: 2px !important;padding-right: 2px !important;padding-bottom: 2px !important;padding-left: 2px !important;border-left-color: #0860a3 !important;border-left-style: solid !important;border-right-color: #0860a3 !important;border-right-style: solid !important;border-top-color: #0860a3 !important;border-top-style: solid !important;border-bottom-color: #0860a3 !important;border-bottom-style: solid !important;border-radius: 2px !important;}\u00a0\u00bb][vc_column_text] SIEM et pr\u00e9vention des menaces informatiques V\u00e9rifier, valider les modifications AD. Mise [&hellip;]\" \/>\n<meta property=\"og:url\" content=\"https:\/\/www.solutions-exchange.fr\/index.php\/nos-solutions\/\" \/>\n<meta property=\"og:site_name\" content=\"Solutions Exchange\" \/>\n<meta property=\"article:modified_time\" content=\"2021-11-05T09:15:15+00:00\" \/>\n<meta name=\"twitter:card\" content=\"summary_large_image\" \/>\n<meta name=\"twitter:label1\" content=\"Dur\u00e9e de lecture estim\u00e9e\" \/>\n\t<meta name=\"twitter:data1\" content=\"2 minutes\" \/>\n<script type=\"application\/ld+json\" class=\"yoast-schema-graph\">{\"@context\":\"https:\\\/\\\/schema.org\",\"@graph\":[{\"@type\":\"WebPage\",\"@id\":\"https:\\\/\\\/www.solutions-exchange.fr\\\/index.php\\\/nos-solutions\\\/\",\"url\":\"https:\\\/\\\/www.solutions-exchange.fr\\\/index.php\\\/nos-solutions\\\/\",\"name\":\"Nos Solutions - Solutions Exchange\",\"isPartOf\":{\"@id\":\"https:\\\/\\\/www.solutions-exchange.fr\\\/#website\"},\"datePublished\":\"2021-11-05T08:00:34+00:00\",\"dateModified\":\"2021-11-05T09:15:15+00:00\",\"breadcrumb\":{\"@id\":\"https:\\\/\\\/www.solutions-exchange.fr\\\/index.php\\\/nos-solutions\\\/#breadcrumb\"},\"inLanguage\":\"fr-FR\",\"potentialAction\":[{\"@type\":\"ReadAction\",\"target\":[\"https:\\\/\\\/www.solutions-exchange.fr\\\/index.php\\\/nos-solutions\\\/\"]}]},{\"@type\":\"BreadcrumbList\",\"@id\":\"https:\\\/\\\/www.solutions-exchange.fr\\\/index.php\\\/nos-solutions\\\/#breadcrumb\",\"itemListElement\":[{\"@type\":\"ListItem\",\"position\":1,\"name\":\"Accueil\",\"item\":\"https:\\\/\\\/www.solutions-exchange.fr\\\/\"},{\"@type\":\"ListItem\",\"position\":2,\"name\":\"Nos Solutions\"}]},{\"@type\":\"WebSite\",\"@id\":\"https:\\\/\\\/www.solutions-exchange.fr\\\/#website\",\"url\":\"https:\\\/\\\/www.solutions-exchange.fr\\\/\",\"name\":\"Solutions Exchange\",\"description\":\"\",\"potentialAction\":[{\"@type\":\"SearchAction\",\"target\":{\"@type\":\"EntryPoint\",\"urlTemplate\":\"https:\\\/\\\/www.solutions-exchange.fr\\\/?s={search_term_string}\"},\"query-input\":{\"@type\":\"PropertyValueSpecification\",\"valueRequired\":true,\"valueName\":\"search_term_string\"}}],\"inLanguage\":\"fr-FR\"}]}<\/script>\n<!-- \/ Yoast SEO plugin. -->","yoast_head_json":{"title":"Nos Solutions - Solutions Exchange","robots":{"index":"index","follow":"follow","max-snippet":"max-snippet:-1","max-image-preview":"max-image-preview:large","max-video-preview":"max-video-preview:-1"},"canonical":"https:\/\/www.solutions-exchange.fr\/index.php\/nos-solutions\/","og_locale":"fr_FR","og_type":"article","og_title":"Nos Solutions - Solutions Exchange","og_description":"[vc_row height_ratio=\u00a0\u00bb40&Prime; rc_bg_type=\u00a0\u00bbimage\u00a0\u00bb rc_bg_image=\u00a0\u00bb191&Prime;][vc_column][vc_column_text] Nos Solutions [\/vc_column_text][\/vc_column][\/vc_row][vc_row][vc_column][\/vc_column][vc_column width=\u00a0\u00bb1\/2&Prime; css=\u00a0\u00bb.vc_custom_1636099991855{border-top-width: 2px !important;border-right-width: 2px !important;border-bottom-width: 2px !important;border-left-width: 2px !important;padding-top: 2px !important;padding-right: 2px !important;padding-bottom: 2px !important;padding-left: 2px !important;border-left-color: #0860a3 !important;border-left-style: solid !important;border-right-color: #0860a3 !important;border-right-style: solid !important;border-top-color: #0860a3 !important;border-top-style: solid !important;border-bottom-color: #0860a3 !important;border-bottom-style: solid !important;border-radius: 2px !important;}\u00a0\u00bb][vc_column_text] SIEM et pr\u00e9vention des menaces informatiques V\u00e9rifier, valider les modifications AD. Mise [&hellip;]","og_url":"https:\/\/www.solutions-exchange.fr\/index.php\/nos-solutions\/","og_site_name":"Solutions Exchange","article_modified_time":"2021-11-05T09:15:15+00:00","twitter_card":"summary_large_image","twitter_misc":{"Dur\u00e9e de lecture estim\u00e9e":"2 minutes"},"schema":{"@context":"https:\/\/schema.org","@graph":[{"@type":"WebPage","@id":"https:\/\/www.solutions-exchange.fr\/index.php\/nos-solutions\/","url":"https:\/\/www.solutions-exchange.fr\/index.php\/nos-solutions\/","name":"Nos Solutions - Solutions Exchange","isPartOf":{"@id":"https:\/\/www.solutions-exchange.fr\/#website"},"datePublished":"2021-11-05T08:00:34+00:00","dateModified":"2021-11-05T09:15:15+00:00","breadcrumb":{"@id":"https:\/\/www.solutions-exchange.fr\/index.php\/nos-solutions\/#breadcrumb"},"inLanguage":"fr-FR","potentialAction":[{"@type":"ReadAction","target":["https:\/\/www.solutions-exchange.fr\/index.php\/nos-solutions\/"]}]},{"@type":"BreadcrumbList","@id":"https:\/\/www.solutions-exchange.fr\/index.php\/nos-solutions\/#breadcrumb","itemListElement":[{"@type":"ListItem","position":1,"name":"Accueil","item":"https:\/\/www.solutions-exchange.fr\/"},{"@type":"ListItem","position":2,"name":"Nos Solutions"}]},{"@type":"WebSite","@id":"https:\/\/www.solutions-exchange.fr\/#website","url":"https:\/\/www.solutions-exchange.fr\/","name":"Solutions Exchange","description":"","potentialAction":[{"@type":"SearchAction","target":{"@type":"EntryPoint","urlTemplate":"https:\/\/www.solutions-exchange.fr\/?s={search_term_string}"},"query-input":{"@type":"PropertyValueSpecification","valueRequired":true,"valueName":"search_term_string"}}],"inLanguage":"fr-FR"}]}},"uagb_featured_image_src":{"full":false,"thumbnail":false,"medium":false,"medium_large":false,"large":false,"1536x1536":false,"2048x2048":false,"zuperla-eutf-large-rect-horizontal":false,"zuperla-eutf-small-square":false,"zuperla-eutf-small-rect-horizontal":false,"zuperla-eutf-small-rect-vertical":false,"zuperla-eutf-medium-square":false,"zuperla-eutf-medium-rect-horizontal":false,"zuperla-eutf-medium-rect-vertical":false,"zuperla-eutf-fullscreen":false},"uagb_author_info":{"display_name":"admin6583","author_link":"https:\/\/www.solutions-exchange.fr\/index.php\/author\/admin6583\/"},"uagb_comment_info":0,"uagb_excerpt":"[vc_row height_ratio=\u00a0\u00bb40&Prime; rc_bg_type=\u00a0\u00bbimage\u00a0\u00bb rc_bg_image=\u00a0\u00bb191&Prime;][vc_column][vc_column_text] Nos Solutions [\/vc_column_text][\/vc_column][\/vc_row][vc_row][vc_column][\/vc_column][vc_column width=\u00a0\u00bb1\/2&Prime; css=\u00a0\u00bb.vc_custom_1636099991855{border-top-width: 2px !important;border-right-width: 2px !important;border-bottom-width: 2px !important;border-left-width: 2px !important;padding-top: 2px !important;padding-right: 2px !important;padding-bottom: 2px !important;padding-left: 2px !important;border-left-color: #0860a3 !important;border-left-style: solid !important;border-right-color: #0860a3 !important;border-right-style: solid !important;border-top-color: #0860a3 !important;border-top-style: solid !important;border-bottom-color: #0860a3 !important;border-bottom-style: solid !important;border-radius: 2px !important;}\u00a0\u00bb][vc_column_text] SIEM et pr\u00e9vention des menaces informatiques V\u00e9rifier, valider les modifications AD. Mise\u2026","_links":{"self":[{"href":"https:\/\/www.solutions-exchange.fr\/index.php\/wp-json\/wp\/v2\/pages\/1383","targetHints":{"allow":["GET"]}}],"collection":[{"href":"https:\/\/www.solutions-exchange.fr\/index.php\/wp-json\/wp\/v2\/pages"}],"about":[{"href":"https:\/\/www.solutions-exchange.fr\/index.php\/wp-json\/wp\/v2\/types\/page"}],"author":[{"embeddable":true,"href":"https:\/\/www.solutions-exchange.fr\/index.php\/wp-json\/wp\/v2\/users\/1"}],"replies":[{"embeddable":true,"href":"https:\/\/www.solutions-exchange.fr\/index.php\/wp-json\/wp\/v2\/comments?post=1383"}],"version-history":[{"count":14,"href":"https:\/\/www.solutions-exchange.fr\/index.php\/wp-json\/wp\/v2\/pages\/1383\/revisions"}],"predecessor-version":[{"id":1437,"href":"https:\/\/www.solutions-exchange.fr\/index.php\/wp-json\/wp\/v2\/pages\/1383\/revisions\/1437"}],"wp:attachment":[{"href":"https:\/\/www.solutions-exchange.fr\/index.php\/wp-json\/wp\/v2\/media?parent=1383"}],"curies":[{"name":"wp","href":"https:\/\/api.w.org\/{rel}","templated":true}]}}