{"id":1635,"date":"2021-11-10T16:59:32","date_gmt":"2021-11-10T15:59:32","guid":{"rendered":"https:\/\/contact.solutions-exchange.fr\/?page_id=1635"},"modified":"2021-11-10T17:08:12","modified_gmt":"2021-11-10T16:08:12","slug":"video-webinar-securiser-lit-se-mettre-en-conformite-pour-quel-budget-special-experts-comptables","status":"publish","type":"page","link":"https:\/\/www.solutions-exchange.fr\/index.php\/video-webinar-securiser-lit-se-mettre-en-conformite-pour-quel-budget-special-experts-comptables\/","title":{"rendered":"video webinar S\u00e9curiser l&rsquo;IT se mettre en conformit\u00e9 pour quel budget Sp\u00e9cial Experts-Comptables"},"content":{"rendered":"<p>[vc_row height_ratio=\u00a0\u00bb40&Prime; rc_bg_type=\u00a0\u00bbimage\u00a0\u00bb rc_bg_image=\u00a0\u00bb191&Prime;][vc_column]<div class=\"eut-empty-space\" style=\"height: 50px;\"><\/div>[vc_column_text]<\/p>\n<h3 style=\"text-align: center;\"><span style=\"color: #ffffff;\">S\u00e9curiser l&rsquo;IT, se mettre en conformit\u00e9, pour quel budget Sp\u00e9cial Experts-Comptables<\/span><\/h3>\n<p>[\/vc_column_text]<div class=\"eut-empty-space\" style=\"height: 50px;\"><\/div>[\/vc_column][\/vc_row][vc_row][vc_column width=\u00a0\u00bb1\/2&Prime;][vc_column_text]Ce webinar ce d\u00e9veloppe les 3 raisons pour lesquelles nos clients, Cabinets d\u2019Expertise Comptable, ont choisi de s\u00e9curiser leurs syst\u00e8mes d\u2019information, comment ils l\u2019ont fait et pour quel budget.<\/p>\n<p>Agenda<br \/>\n1- Pourquoi l\u2019ont-ils fait<br \/>\n2- Comment l\u2019ont-ils fait<br \/>\n3- Pour quel budget[\/vc_column_text]<div class=\"eut-empty-space\" style=\"height: 32px;\"><\/div>[\/vc_column][vc_column width=\u00a0\u00bb1\/2&Prime;]<div class=\"eut-empty-space\" style=\"height: 32px;\"><\/div><div class=\"eut-element eut-video\" style=\"\"><iframe loading=\"lazy\" title=\"Sp\u00e9cial Experts Comptables   S\u00e9curiser, se mettre en conformit\u00e9, pour quel budget  mardi 22 octobre\" width=\"1080\" height=\"608\" src=\"https:\/\/www.youtube.com\/embed\/2SMzQ5Vt8x8?feature=oembed\" frameborder=\"0\" allow=\"accelerometer; autoplay; clipboard-write; encrypted-media; gyroscope; picture-in-picture\" allowfullscreen><\/iframe><\/div>[\/vc_column][\/vc_row][vc_row][vc_column]<div class=\"eut-empty-space\" style=\"height: 50px;\"><\/div>[\/vc_column][\/vc_row]<\/p>\n","protected":false},"excerpt":{"rendered":"<p>[vc_row height_ratio=\u00a0\u00bb40&Prime; rc_bg_type=\u00a0\u00bbimage\u00a0\u00bb rc_bg_image=\u00a0\u00bb191&Prime;][vc_column][vc_column_text] S\u00e9curiser l&rsquo;IT, se mettre en conformit\u00e9, pour quel budget Sp\u00e9cial Experts-Comptables [\/vc_column_text][\/vc_column][\/vc_row][vc_row][vc_column width=\u00a0\u00bb1\/2&Prime;][vc_column_text]Ce webinar ce d\u00e9veloppe les 3 raisons pour lesquelles nos clients, Cabinets d\u2019Expertise Comptable, ont choisi de s\u00e9curiser leurs syst\u00e8mes d\u2019information, comment ils l\u2019ont fait et pour quel budget. Agenda 1- Pourquoi l\u2019ont-ils fait 2- Comment l\u2019ont-ils fait 3- [&hellip;]<\/p>\n","protected":false},"author":1,"featured_media":0,"parent":0,"menu_order":0,"comment_status":"closed","ping_status":"closed","template":"","meta":{"_uag_custom_page_level_css":"","footnotes":""},"class_list":["post-1635","page","type-page","status-publish","hentry"],"yoast_head":"<!-- This site is optimized with the Yoast SEO plugin v27.3 - https:\/\/yoast.com\/product\/yoast-seo-wordpress\/ -->\n<title>video webinar S\u00e9curiser l&#039;IT se mettre en conformit\u00e9 pour quel budget Sp\u00e9cial Experts-Comptables - Solutions Exchange<\/title>\n<meta name=\"robots\" content=\"index, follow, max-snippet:-1, max-image-preview:large, max-video-preview:-1\" \/>\n<link rel=\"canonical\" href=\"https:\/\/www.solutions-exchange.fr\/index.php\/video-webinar-securiser-lit-se-mettre-en-conformite-pour-quel-budget-special-experts-comptables\/\" \/>\n<meta property=\"og:locale\" content=\"fr_FR\" \/>\n<meta property=\"og:type\" content=\"article\" \/>\n<meta property=\"og:title\" content=\"video webinar S\u00e9curiser l&#039;IT se mettre en conformit\u00e9 pour quel budget Sp\u00e9cial Experts-Comptables - Solutions Exchange\" \/>\n<meta property=\"og:description\" content=\"[vc_row height_ratio=\u00a0\u00bb40&Prime; rc_bg_type=\u00a0\u00bbimage\u00a0\u00bb rc_bg_image=\u00a0\u00bb191&Prime;][vc_column][vc_column_text] S\u00e9curiser l&rsquo;IT, se mettre en conformit\u00e9, pour quel budget Sp\u00e9cial Experts-Comptables [\/vc_column_text][\/vc_column][\/vc_row][vc_row][vc_column width=\u00a0\u00bb1\/2&Prime;][vc_column_text]Ce webinar ce d\u00e9veloppe les 3 raisons pour lesquelles nos clients, Cabinets d\u2019Expertise Comptable, ont choisi de s\u00e9curiser leurs syst\u00e8mes d\u2019information, comment ils l\u2019ont fait et pour quel budget. Agenda 1- Pourquoi l\u2019ont-ils fait 2- Comment l\u2019ont-ils fait 3- [&hellip;]\" \/>\n<meta property=\"og:url\" content=\"https:\/\/www.solutions-exchange.fr\/index.php\/video-webinar-securiser-lit-se-mettre-en-conformite-pour-quel-budget-special-experts-comptables\/\" \/>\n<meta property=\"og:site_name\" content=\"Solutions Exchange\" \/>\n<meta property=\"article:modified_time\" content=\"2021-11-10T16:08:12+00:00\" \/>\n<meta name=\"twitter:card\" content=\"summary_large_image\" \/>\n<meta name=\"twitter:label1\" content=\"Dur\u00e9e de lecture estim\u00e9e\" \/>\n\t<meta name=\"twitter:data1\" content=\"1 minute\" \/>\n<script type=\"application\/ld+json\" class=\"yoast-schema-graph\">{\"@context\":\"https:\\\/\\\/schema.org\",\"@graph\":[{\"@type\":\"WebPage\",\"@id\":\"https:\\\/\\\/www.solutions-exchange.fr\\\/index.php\\\/video-webinar-securiser-lit-se-mettre-en-conformite-pour-quel-budget-special-experts-comptables\\\/\",\"url\":\"https:\\\/\\\/www.solutions-exchange.fr\\\/index.php\\\/video-webinar-securiser-lit-se-mettre-en-conformite-pour-quel-budget-special-experts-comptables\\\/\",\"name\":\"video webinar S\u00e9curiser l'IT se mettre en conformit\u00e9 pour quel budget Sp\u00e9cial Experts-Comptables - Solutions Exchange\",\"isPartOf\":{\"@id\":\"https:\\\/\\\/www.solutions-exchange.fr\\\/#website\"},\"datePublished\":\"2021-11-10T15:59:32+00:00\",\"dateModified\":\"2021-11-10T16:08:12+00:00\",\"breadcrumb\":{\"@id\":\"https:\\\/\\\/www.solutions-exchange.fr\\\/index.php\\\/video-webinar-securiser-lit-se-mettre-en-conformite-pour-quel-budget-special-experts-comptables\\\/#breadcrumb\"},\"inLanguage\":\"fr-FR\",\"potentialAction\":[{\"@type\":\"ReadAction\",\"target\":[\"https:\\\/\\\/www.solutions-exchange.fr\\\/index.php\\\/video-webinar-securiser-lit-se-mettre-en-conformite-pour-quel-budget-special-experts-comptables\\\/\"]}]},{\"@type\":\"BreadcrumbList\",\"@id\":\"https:\\\/\\\/www.solutions-exchange.fr\\\/index.php\\\/video-webinar-securiser-lit-se-mettre-en-conformite-pour-quel-budget-special-experts-comptables\\\/#breadcrumb\",\"itemListElement\":[{\"@type\":\"ListItem\",\"position\":1,\"name\":\"Accueil\",\"item\":\"https:\\\/\\\/www.solutions-exchange.fr\\\/\"},{\"@type\":\"ListItem\",\"position\":2,\"name\":\"video webinar S\u00e9curiser l&rsquo;IT se mettre en conformit\u00e9 pour quel budget Sp\u00e9cial Experts-Comptables\"}]},{\"@type\":\"WebSite\",\"@id\":\"https:\\\/\\\/www.solutions-exchange.fr\\\/#website\",\"url\":\"https:\\\/\\\/www.solutions-exchange.fr\\\/\",\"name\":\"Solutions Exchange\",\"description\":\"\",\"potentialAction\":[{\"@type\":\"SearchAction\",\"target\":{\"@type\":\"EntryPoint\",\"urlTemplate\":\"https:\\\/\\\/www.solutions-exchange.fr\\\/?s={search_term_string}\"},\"query-input\":{\"@type\":\"PropertyValueSpecification\",\"valueRequired\":true,\"valueName\":\"search_term_string\"}}],\"inLanguage\":\"fr-FR\"}]}<\/script>\n<!-- \/ Yoast SEO plugin. -->","yoast_head_json":{"title":"video webinar S\u00e9curiser l'IT se mettre en conformit\u00e9 pour quel budget Sp\u00e9cial Experts-Comptables - Solutions Exchange","robots":{"index":"index","follow":"follow","max-snippet":"max-snippet:-1","max-image-preview":"max-image-preview:large","max-video-preview":"max-video-preview:-1"},"canonical":"https:\/\/www.solutions-exchange.fr\/index.php\/video-webinar-securiser-lit-se-mettre-en-conformite-pour-quel-budget-special-experts-comptables\/","og_locale":"fr_FR","og_type":"article","og_title":"video webinar S\u00e9curiser l'IT se mettre en conformit\u00e9 pour quel budget Sp\u00e9cial Experts-Comptables - Solutions Exchange","og_description":"[vc_row height_ratio=\u00a0\u00bb40&Prime; rc_bg_type=\u00a0\u00bbimage\u00a0\u00bb rc_bg_image=\u00a0\u00bb191&Prime;][vc_column][vc_column_text] S\u00e9curiser l&rsquo;IT, se mettre en conformit\u00e9, pour quel budget Sp\u00e9cial Experts-Comptables [\/vc_column_text][\/vc_column][\/vc_row][vc_row][vc_column width=\u00a0\u00bb1\/2&Prime;][vc_column_text]Ce webinar ce d\u00e9veloppe les 3 raisons pour lesquelles nos clients, Cabinets d\u2019Expertise Comptable, ont choisi de s\u00e9curiser leurs syst\u00e8mes d\u2019information, comment ils l\u2019ont fait et pour quel budget. Agenda 1- Pourquoi l\u2019ont-ils fait 2- Comment l\u2019ont-ils fait 3- [&hellip;]","og_url":"https:\/\/www.solutions-exchange.fr\/index.php\/video-webinar-securiser-lit-se-mettre-en-conformite-pour-quel-budget-special-experts-comptables\/","og_site_name":"Solutions Exchange","article_modified_time":"2021-11-10T16:08:12+00:00","twitter_card":"summary_large_image","twitter_misc":{"Dur\u00e9e de lecture estim\u00e9e":"1 minute"},"schema":{"@context":"https:\/\/schema.org","@graph":[{"@type":"WebPage","@id":"https:\/\/www.solutions-exchange.fr\/index.php\/video-webinar-securiser-lit-se-mettre-en-conformite-pour-quel-budget-special-experts-comptables\/","url":"https:\/\/www.solutions-exchange.fr\/index.php\/video-webinar-securiser-lit-se-mettre-en-conformite-pour-quel-budget-special-experts-comptables\/","name":"video webinar S\u00e9curiser l'IT se mettre en conformit\u00e9 pour quel budget Sp\u00e9cial Experts-Comptables - Solutions Exchange","isPartOf":{"@id":"https:\/\/www.solutions-exchange.fr\/#website"},"datePublished":"2021-11-10T15:59:32+00:00","dateModified":"2021-11-10T16:08:12+00:00","breadcrumb":{"@id":"https:\/\/www.solutions-exchange.fr\/index.php\/video-webinar-securiser-lit-se-mettre-en-conformite-pour-quel-budget-special-experts-comptables\/#breadcrumb"},"inLanguage":"fr-FR","potentialAction":[{"@type":"ReadAction","target":["https:\/\/www.solutions-exchange.fr\/index.php\/video-webinar-securiser-lit-se-mettre-en-conformite-pour-quel-budget-special-experts-comptables\/"]}]},{"@type":"BreadcrumbList","@id":"https:\/\/www.solutions-exchange.fr\/index.php\/video-webinar-securiser-lit-se-mettre-en-conformite-pour-quel-budget-special-experts-comptables\/#breadcrumb","itemListElement":[{"@type":"ListItem","position":1,"name":"Accueil","item":"https:\/\/www.solutions-exchange.fr\/"},{"@type":"ListItem","position":2,"name":"video webinar S\u00e9curiser l&rsquo;IT se mettre en conformit\u00e9 pour quel budget Sp\u00e9cial Experts-Comptables"}]},{"@type":"WebSite","@id":"https:\/\/www.solutions-exchange.fr\/#website","url":"https:\/\/www.solutions-exchange.fr\/","name":"Solutions Exchange","description":"","potentialAction":[{"@type":"SearchAction","target":{"@type":"EntryPoint","urlTemplate":"https:\/\/www.solutions-exchange.fr\/?s={search_term_string}"},"query-input":{"@type":"PropertyValueSpecification","valueRequired":true,"valueName":"search_term_string"}}],"inLanguage":"fr-FR"}]}},"uagb_featured_image_src":{"full":false,"thumbnail":false,"medium":false,"medium_large":false,"large":false,"1536x1536":false,"2048x2048":false,"zuperla-eutf-large-rect-horizontal":false,"zuperla-eutf-small-square":false,"zuperla-eutf-small-rect-horizontal":false,"zuperla-eutf-small-rect-vertical":false,"zuperla-eutf-medium-square":false,"zuperla-eutf-medium-rect-horizontal":false,"zuperla-eutf-medium-rect-vertical":false,"zuperla-eutf-fullscreen":false},"uagb_author_info":{"display_name":"admin6583","author_link":"https:\/\/www.solutions-exchange.fr\/index.php\/author\/admin6583\/"},"uagb_comment_info":0,"uagb_excerpt":"[vc_row height_ratio=\u00a0\u00bb40&Prime; rc_bg_type=\u00a0\u00bbimage\u00a0\u00bb rc_bg_image=\u00a0\u00bb191&Prime;][vc_column][vc_column_text] S\u00e9curiser l&rsquo;IT, se mettre en conformit\u00e9, pour quel budget Sp\u00e9cial Experts-Comptables [\/vc_column_text][\/vc_column][\/vc_row][vc_row][vc_column width=\u00a0\u00bb1\/2&Prime;][vc_column_text]Ce webinar ce d\u00e9veloppe les 3 raisons pour lesquelles nos clients, Cabinets d\u2019Expertise Comptable, ont choisi de s\u00e9curiser leurs syst\u00e8mes d\u2019information, comment ils l\u2019ont fait et pour quel budget. Agenda 1- Pourquoi l\u2019ont-ils fait 2- Comment l\u2019ont-ils fait 3-\u2026","_links":{"self":[{"href":"https:\/\/www.solutions-exchange.fr\/index.php\/wp-json\/wp\/v2\/pages\/1635","targetHints":{"allow":["GET"]}}],"collection":[{"href":"https:\/\/www.solutions-exchange.fr\/index.php\/wp-json\/wp\/v2\/pages"}],"about":[{"href":"https:\/\/www.solutions-exchange.fr\/index.php\/wp-json\/wp\/v2\/types\/page"}],"author":[{"embeddable":true,"href":"https:\/\/www.solutions-exchange.fr\/index.php\/wp-json\/wp\/v2\/users\/1"}],"replies":[{"embeddable":true,"href":"https:\/\/www.solutions-exchange.fr\/index.php\/wp-json\/wp\/v2\/comments?post=1635"}],"version-history":[{"count":3,"href":"https:\/\/www.solutions-exchange.fr\/index.php\/wp-json\/wp\/v2\/pages\/1635\/revisions"}],"predecessor-version":[{"id":1646,"href":"https:\/\/www.solutions-exchange.fr\/index.php\/wp-json\/wp\/v2\/pages\/1635\/revisions\/1646"}],"wp:attachment":[{"href":"https:\/\/www.solutions-exchange.fr\/index.php\/wp-json\/wp\/v2\/media?parent=1635"}],"curies":[{"name":"wp","href":"https:\/\/api.w.org\/{rel}","templated":true}]}}