{"id":2520,"date":"2022-09-20T16:05:42","date_gmt":"2022-09-20T14:05:42","guid":{"rendered":"https:\/\/www.solutions-exchange.fr\/?page_id=2520"},"modified":"2022-09-20T16:46:30","modified_gmt":"2022-09-20T14:46:30","slug":"video-webinar-comment-exploiter-au-mieux-un-environnement-hybride-au-meilleur-cout","status":"publish","type":"page","link":"https:\/\/www.solutions-exchange.fr\/index.php\/video-webinar-comment-exploiter-au-mieux-un-environnement-hybride-au-meilleur-cout\/","title":{"rendered":"video webinar comment exploiter au mieux un environnement hybride au meilleur co\u00fbt"},"content":{"rendered":"<p>[vc_row height_ratio=\u00a0\u00bb40&Prime; rc_bg_type=\u00a0\u00bbimage\u00a0\u00bb rc_bg_image=\u00a0\u00bb191&Prime;][vc_column]<div class=\"eut-empty-space\" style=\"height: 50px;\"><\/div>[vc_column_text]<\/p>\n<h3 style=\"text-align: left;\"><span style=\"color: #ffffff;\">Comment exploiter au mieux un environnement hybride au meilleur co\u00fbt<\/span><\/h3>\n<p>[\/vc_column_text]<div class=\"eut-empty-space\" style=\"height: 50px;\"><\/div>[\/vc_column][\/vc_row][vc_row][vc_column width=\u00a0\u00bb1\/2&Prime;][vc_column_text]L\u2019environnement hybride est notre r\u00e9alit\u00e9 quotidienne avec tout le positif de l\u2019\u00e9volution vers le Cloud mais aussi avec les contraintes, la complexit\u00e9 de la gestion de ces environnements et les risques associ\u00e9s.<\/p>\n<p>Notre partenaire \u00e9diteur, ManageEngine, a d\u00e9velopp\u00e9 une solution qui orchestre tous les param\u00e8tres de l\u2019hybride, qui simplifie l\u2019hybride et s\u00e9curise l\u2019hybride.<\/p>\n<p>Au cours de ce webinaire, nous allons vous d\u00e9montrer cette solution qui :<\/p>\n<p>1. Centralise sur une m\u00eame interface l\u2019administration des diff\u00e9rents environnements<br \/>\n2. Permet une gestion de ces environnements diff\u00e9rents comme s\u2019ils n\u2019\u00e9taient qu\u2019un seul<br \/>\n3. Vous donne les moyens de pousser la s\u00e9curit\u00e9 de votre IT au maximum[\/vc_column_text]<div class=\"eut-empty-space\" style=\"height: 32px;\"><\/div>[\/vc_column][vc_column width=\u00a0\u00bb1\/2&Prime;]<div class=\"eut-empty-space\" style=\"height: 32px;\"><\/div><div class=\"eut-element eut-video\" style=\"\"><iframe loading=\"lazy\" title=\"Comment exploiter au mieux un environnement hybride au meilleur co\u00fbt\" width=\"1080\" height=\"608\" src=\"https:\/\/www.youtube.com\/embed\/4v9NkwWU2Pw?feature=oembed\" frameborder=\"0\" allow=\"accelerometer; autoplay; clipboard-write; encrypted-media; gyroscope; picture-in-picture\" allowfullscreen><\/iframe><\/div>[\/vc_column][\/vc_row][vc_row][vc_column]<div class=\"eut-empty-space\" style=\"height: 50px;\"><\/div>[\/vc_column][\/vc_row]<\/p>\n","protected":false},"excerpt":{"rendered":"<p>[vc_row height_ratio=\u00a0\u00bb40&Prime; rc_bg_type=\u00a0\u00bbimage\u00a0\u00bb rc_bg_image=\u00a0\u00bb191&Prime;][vc_column][vc_column_text] Comment exploiter au mieux un environnement hybride au meilleur co\u00fbt [\/vc_column_text][\/vc_column][\/vc_row][vc_row][vc_column width=\u00a0\u00bb1\/2&Prime;][vc_column_text]L\u2019environnement hybride est notre r\u00e9alit\u00e9 quotidienne avec tout le positif de l\u2019\u00e9volution vers le Cloud mais aussi avec les contraintes, la complexit\u00e9 de la gestion de ces environnements et les risques associ\u00e9s. Notre partenaire \u00e9diteur, ManageEngine, a d\u00e9velopp\u00e9 une solution [&hellip;]<\/p>\n","protected":false},"author":1,"featured_media":0,"parent":0,"menu_order":0,"comment_status":"closed","ping_status":"closed","template":"","meta":{"_uag_custom_page_level_css":"","footnotes":""},"class_list":["post-2520","page","type-page","status-publish","hentry"],"yoast_head":"<!-- This site is optimized with the Yoast SEO plugin v27.5 - https:\/\/yoast.com\/product\/yoast-seo-wordpress\/ -->\n<title>video webinar comment exploiter au mieux un environnement hybride au meilleur co\u00fbt - Solutions Exchange<\/title>\n<meta name=\"robots\" content=\"index, follow, max-snippet:-1, max-image-preview:large, max-video-preview:-1\" \/>\n<link rel=\"canonical\" href=\"https:\/\/www.solutions-exchange.fr\/index.php\/video-webinar-comment-exploiter-au-mieux-un-environnement-hybride-au-meilleur-cout\/\" \/>\n<meta property=\"og:locale\" content=\"fr_FR\" \/>\n<meta property=\"og:type\" content=\"article\" \/>\n<meta property=\"og:title\" content=\"video webinar comment exploiter au mieux un environnement hybride au meilleur co\u00fbt - Solutions Exchange\" \/>\n<meta property=\"og:description\" content=\"[vc_row height_ratio=\u00a0\u00bb40&Prime; rc_bg_type=\u00a0\u00bbimage\u00a0\u00bb rc_bg_image=\u00a0\u00bb191&Prime;][vc_column][vc_column_text] Comment exploiter au mieux un environnement hybride au meilleur co\u00fbt [\/vc_column_text][\/vc_column][\/vc_row][vc_row][vc_column width=\u00a0\u00bb1\/2&Prime;][vc_column_text]L\u2019environnement hybride est notre r\u00e9alit\u00e9 quotidienne avec tout le positif de l\u2019\u00e9volution vers le Cloud mais aussi avec les contraintes, la complexit\u00e9 de la gestion de ces environnements et les risques associ\u00e9s. Notre partenaire \u00e9diteur, ManageEngine, a d\u00e9velopp\u00e9 une solution [&hellip;]\" \/>\n<meta property=\"og:url\" content=\"https:\/\/www.solutions-exchange.fr\/index.php\/video-webinar-comment-exploiter-au-mieux-un-environnement-hybride-au-meilleur-cout\/\" \/>\n<meta property=\"og:site_name\" content=\"Solutions Exchange\" \/>\n<meta property=\"article:modified_time\" content=\"2022-09-20T14:46:30+00:00\" \/>\n<meta name=\"twitter:card\" content=\"summary_large_image\" \/>\n<meta name=\"twitter:label1\" content=\"Dur\u00e9e de lecture estim\u00e9e\" \/>\n\t<meta name=\"twitter:data1\" content=\"1 minute\" \/>\n<script type=\"application\/ld+json\" class=\"yoast-schema-graph\">{\"@context\":\"https:\\\/\\\/schema.org\",\"@graph\":[{\"@type\":\"WebPage\",\"@id\":\"https:\\\/\\\/www.solutions-exchange.fr\\\/index.php\\\/video-webinar-comment-exploiter-au-mieux-un-environnement-hybride-au-meilleur-cout\\\/\",\"url\":\"https:\\\/\\\/www.solutions-exchange.fr\\\/index.php\\\/video-webinar-comment-exploiter-au-mieux-un-environnement-hybride-au-meilleur-cout\\\/\",\"name\":\"video webinar comment exploiter au mieux un environnement hybride au meilleur co\u00fbt - Solutions Exchange\",\"isPartOf\":{\"@id\":\"https:\\\/\\\/www.solutions-exchange.fr\\\/#website\"},\"datePublished\":\"2022-09-20T14:05:42+00:00\",\"dateModified\":\"2022-09-20T14:46:30+00:00\",\"breadcrumb\":{\"@id\":\"https:\\\/\\\/www.solutions-exchange.fr\\\/index.php\\\/video-webinar-comment-exploiter-au-mieux-un-environnement-hybride-au-meilleur-cout\\\/#breadcrumb\"},\"inLanguage\":\"fr-FR\",\"potentialAction\":[{\"@type\":\"ReadAction\",\"target\":[\"https:\\\/\\\/www.solutions-exchange.fr\\\/index.php\\\/video-webinar-comment-exploiter-au-mieux-un-environnement-hybride-au-meilleur-cout\\\/\"]}]},{\"@type\":\"BreadcrumbList\",\"@id\":\"https:\\\/\\\/www.solutions-exchange.fr\\\/index.php\\\/video-webinar-comment-exploiter-au-mieux-un-environnement-hybride-au-meilleur-cout\\\/#breadcrumb\",\"itemListElement\":[{\"@type\":\"ListItem\",\"position\":1,\"name\":\"Accueil\",\"item\":\"https:\\\/\\\/www.solutions-exchange.fr\\\/\"},{\"@type\":\"ListItem\",\"position\":2,\"name\":\"video webinar comment exploiter au mieux un environnement hybride au meilleur co\u00fbt\"}]},{\"@type\":\"WebSite\",\"@id\":\"https:\\\/\\\/www.solutions-exchange.fr\\\/#website\",\"url\":\"https:\\\/\\\/www.solutions-exchange.fr\\\/\",\"name\":\"Solutions Exchange\",\"description\":\"\",\"potentialAction\":[{\"@type\":\"SearchAction\",\"target\":{\"@type\":\"EntryPoint\",\"urlTemplate\":\"https:\\\/\\\/www.solutions-exchange.fr\\\/?s={search_term_string}\"},\"query-input\":{\"@type\":\"PropertyValueSpecification\",\"valueRequired\":true,\"valueName\":\"search_term_string\"}}],\"inLanguage\":\"fr-FR\"}]}<\/script>\n<!-- \/ Yoast SEO plugin. -->","yoast_head_json":{"title":"video webinar comment exploiter au mieux un environnement hybride au meilleur co\u00fbt - Solutions Exchange","robots":{"index":"index","follow":"follow","max-snippet":"max-snippet:-1","max-image-preview":"max-image-preview:large","max-video-preview":"max-video-preview:-1"},"canonical":"https:\/\/www.solutions-exchange.fr\/index.php\/video-webinar-comment-exploiter-au-mieux-un-environnement-hybride-au-meilleur-cout\/","og_locale":"fr_FR","og_type":"article","og_title":"video webinar comment exploiter au mieux un environnement hybride au meilleur co\u00fbt - Solutions Exchange","og_description":"[vc_row height_ratio=\u00a0\u00bb40&Prime; rc_bg_type=\u00a0\u00bbimage\u00a0\u00bb rc_bg_image=\u00a0\u00bb191&Prime;][vc_column][vc_column_text] Comment exploiter au mieux un environnement hybride au meilleur co\u00fbt [\/vc_column_text][\/vc_column][\/vc_row][vc_row][vc_column width=\u00a0\u00bb1\/2&Prime;][vc_column_text]L\u2019environnement hybride est notre r\u00e9alit\u00e9 quotidienne avec tout le positif de l\u2019\u00e9volution vers le Cloud mais aussi avec les contraintes, la complexit\u00e9 de la gestion de ces environnements et les risques associ\u00e9s. Notre partenaire \u00e9diteur, ManageEngine, a d\u00e9velopp\u00e9 une solution [&hellip;]","og_url":"https:\/\/www.solutions-exchange.fr\/index.php\/video-webinar-comment-exploiter-au-mieux-un-environnement-hybride-au-meilleur-cout\/","og_site_name":"Solutions Exchange","article_modified_time":"2022-09-20T14:46:30+00:00","twitter_card":"summary_large_image","twitter_misc":{"Dur\u00e9e de lecture estim\u00e9e":"1 minute"},"schema":{"@context":"https:\/\/schema.org","@graph":[{"@type":"WebPage","@id":"https:\/\/www.solutions-exchange.fr\/index.php\/video-webinar-comment-exploiter-au-mieux-un-environnement-hybride-au-meilleur-cout\/","url":"https:\/\/www.solutions-exchange.fr\/index.php\/video-webinar-comment-exploiter-au-mieux-un-environnement-hybride-au-meilleur-cout\/","name":"video webinar comment exploiter au mieux un environnement hybride au meilleur co\u00fbt - Solutions Exchange","isPartOf":{"@id":"https:\/\/www.solutions-exchange.fr\/#website"},"datePublished":"2022-09-20T14:05:42+00:00","dateModified":"2022-09-20T14:46:30+00:00","breadcrumb":{"@id":"https:\/\/www.solutions-exchange.fr\/index.php\/video-webinar-comment-exploiter-au-mieux-un-environnement-hybride-au-meilleur-cout\/#breadcrumb"},"inLanguage":"fr-FR","potentialAction":[{"@type":"ReadAction","target":["https:\/\/www.solutions-exchange.fr\/index.php\/video-webinar-comment-exploiter-au-mieux-un-environnement-hybride-au-meilleur-cout\/"]}]},{"@type":"BreadcrumbList","@id":"https:\/\/www.solutions-exchange.fr\/index.php\/video-webinar-comment-exploiter-au-mieux-un-environnement-hybride-au-meilleur-cout\/#breadcrumb","itemListElement":[{"@type":"ListItem","position":1,"name":"Accueil","item":"https:\/\/www.solutions-exchange.fr\/"},{"@type":"ListItem","position":2,"name":"video webinar comment exploiter au mieux un environnement hybride au meilleur co\u00fbt"}]},{"@type":"WebSite","@id":"https:\/\/www.solutions-exchange.fr\/#website","url":"https:\/\/www.solutions-exchange.fr\/","name":"Solutions Exchange","description":"","potentialAction":[{"@type":"SearchAction","target":{"@type":"EntryPoint","urlTemplate":"https:\/\/www.solutions-exchange.fr\/?s={search_term_string}"},"query-input":{"@type":"PropertyValueSpecification","valueRequired":true,"valueName":"search_term_string"}}],"inLanguage":"fr-FR"}]}},"uagb_featured_image_src":{"full":false,"thumbnail":false,"medium":false,"medium_large":false,"large":false,"1536x1536":false,"2048x2048":false,"zuperla-eutf-large-rect-horizontal":false,"zuperla-eutf-small-square":false,"zuperla-eutf-small-rect-horizontal":false,"zuperla-eutf-small-rect-vertical":false,"zuperla-eutf-medium-square":false,"zuperla-eutf-medium-rect-horizontal":false,"zuperla-eutf-medium-rect-vertical":false,"zuperla-eutf-fullscreen":false},"uagb_author_info":{"display_name":"admin6583","author_link":"https:\/\/www.solutions-exchange.fr\/index.php\/author\/admin6583\/"},"uagb_comment_info":0,"uagb_excerpt":"[vc_row height_ratio=\u00a0\u00bb40&Prime; rc_bg_type=\u00a0\u00bbimage\u00a0\u00bb rc_bg_image=\u00a0\u00bb191&Prime;][vc_column][vc_column_text] Comment exploiter au mieux un environnement hybride au meilleur co\u00fbt [\/vc_column_text][\/vc_column][\/vc_row][vc_row][vc_column width=\u00a0\u00bb1\/2&Prime;][vc_column_text]L\u2019environnement hybride est notre r\u00e9alit\u00e9 quotidienne avec tout le positif de l\u2019\u00e9volution vers le Cloud mais aussi avec les contraintes, la complexit\u00e9 de la gestion de ces environnements et les risques associ\u00e9s. Notre partenaire \u00e9diteur, ManageEngine, a d\u00e9velopp\u00e9 une solution\u2026","_links":{"self":[{"href":"https:\/\/www.solutions-exchange.fr\/index.php\/wp-json\/wp\/v2\/pages\/2520","targetHints":{"allow":["GET"]}}],"collection":[{"href":"https:\/\/www.solutions-exchange.fr\/index.php\/wp-json\/wp\/v2\/pages"}],"about":[{"href":"https:\/\/www.solutions-exchange.fr\/index.php\/wp-json\/wp\/v2\/types\/page"}],"author":[{"embeddable":true,"href":"https:\/\/www.solutions-exchange.fr\/index.php\/wp-json\/wp\/v2\/users\/1"}],"replies":[{"embeddable":true,"href":"https:\/\/www.solutions-exchange.fr\/index.php\/wp-json\/wp\/v2\/comments?post=2520"}],"version-history":[{"count":5,"href":"https:\/\/www.solutions-exchange.fr\/index.php\/wp-json\/wp\/v2\/pages\/2520\/revisions"}],"predecessor-version":[{"id":2542,"href":"https:\/\/www.solutions-exchange.fr\/index.php\/wp-json\/wp\/v2\/pages\/2520\/revisions\/2542"}],"wp:attachment":[{"href":"https:\/\/www.solutions-exchange.fr\/index.php\/wp-json\/wp\/v2\/media?parent=2520"}],"curies":[{"name":"wp","href":"https:\/\/api.w.org\/{rel}","templated":true}]}}