{"id":254,"date":"2021-08-06T09:54:22","date_gmt":"2021-08-06T07:54:22","guid":{"rendered":"https:\/\/contact.solutions-exchange.fr\/?page_id=254"},"modified":"2021-11-09T17:37:45","modified_gmt":"2021-11-09T16:37:45","slug":"manageengine","status":"publish","type":"page","link":"https:\/\/www.solutions-exchange.fr\/index.php\/manageengine\/","title":{"rendered":"ManageEngine"},"content":{"rendered":"<p>[vc_row height_ratio=\u00a0\u00bb40&Prime; rc_bg_type=\u00a0\u00bbimage\u00a0\u00bb rc_bg_image=\u00a0\u00bb1544&Prime;][vc_column]<div class=\"eut-empty-space\" style=\"height: 32px;\"><\/div>[vc_column_text]<\/p>\n<h5 style=\"text-align: center;\"><span style=\"color: #ffffff;\">L&rsquo;informatique unifi\u00e9e et s\u00e9curis\u00e9e pour tout l&rsquo;Entreprise<\/span><\/h5>\n<p>[\/vc_column_text]<div class=\"eut-empty-space\" style=\"height: 80px;\"><\/div>[vc_column_text]<\/p>\n<h4 style=\"text-align: right;\"><span style=\"color: #ffffff;\">Solutions Exchange et ManageEngine<\/span><\/h4>\n<p>[\/vc_column_text][\/vc_column][\/vc_row][vc_row rc_font_color=\u00a0\u00bb#ffffff\u00a0\u00bb][vc_column]<div class=\"eut-empty-space\" style=\"height: 50px;\"><\/div>[vc_column_text]<\/p>\n<p style=\"text-align: center;\"><span style=\"color: #000000;\">Solutions Exchange a choisi Manage Engine pour vous offrir les meilleures solutions de gestion et s\u00e9curit\u00e9 informatique pour tous vos besoins m\u00e9tier.<img loading=\"lazy\" decoding=\"async\" src=\"https:\/\/secure.adnxs.com\/seg?add=26972641&amp;t=2\" width=\"1\" height=\"1\" \/><\/span><br \/>\n<!-- End of Segment Pixel --><\/p>\n<p>[\/vc_column_text]<div class=\"eut-empty-space\" style=\"height: 50px;\"><\/div>[\/vc_column][\/vc_row][vc_row rc_bg_type=\u00a0\u00bbcolor\u00a0\u00bb rc_bg_color=\u00a0\u00bb#0860a3&Prime; rc_font_color=\u00a0\u00bb#ffffff\u00a0\u00bb][vc_column]<div class=\"eut-empty-space\" style=\"height: 50px;\"><\/div>[\/vc_column][vc_column][vc_column_text]<\/p>\n<h3 style=\"text-align: center;\"><span class=\"white-text\" style=\"color: #ffffff;\">L\u2019Informatique unifi\u00e9e et s\u00e9curis\u00e9e pour toute l\u2019Entreprise<\/span><\/h3>\n<p>[\/vc_column_text][\/vc_column][vc_column width=\u00a0\u00bb1\/2&Prime;]<div class=\"eut-empty-space\" style=\"height: 50px;\"><\/div><div class=\"eut-element eut-single-icon eut-align-center eut-medium\" style=\"\">  <div class=\"eut-wrapper-icon eut-no-shape eut-text-grey\"><i class=\"fas fa-globe eut-text-primary-6\"><\/i><\/div><\/div>[vc_column_text]<\/p>\n<h4 style=\"text-align: center;\"><span style=\"color: #ffffff;\"><a style=\"color: #ffffff;\" href=\"http:\/\/manageengine.solutions-exchange.fr\/index.php\/nos-solutions\/ad360\/\"><span class=\"white-text\">Gestion identitaire<\/span><\/a><\/span><\/h4>\n<p style=\"text-align: center;\"><span class=\"white-text\" style=\"color: #ffffff;\">Automatisation des t\u00e2ches courantes de gestion des identit\u00e9s et des acc\u00e8s comme le provisionnement\/d\u00e9provisionnement des comptes utilisateurs et d\u2019autres objets sur votre AD et vos plateformes Cloud.<\/span><\/p>\n<p>[\/vc_column_text]<div class=\"eut-empty-space\" style=\"height: 50px;\"><\/div><div class=\"eut-element eut-align-center\"><a href=\"http:\/\/manageengine.solutions-exchange.fr\/index.php\/nos-solutions\/ad360\/\" target=\"_blank\" class=\"eut-btn eut-btn-medium eut-round eut-bg-white eut-bg-hover-primary-6 eut-btn-line\"><span>En savoir plus<\/span><\/a><\/div><div class=\"eut-empty-space\" style=\"height: 50px;\"><\/div>[\/vc_column][vc_column width=\u00a0\u00bb1\/2&Prime;]<div class=\"eut-empty-space\" style=\"height: 50px;\"><\/div><div class=\"eut-element eut-single-icon eut-align-center eut-medium\" style=\"\">  <div class=\"eut-wrapper-icon eut-no-shape eut-text-grey\"><i class=\"fas fa-globe eut-text-primary-6\"><\/i><\/div><\/div>[vc_column_text]<\/p>\n<h4 style=\"text-align: center;\"><span style=\"color: #ffffff;\"><a style=\"color: #ffffff;\" href=\"http:\/\/manageengine.solutions-exchange.fr\/index.php\/nos-solutions\/log360\/\"><span class=\"white-text\">Solution SIEM compl\u00e8te<\/span><\/a><\/span><\/h4>\n<p style=\"text-align: center;\"><span style=\"color: #ffffff;\"><span class=\"white-text\">Solution globale pour tous vos besoins de gestion des journaux d\u2019\u00e9v\u00e9nements, de\u00a0s\u00e9curit\u00e9 r\u00e9seau, de corr\u00e9lations de logs et d&rsquo;alertes afin de vous prot\u00e9ger contre\u00a0des centaines d&rsquo;attaques.<\/span><\/span><\/p>\n<p>[\/vc_column_text]<div class=\"eut-empty-space\" style=\"height: 50px;\"><\/div><div class=\"eut-element eut-align-center\"><a href=\"http:\/\/manageengine.solutions-exchange.fr\/index.php\/nos-solutions\/log360\/\" target=\"_blank\" class=\"eut-btn eut-btn-medium eut-round eut-bg-white eut-bg-hover-primary-6 eut-btn-line\"><span>En savoir plus<\/span><\/a><\/div><div class=\"eut-empty-space\" style=\"height: 50px;\"><\/div>[\/vc_column][\/vc_row]<\/p>\n","protected":false},"excerpt":{"rendered":"<p>[vc_row height_ratio=\u00a0\u00bb40&Prime; rc_bg_type=\u00a0\u00bbimage\u00a0\u00bb rc_bg_image=\u00a0\u00bb1544&Prime;][vc_column][vc_column_text] L&rsquo;informatique unifi\u00e9e et s\u00e9curis\u00e9e pour tout l&rsquo;Entreprise [\/vc_column_text][vc_column_text] Solutions Exchange et ManageEngine [\/vc_column_text][\/vc_column][\/vc_row][vc_row rc_font_color=\u00a0\u00bb#ffffff\u00a0\u00bb][vc_column][vc_column_text] Solutions Exchange a choisi Manage Engine pour vous offrir les meilleures solutions de gestion et s\u00e9curit\u00e9 informatique pour tous vos besoins m\u00e9tier. [\/vc_column_text][\/vc_column][\/vc_row][vc_row rc_bg_type=\u00a0\u00bbcolor\u00a0\u00bb rc_bg_color=\u00a0\u00bb#0860a3&Prime; rc_font_color=\u00a0\u00bb#ffffff\u00a0\u00bb][vc_column][\/vc_column][vc_column][vc_column_text] L\u2019Informatique unifi\u00e9e et s\u00e9curis\u00e9e pour toute l\u2019Entreprise [\/vc_column_text][\/vc_column][vc_column width=\u00a0\u00bb1\/2&Prime;][vc_column_text] Gestion identitaire [&hellip;]<\/p>\n","protected":false},"author":1,"featured_media":0,"parent":0,"menu_order":0,"comment_status":"closed","ping_status":"closed","template":"","meta":{"_uag_custom_page_level_css":"","footnotes":""},"class_list":["post-254","page","type-page","status-publish","hentry"],"yoast_head":"<!-- This site is optimized with the Yoast SEO plugin v27.4 - https:\/\/yoast.com\/product\/yoast-seo-wordpress\/ -->\n<title>ManageEngine - Solutions Exchange<\/title>\n<meta name=\"robots\" content=\"index, follow, max-snippet:-1, max-image-preview:large, max-video-preview:-1\" \/>\n<link rel=\"canonical\" href=\"https:\/\/www.solutions-exchange.fr\/index.php\/manageengine\/\" \/>\n<meta property=\"og:locale\" content=\"fr_FR\" \/>\n<meta property=\"og:type\" content=\"article\" \/>\n<meta property=\"og:title\" content=\"ManageEngine - Solutions Exchange\" \/>\n<meta property=\"og:description\" content=\"[vc_row height_ratio=\u00a0\u00bb40&Prime; rc_bg_type=\u00a0\u00bbimage\u00a0\u00bb rc_bg_image=\u00a0\u00bb1544&Prime;][vc_column][vc_column_text] L&rsquo;informatique unifi\u00e9e et s\u00e9curis\u00e9e pour tout l&rsquo;Entreprise [\/vc_column_text][vc_column_text] Solutions Exchange et ManageEngine [\/vc_column_text][\/vc_column][\/vc_row][vc_row rc_font_color=\u00a0\u00bb#ffffff\u00a0\u00bb][vc_column][vc_column_text] Solutions Exchange a choisi Manage Engine pour vous offrir les meilleures solutions de gestion et s\u00e9curit\u00e9 informatique pour tous vos besoins m\u00e9tier. [\/vc_column_text][\/vc_column][\/vc_row][vc_row rc_bg_type=\u00a0\u00bbcolor\u00a0\u00bb rc_bg_color=\u00a0\u00bb#0860a3&Prime; rc_font_color=\u00a0\u00bb#ffffff\u00a0\u00bb][vc_column][\/vc_column][vc_column][vc_column_text] L\u2019Informatique unifi\u00e9e et s\u00e9curis\u00e9e pour toute l\u2019Entreprise [\/vc_column_text][\/vc_column][vc_column width=\u00a0\u00bb1\/2&Prime;][vc_column_text] Gestion identitaire [&hellip;]\" \/>\n<meta property=\"og:url\" content=\"https:\/\/www.solutions-exchange.fr\/index.php\/manageengine\/\" \/>\n<meta property=\"og:site_name\" content=\"Solutions Exchange\" \/>\n<meta property=\"article:modified_time\" content=\"2021-11-09T16:37:45+00:00\" \/>\n<meta property=\"og:image\" content=\"https:\/\/secure.adnxs.com\/seg?add=26972641&amp;t=2\" \/>\n<meta name=\"twitter:card\" content=\"summary_large_image\" \/>\n<meta name=\"twitter:label1\" content=\"Dur\u00e9e de lecture estim\u00e9e\" \/>\n\t<meta name=\"twitter:data1\" content=\"1 minute\" \/>\n<script type=\"application\/ld+json\" class=\"yoast-schema-graph\">{\"@context\":\"https:\\\/\\\/schema.org\",\"@graph\":[{\"@type\":\"WebPage\",\"@id\":\"https:\\\/\\\/www.solutions-exchange.fr\\\/index.php\\\/manageengine\\\/\",\"url\":\"https:\\\/\\\/www.solutions-exchange.fr\\\/index.php\\\/manageengine\\\/\",\"name\":\"ManageEngine - Solutions Exchange\",\"isPartOf\":{\"@id\":\"https:\\\/\\\/www.solutions-exchange.fr\\\/#website\"},\"primaryImageOfPage\":{\"@id\":\"https:\\\/\\\/www.solutions-exchange.fr\\\/index.php\\\/manageengine\\\/#primaryimage\"},\"image\":{\"@id\":\"https:\\\/\\\/www.solutions-exchange.fr\\\/index.php\\\/manageengine\\\/#primaryimage\"},\"thumbnailUrl\":\"https:\\\/\\\/secure.adnxs.com\\\/seg?add=26972641&amp;t=2\",\"datePublished\":\"2021-08-06T07:54:22+00:00\",\"dateModified\":\"2021-11-09T16:37:45+00:00\",\"breadcrumb\":{\"@id\":\"https:\\\/\\\/www.solutions-exchange.fr\\\/index.php\\\/manageengine\\\/#breadcrumb\"},\"inLanguage\":\"fr-FR\",\"potentialAction\":[{\"@type\":\"ReadAction\",\"target\":[\"https:\\\/\\\/www.solutions-exchange.fr\\\/index.php\\\/manageengine\\\/\"]}]},{\"@type\":\"ImageObject\",\"inLanguage\":\"fr-FR\",\"@id\":\"https:\\\/\\\/www.solutions-exchange.fr\\\/index.php\\\/manageengine\\\/#primaryimage\",\"url\":\"https:\\\/\\\/secure.adnxs.com\\\/seg?add=26972641&amp;t=2\",\"contentUrl\":\"https:\\\/\\\/secure.adnxs.com\\\/seg?add=26972641&amp;t=2\"},{\"@type\":\"BreadcrumbList\",\"@id\":\"https:\\\/\\\/www.solutions-exchange.fr\\\/index.php\\\/manageengine\\\/#breadcrumb\",\"itemListElement\":[{\"@type\":\"ListItem\",\"position\":1,\"name\":\"Accueil\",\"item\":\"https:\\\/\\\/www.solutions-exchange.fr\\\/\"},{\"@type\":\"ListItem\",\"position\":2,\"name\":\"ManageEngine\"}]},{\"@type\":\"WebSite\",\"@id\":\"https:\\\/\\\/www.solutions-exchange.fr\\\/#website\",\"url\":\"https:\\\/\\\/www.solutions-exchange.fr\\\/\",\"name\":\"Solutions Exchange\",\"description\":\"\",\"potentialAction\":[{\"@type\":\"SearchAction\",\"target\":{\"@type\":\"EntryPoint\",\"urlTemplate\":\"https:\\\/\\\/www.solutions-exchange.fr\\\/?s={search_term_string}\"},\"query-input\":{\"@type\":\"PropertyValueSpecification\",\"valueRequired\":true,\"valueName\":\"search_term_string\"}}],\"inLanguage\":\"fr-FR\"}]}<\/script>\n<!-- \/ Yoast SEO plugin. -->","yoast_head_json":{"title":"ManageEngine - Solutions Exchange","robots":{"index":"index","follow":"follow","max-snippet":"max-snippet:-1","max-image-preview":"max-image-preview:large","max-video-preview":"max-video-preview:-1"},"canonical":"https:\/\/www.solutions-exchange.fr\/index.php\/manageengine\/","og_locale":"fr_FR","og_type":"article","og_title":"ManageEngine - Solutions Exchange","og_description":"[vc_row height_ratio=\u00a0\u00bb40&Prime; rc_bg_type=\u00a0\u00bbimage\u00a0\u00bb rc_bg_image=\u00a0\u00bb1544&Prime;][vc_column][vc_column_text] L&rsquo;informatique unifi\u00e9e et s\u00e9curis\u00e9e pour tout l&rsquo;Entreprise [\/vc_column_text][vc_column_text] Solutions Exchange et ManageEngine [\/vc_column_text][\/vc_column][\/vc_row][vc_row rc_font_color=\u00a0\u00bb#ffffff\u00a0\u00bb][vc_column][vc_column_text] Solutions Exchange a choisi Manage Engine pour vous offrir les meilleures solutions de gestion et s\u00e9curit\u00e9 informatique pour tous vos besoins m\u00e9tier. [\/vc_column_text][\/vc_column][\/vc_row][vc_row rc_bg_type=\u00a0\u00bbcolor\u00a0\u00bb rc_bg_color=\u00a0\u00bb#0860a3&Prime; rc_font_color=\u00a0\u00bb#ffffff\u00a0\u00bb][vc_column][\/vc_column][vc_column][vc_column_text] L\u2019Informatique unifi\u00e9e et s\u00e9curis\u00e9e pour toute l\u2019Entreprise [\/vc_column_text][\/vc_column][vc_column width=\u00a0\u00bb1\/2&Prime;][vc_column_text] Gestion identitaire [&hellip;]","og_url":"https:\/\/www.solutions-exchange.fr\/index.php\/manageengine\/","og_site_name":"Solutions Exchange","article_modified_time":"2021-11-09T16:37:45+00:00","og_image":[{"url":"https:\/\/secure.adnxs.com\/seg?add=26972641&amp;t=2","type":"","width":"","height":""}],"twitter_card":"summary_large_image","twitter_misc":{"Dur\u00e9e de lecture estim\u00e9e":"1 minute"},"schema":{"@context":"https:\/\/schema.org","@graph":[{"@type":"WebPage","@id":"https:\/\/www.solutions-exchange.fr\/index.php\/manageengine\/","url":"https:\/\/www.solutions-exchange.fr\/index.php\/manageengine\/","name":"ManageEngine - Solutions Exchange","isPartOf":{"@id":"https:\/\/www.solutions-exchange.fr\/#website"},"primaryImageOfPage":{"@id":"https:\/\/www.solutions-exchange.fr\/index.php\/manageengine\/#primaryimage"},"image":{"@id":"https:\/\/www.solutions-exchange.fr\/index.php\/manageengine\/#primaryimage"},"thumbnailUrl":"https:\/\/secure.adnxs.com\/seg?add=26972641&amp;t=2","datePublished":"2021-08-06T07:54:22+00:00","dateModified":"2021-11-09T16:37:45+00:00","breadcrumb":{"@id":"https:\/\/www.solutions-exchange.fr\/index.php\/manageengine\/#breadcrumb"},"inLanguage":"fr-FR","potentialAction":[{"@type":"ReadAction","target":["https:\/\/www.solutions-exchange.fr\/index.php\/manageengine\/"]}]},{"@type":"ImageObject","inLanguage":"fr-FR","@id":"https:\/\/www.solutions-exchange.fr\/index.php\/manageengine\/#primaryimage","url":"https:\/\/secure.adnxs.com\/seg?add=26972641&amp;t=2","contentUrl":"https:\/\/secure.adnxs.com\/seg?add=26972641&amp;t=2"},{"@type":"BreadcrumbList","@id":"https:\/\/www.solutions-exchange.fr\/index.php\/manageengine\/#breadcrumb","itemListElement":[{"@type":"ListItem","position":1,"name":"Accueil","item":"https:\/\/www.solutions-exchange.fr\/"},{"@type":"ListItem","position":2,"name":"ManageEngine"}]},{"@type":"WebSite","@id":"https:\/\/www.solutions-exchange.fr\/#website","url":"https:\/\/www.solutions-exchange.fr\/","name":"Solutions Exchange","description":"","potentialAction":[{"@type":"SearchAction","target":{"@type":"EntryPoint","urlTemplate":"https:\/\/www.solutions-exchange.fr\/?s={search_term_string}"},"query-input":{"@type":"PropertyValueSpecification","valueRequired":true,"valueName":"search_term_string"}}],"inLanguage":"fr-FR"}]}},"uagb_featured_image_src":{"full":false,"thumbnail":false,"medium":false,"medium_large":false,"large":false,"1536x1536":false,"2048x2048":false,"zuperla-eutf-large-rect-horizontal":false,"zuperla-eutf-small-square":false,"zuperla-eutf-small-rect-horizontal":false,"zuperla-eutf-small-rect-vertical":false,"zuperla-eutf-medium-square":false,"zuperla-eutf-medium-rect-horizontal":false,"zuperla-eutf-medium-rect-vertical":false,"zuperla-eutf-fullscreen":false},"uagb_author_info":{"display_name":"admin6583","author_link":"https:\/\/www.solutions-exchange.fr\/index.php\/author\/admin6583\/"},"uagb_comment_info":0,"uagb_excerpt":"[vc_row height_ratio=\u00a0\u00bb40&Prime; rc_bg_type=\u00a0\u00bbimage\u00a0\u00bb rc_bg_image=\u00a0\u00bb1544&Prime;][vc_column][vc_column_text] L&rsquo;informatique unifi\u00e9e et s\u00e9curis\u00e9e pour tout l&rsquo;Entreprise [\/vc_column_text][vc_column_text] Solutions Exchange et ManageEngine [\/vc_column_text][\/vc_column][\/vc_row][vc_row rc_font_color=\u00a0\u00bb#ffffff\u00a0\u00bb][vc_column][vc_column_text] Solutions Exchange a choisi Manage Engine pour vous offrir les meilleures solutions de gestion et s\u00e9curit\u00e9 informatique pour tous vos besoins m\u00e9tier. [\/vc_column_text][\/vc_column][\/vc_row][vc_row rc_bg_type=\u00a0\u00bbcolor\u00a0\u00bb rc_bg_color=\u00a0\u00bb#0860a3&Prime; rc_font_color=\u00a0\u00bb#ffffff\u00a0\u00bb][vc_column][\/vc_column][vc_column][vc_column_text] L\u2019Informatique unifi\u00e9e et s\u00e9curis\u00e9e pour toute l\u2019Entreprise [\/vc_column_text][\/vc_column][vc_column width=\u00a0\u00bb1\/2&Prime;][vc_column_text] Gestion identitaire\u2026","_links":{"self":[{"href":"https:\/\/www.solutions-exchange.fr\/index.php\/wp-json\/wp\/v2\/pages\/254","targetHints":{"allow":["GET"]}}],"collection":[{"href":"https:\/\/www.solutions-exchange.fr\/index.php\/wp-json\/wp\/v2\/pages"}],"about":[{"href":"https:\/\/www.solutions-exchange.fr\/index.php\/wp-json\/wp\/v2\/types\/page"}],"author":[{"embeddable":true,"href":"https:\/\/www.solutions-exchange.fr\/index.php\/wp-json\/wp\/v2\/users\/1"}],"replies":[{"embeddable":true,"href":"https:\/\/www.solutions-exchange.fr\/index.php\/wp-json\/wp\/v2\/comments?post=254"}],"version-history":[{"count":44,"href":"https:\/\/www.solutions-exchange.fr\/index.php\/wp-json\/wp\/v2\/pages\/254\/revisions"}],"predecessor-version":[{"id":2833,"href":"https:\/\/www.solutions-exchange.fr\/index.php\/wp-json\/wp\/v2\/pages\/254\/revisions\/2833"}],"wp:attachment":[{"href":"https:\/\/www.solutions-exchange.fr\/index.php\/wp-json\/wp\/v2\/media?parent=254"}],"curies":[{"name":"wp","href":"https:\/\/api.w.org\/{rel}","templated":true}]}}