{"id":3182,"date":"2024-11-06T14:12:06","date_gmt":"2024-11-06T13:12:06","guid":{"rendered":"https:\/\/www.solutions-exchange.fr\/?page_id=3182"},"modified":"2024-11-06T14:14:20","modified_gmt":"2024-11-06T13:14:20","slug":"video-webinar-revue-d-acces","status":"publish","type":"page","link":"https:\/\/www.solutions-exchange.fr\/index.php\/video-webinar-revue-d-acces\/","title":{"rendered":"video webinar revue d acces"},"content":{"rendered":"<p>[vc_row height_ratio=\u00a0\u00bb40&Prime; rc_bg_type=\u00a0\u00bbimage\u00a0\u00bb rc_bg_image=\u00a0\u00bb191&Prime;][vc_column]<div class=\"eut-empty-space\" style=\"height: 50px;\"><\/div>[vc_column_text]<\/p>\n<h3 style=\"text-align: left;\"><span style=\"color: #ffffff;\">Les revues d&rsquo;acc\u00e8s automatis\u00e9es sont importantes pour la s\u00e9curit\u00e9 et la conformit\u00e9 d&rsquo;Active Directory et de Microsoft 365<\/span><\/h3>\n<p>[\/vc_column_text]<div class=\"eut-empty-space\" style=\"height: 50px;\"><\/div>[\/vc_column][\/vc_row][vc_row][vc_column width=\u00a0\u00bb1\/2&Prime;][vc_column_text]<\/p>\n<div class=\"eut-element eut-text\">\n<div class=\"eut-element eut-text\">\n<div class=\"eut-element eut-text\">\n<div class=\"eut-element eut-text\">\n<p>Ce webinaire traitera de l\u2019importance des revues d\u2019acc\u00e8s automatis\u00e9es pour la s\u00e9curit\u00e9 et la conformit\u00e9 d\u2019AD\/Azure AD et de M365.<\/p>\n<p><strong>Pourquoi participer \u00e0 ce webinaire\u00a0?<\/strong><\/p>\n<p>Aujourd\u2019hui, on sait que la s\u00e9curit\u00e9 et la conformit\u00e9 des syst\u00e8mes sont des pr\u00e9occupations centrales de l\u2019IT, surtout dans les entreprises utilisant Active Directory (AD\/Azure AD) et Microsoft 365.<\/p>\n<p>La mise en place de revues d\u2019acc\u00e8s automatis\u00e9es est une \u00e9tape cl\u00e9 pour maximiser la s\u00e9curit\u00e9 et la conformit\u00e9 dans les environnements AD\/Azure AD et M365.<\/p>\n<p>Notre prochain webinaire traitera ce sujet mardi 5 novembre 2024 \u00e0 15h.<\/p>\n<p><strong>Agenda\u00a0:<\/strong><\/p>\n<ul>\n<li>Qu\u2019est-ce que la certification des acc\u00e8s ?<\/li>\n<li>Aper\u00e7u de l\u2019importance de la certification des acc\u00e8s dans la gestion des identit\u00e9s et des acc\u00e8s.<\/li>\n<li>Pr\u00e9sentation des exigences r\u00e9glementaires en mati\u00e8re de conformit\u00e9 (ex. : RGPD, HIPAA, SOX) et de leurs implications pour le contr\u00f4le des acc\u00e8s.<\/li>\n<li>Comment minimiser les risques d\u2019acc\u00e8s non autoris\u00e9s, am\u00e9liorer leur posture de s\u00e9curit\u00e9 et r\u00e9pondre aux exigences r\u00e9glementaires en utilisant les outils appropri\u00e9s<\/li>\n<li>D\u00e9monstration en direct des workflows et des fonctionnalit\u00e9s de certification des acc\u00e8s.<\/li>\n<li>Conseils pour maintenir la conformit\u00e9 et la s\u00e9curit\u00e9 gr\u00e2ce \u00e0 la certification des acc\u00e8s.<\/li>\n<\/ul>\n<\/div>\n<\/div>\n<\/div>\n<\/div>\n<p>[\/vc_column_text]<div class=\"eut-empty-space\" style=\"height: 32px;\"><\/div>[\/vc_column][vc_column width=\u00a0\u00bb1\/2&Prime;]<div class=\"eut-empty-space\" style=\"height: 32px;\"><\/div><div class=\"eut-element eut-video\" style=\"\"><iframe loading=\"lazy\" title=\"S01E04 - Revues d&#039;acc\u00e8s automatis\u00e9es\" width=\"1080\" height=\"608\" src=\"https:\/\/www.youtube.com\/embed\/StS6HhCpQcM?feature=oembed\" frameborder=\"0\" allow=\"accelerometer; autoplay; clipboard-write; encrypted-media; gyroscope; picture-in-picture; web-share\" referrerpolicy=\"strict-origin-when-cross-origin\" allowfullscreen><\/iframe><\/div>[\/vc_column][\/vc_row][vc_row][vc_column]<div class=\"eut-empty-space\" style=\"height: 50px;\"><\/div>[\/vc_column][\/vc_row]<\/p>\n","protected":false},"excerpt":{"rendered":"<p>[vc_row height_ratio=\u00a0\u00bb40&Prime; rc_bg_type=\u00a0\u00bbimage\u00a0\u00bb rc_bg_image=\u00a0\u00bb191&Prime;][vc_column][vc_column_text] Les revues d&rsquo;acc\u00e8s automatis\u00e9es sont importantes pour la s\u00e9curit\u00e9 et la conformit\u00e9 d&rsquo;Active Directory et de Microsoft 365 [\/vc_column_text][\/vc_column][\/vc_row][vc_row][vc_column width=\u00a0\u00bb1\/2&Prime;][vc_column_text] Ce webinaire traitera de l\u2019importance des revues d\u2019acc\u00e8s automatis\u00e9es pour la s\u00e9curit\u00e9 et la conformit\u00e9 d\u2019AD\/Azure AD et de M365. Pourquoi participer \u00e0 ce webinaire\u00a0? Aujourd\u2019hui, on sait que la s\u00e9curit\u00e9 [&hellip;]<\/p>\n","protected":false},"author":1,"featured_media":0,"parent":0,"menu_order":0,"comment_status":"closed","ping_status":"closed","template":"","meta":{"_uag_custom_page_level_css":"","footnotes":""},"class_list":["post-3182","page","type-page","status-publish","hentry"],"yoast_head":"<!-- This site is optimized with the Yoast SEO plugin v27.4 - https:\/\/yoast.com\/product\/yoast-seo-wordpress\/ -->\n<title>video webinar revue d acces - Solutions Exchange<\/title>\n<meta name=\"robots\" content=\"index, follow, max-snippet:-1, max-image-preview:large, max-video-preview:-1\" \/>\n<link rel=\"canonical\" href=\"https:\/\/www.solutions-exchange.fr\/index.php\/video-webinar-revue-d-acces\/\" \/>\n<meta property=\"og:locale\" content=\"fr_FR\" \/>\n<meta property=\"og:type\" content=\"article\" \/>\n<meta property=\"og:title\" content=\"video webinar revue d acces - Solutions Exchange\" \/>\n<meta property=\"og:description\" content=\"[vc_row height_ratio=\u00a0\u00bb40&Prime; rc_bg_type=\u00a0\u00bbimage\u00a0\u00bb rc_bg_image=\u00a0\u00bb191&Prime;][vc_column][vc_column_text] Les revues d&rsquo;acc\u00e8s automatis\u00e9es sont importantes pour la s\u00e9curit\u00e9 et la conformit\u00e9 d&rsquo;Active Directory et de Microsoft 365 [\/vc_column_text][\/vc_column][\/vc_row][vc_row][vc_column width=\u00a0\u00bb1\/2&Prime;][vc_column_text] Ce webinaire traitera de l\u2019importance des revues d\u2019acc\u00e8s automatis\u00e9es pour la s\u00e9curit\u00e9 et la conformit\u00e9 d\u2019AD\/Azure AD et de M365. Pourquoi participer \u00e0 ce webinaire\u00a0? Aujourd\u2019hui, on sait que la s\u00e9curit\u00e9 [&hellip;]\" \/>\n<meta property=\"og:url\" content=\"https:\/\/www.solutions-exchange.fr\/index.php\/video-webinar-revue-d-acces\/\" \/>\n<meta property=\"og:site_name\" content=\"Solutions Exchange\" \/>\n<meta property=\"article:modified_time\" content=\"2024-11-06T13:14:20+00:00\" \/>\n<meta name=\"twitter:card\" content=\"summary_large_image\" \/>\n<meta name=\"twitter:label1\" content=\"Dur\u00e9e de lecture estim\u00e9e\" \/>\n\t<meta name=\"twitter:data1\" content=\"2 minutes\" \/>\n<script type=\"application\/ld+json\" class=\"yoast-schema-graph\">{\"@context\":\"https:\\\/\\\/schema.org\",\"@graph\":[{\"@type\":\"WebPage\",\"@id\":\"https:\\\/\\\/www.solutions-exchange.fr\\\/index.php\\\/video-webinar-revue-d-acces\\\/\",\"url\":\"https:\\\/\\\/www.solutions-exchange.fr\\\/index.php\\\/video-webinar-revue-d-acces\\\/\",\"name\":\"video webinar revue d acces - Solutions Exchange\",\"isPartOf\":{\"@id\":\"https:\\\/\\\/www.solutions-exchange.fr\\\/#website\"},\"datePublished\":\"2024-11-06T13:12:06+00:00\",\"dateModified\":\"2024-11-06T13:14:20+00:00\",\"breadcrumb\":{\"@id\":\"https:\\\/\\\/www.solutions-exchange.fr\\\/index.php\\\/video-webinar-revue-d-acces\\\/#breadcrumb\"},\"inLanguage\":\"fr-FR\",\"potentialAction\":[{\"@type\":\"ReadAction\",\"target\":[\"https:\\\/\\\/www.solutions-exchange.fr\\\/index.php\\\/video-webinar-revue-d-acces\\\/\"]}]},{\"@type\":\"BreadcrumbList\",\"@id\":\"https:\\\/\\\/www.solutions-exchange.fr\\\/index.php\\\/video-webinar-revue-d-acces\\\/#breadcrumb\",\"itemListElement\":[{\"@type\":\"ListItem\",\"position\":1,\"name\":\"Accueil\",\"item\":\"https:\\\/\\\/www.solutions-exchange.fr\\\/\"},{\"@type\":\"ListItem\",\"position\":2,\"name\":\"video webinar revue d acces\"}]},{\"@type\":\"WebSite\",\"@id\":\"https:\\\/\\\/www.solutions-exchange.fr\\\/#website\",\"url\":\"https:\\\/\\\/www.solutions-exchange.fr\\\/\",\"name\":\"Solutions Exchange\",\"description\":\"\",\"potentialAction\":[{\"@type\":\"SearchAction\",\"target\":{\"@type\":\"EntryPoint\",\"urlTemplate\":\"https:\\\/\\\/www.solutions-exchange.fr\\\/?s={search_term_string}\"},\"query-input\":{\"@type\":\"PropertyValueSpecification\",\"valueRequired\":true,\"valueName\":\"search_term_string\"}}],\"inLanguage\":\"fr-FR\"}]}<\/script>\n<!-- \/ Yoast SEO plugin. -->","yoast_head_json":{"title":"video webinar revue d acces - Solutions Exchange","robots":{"index":"index","follow":"follow","max-snippet":"max-snippet:-1","max-image-preview":"max-image-preview:large","max-video-preview":"max-video-preview:-1"},"canonical":"https:\/\/www.solutions-exchange.fr\/index.php\/video-webinar-revue-d-acces\/","og_locale":"fr_FR","og_type":"article","og_title":"video webinar revue d acces - Solutions Exchange","og_description":"[vc_row height_ratio=\u00a0\u00bb40&Prime; rc_bg_type=\u00a0\u00bbimage\u00a0\u00bb rc_bg_image=\u00a0\u00bb191&Prime;][vc_column][vc_column_text] Les revues d&rsquo;acc\u00e8s automatis\u00e9es sont importantes pour la s\u00e9curit\u00e9 et la conformit\u00e9 d&rsquo;Active Directory et de Microsoft 365 [\/vc_column_text][\/vc_column][\/vc_row][vc_row][vc_column width=\u00a0\u00bb1\/2&Prime;][vc_column_text] Ce webinaire traitera de l\u2019importance des revues d\u2019acc\u00e8s automatis\u00e9es pour la s\u00e9curit\u00e9 et la conformit\u00e9 d\u2019AD\/Azure AD et de M365. Pourquoi participer \u00e0 ce webinaire\u00a0? Aujourd\u2019hui, on sait que la s\u00e9curit\u00e9 [&hellip;]","og_url":"https:\/\/www.solutions-exchange.fr\/index.php\/video-webinar-revue-d-acces\/","og_site_name":"Solutions Exchange","article_modified_time":"2024-11-06T13:14:20+00:00","twitter_card":"summary_large_image","twitter_misc":{"Dur\u00e9e de lecture estim\u00e9e":"2 minutes"},"schema":{"@context":"https:\/\/schema.org","@graph":[{"@type":"WebPage","@id":"https:\/\/www.solutions-exchange.fr\/index.php\/video-webinar-revue-d-acces\/","url":"https:\/\/www.solutions-exchange.fr\/index.php\/video-webinar-revue-d-acces\/","name":"video webinar revue d acces - Solutions Exchange","isPartOf":{"@id":"https:\/\/www.solutions-exchange.fr\/#website"},"datePublished":"2024-11-06T13:12:06+00:00","dateModified":"2024-11-06T13:14:20+00:00","breadcrumb":{"@id":"https:\/\/www.solutions-exchange.fr\/index.php\/video-webinar-revue-d-acces\/#breadcrumb"},"inLanguage":"fr-FR","potentialAction":[{"@type":"ReadAction","target":["https:\/\/www.solutions-exchange.fr\/index.php\/video-webinar-revue-d-acces\/"]}]},{"@type":"BreadcrumbList","@id":"https:\/\/www.solutions-exchange.fr\/index.php\/video-webinar-revue-d-acces\/#breadcrumb","itemListElement":[{"@type":"ListItem","position":1,"name":"Accueil","item":"https:\/\/www.solutions-exchange.fr\/"},{"@type":"ListItem","position":2,"name":"video webinar revue d acces"}]},{"@type":"WebSite","@id":"https:\/\/www.solutions-exchange.fr\/#website","url":"https:\/\/www.solutions-exchange.fr\/","name":"Solutions Exchange","description":"","potentialAction":[{"@type":"SearchAction","target":{"@type":"EntryPoint","urlTemplate":"https:\/\/www.solutions-exchange.fr\/?s={search_term_string}"},"query-input":{"@type":"PropertyValueSpecification","valueRequired":true,"valueName":"search_term_string"}}],"inLanguage":"fr-FR"}]}},"uagb_featured_image_src":{"full":false,"thumbnail":false,"medium":false,"medium_large":false,"large":false,"1536x1536":false,"2048x2048":false,"zuperla-eutf-large-rect-horizontal":false,"zuperla-eutf-small-square":false,"zuperla-eutf-small-rect-horizontal":false,"zuperla-eutf-small-rect-vertical":false,"zuperla-eutf-medium-square":false,"zuperla-eutf-medium-rect-horizontal":false,"zuperla-eutf-medium-rect-vertical":false,"zuperla-eutf-fullscreen":false},"uagb_author_info":{"display_name":"admin6583","author_link":"https:\/\/www.solutions-exchange.fr\/index.php\/author\/admin6583\/"},"uagb_comment_info":0,"uagb_excerpt":"[vc_row height_ratio=\u00a0\u00bb40&Prime; rc_bg_type=\u00a0\u00bbimage\u00a0\u00bb rc_bg_image=\u00a0\u00bb191&Prime;][vc_column][vc_column_text] Les revues d&rsquo;acc\u00e8s automatis\u00e9es sont importantes pour la s\u00e9curit\u00e9 et la conformit\u00e9 d&rsquo;Active Directory et de Microsoft 365 [\/vc_column_text][\/vc_column][\/vc_row][vc_row][vc_column width=\u00a0\u00bb1\/2&Prime;][vc_column_text] Ce webinaire traitera de l\u2019importance des revues d\u2019acc\u00e8s automatis\u00e9es pour la s\u00e9curit\u00e9 et la conformit\u00e9 d\u2019AD\/Azure AD et de M365. Pourquoi participer \u00e0 ce webinaire\u00a0? Aujourd\u2019hui, on sait que la s\u00e9curit\u00e9\u2026","_links":{"self":[{"href":"https:\/\/www.solutions-exchange.fr\/index.php\/wp-json\/wp\/v2\/pages\/3182","targetHints":{"allow":["GET"]}}],"collection":[{"href":"https:\/\/www.solutions-exchange.fr\/index.php\/wp-json\/wp\/v2\/pages"}],"about":[{"href":"https:\/\/www.solutions-exchange.fr\/index.php\/wp-json\/wp\/v2\/types\/page"}],"author":[{"embeddable":true,"href":"https:\/\/www.solutions-exchange.fr\/index.php\/wp-json\/wp\/v2\/users\/1"}],"replies":[{"embeddable":true,"href":"https:\/\/www.solutions-exchange.fr\/index.php\/wp-json\/wp\/v2\/comments?post=3182"}],"version-history":[{"count":3,"href":"https:\/\/www.solutions-exchange.fr\/index.php\/wp-json\/wp\/v2\/pages\/3182\/revisions"}],"predecessor-version":[{"id":3185,"href":"https:\/\/www.solutions-exchange.fr\/index.php\/wp-json\/wp\/v2\/pages\/3182\/revisions\/3185"}],"wp:attachment":[{"href":"https:\/\/www.solutions-exchange.fr\/index.php\/wp-json\/wp\/v2\/media?parent=3182"}],"curies":[{"name":"wp","href":"https:\/\/api.w.org\/{rel}","templated":true}]}}