{"id":3217,"date":"2024-12-04T15:40:17","date_gmt":"2024-12-04T14:40:17","guid":{"rendered":"https:\/\/www.solutions-exchange.fr\/?page_id=3217"},"modified":"2024-12-04T15:42:02","modified_gmt":"2024-12-04T14:42:02","slug":"video-webinar-7-configurations-gpo","status":"publish","type":"page","link":"https:\/\/www.solutions-exchange.fr\/index.php\/video-webinar-7-configurations-gpo\/","title":{"rendered":"video webinar 7 configurations GPO"},"content":{"rendered":"<p>[vc_row height_ratio=\u00a0\u00bb40&Prime; rc_bg_type=\u00a0\u00bbimage\u00a0\u00bb rc_bg_image=\u00a0\u00bb191&Prime;][vc_column]<div class=\"eut-empty-space\" style=\"height: 50px;\"><\/div>[vc_column_text]<\/p>\n<h3 style=\"text-align: left;\"><span style=\"color: #ffffff;\">7 erreurs de configuration GPO \u00e0 corriger en moins de 30 minutes<\/span><\/h3>\n<p>[\/vc_column_text]<div class=\"eut-empty-space\" style=\"height: 50px;\"><\/div>[\/vc_column][\/vc_row][vc_row][vc_column width=\u00a0\u00bb1\/2&Prime;][vc_column_text]<\/p>\n<div class=\"eut-element eut-text\">\n<div class=\"eut-element eut-text\">\n<div class=\"eut-element eut-text\">\n<div class=\"eut-element eut-text\">\n<div class=\"eut-container\">\n<div class=\"eut-row eut-bookmark eut-columns-gap-50 eut-mobile-vertical-gap-30\">\n<div class=\"eut-column wpb_column eut-column-1 eut-bg-none\">\n<div class=\"eut-column-wrapper\">\n<div class=\"eut-column-content\">\n<div class=\"eut-element eut-text\">\n<div class=\"eut-element eut-text\">\n<div class=\"eut-element eut-text\">\n<div class=\"eut-element eut-text\">\n<div class=\"eut-element eut-text\">\n<p>Vous travaillez avec des GPO (Group Policy Objects) au quotidien.<\/p>\n<p>Connaissez-vous le nombre exact de GPO dans votre organisation ?<\/p>\n<p>Avez-vous une visibilit\u00e9 compl\u00e8te sur tous les GPO et leurs objets li\u00e9s dans votre r\u00e9seau ?<\/p>\n<p>Comment pouvez-vous \u00eatre certain qu\u2019un objet AD n\u2019a qu\u2019un ensemble sp\u00e9cifique de privil\u00e8ges ?<\/p>\n<p>&nbsp;<\/p>\n<p>La t\u00e2che est complexe.<\/p>\n<p>&nbsp;<\/p>\n<p>De plus, des erreurs de configuration dans vos politiques et param\u00e8tres GPO peuvent rendre votre r\u00e9seau vuln\u00e9rable.<\/p>\n<p>Nous avons identifi\u00e9 7 erreurs de configuration GPO qui existent probablement dans votre r\u00e9seau \u00e0 l\u2019heure actuelle.<\/p>\n<p>&nbsp;<\/p>\n<p>R\u00e9sum\u00e9 du webinaire :<\/p>\n<p>&nbsp;<\/p>\n<p>Comprendre les GPO et comment les suivre.<\/p>\n<p>Les 7 erreurs de configuration GPO \u00e0 corriger concernant les utilisateurs, les appareils et les donn\u00e9es.<\/p>\n<p>Corriger les erreurs \u00e0 l\u2019aide de solutions natives et puissantes.<\/p>\n<\/div>\n<\/div>\n<\/div>\n<\/div>\n<\/div>\n<\/div>\n<div class=\"eut-background-wrapper\"><\/div>\n<\/div>\n<\/div>\n<\/div>\n<\/div>\n<div class=\"eut-background-wrapper\"><\/div>\n<\/div>\n<\/div>\n<\/div>\n<\/div>\n<p>[\/vc_column_text]<div class=\"eut-empty-space\" style=\"height: 32px;\"><\/div>[\/vc_column][vc_column width=\u00a0\u00bb1\/2&Prime;]<div class=\"eut-empty-space\" style=\"height: 32px;\"><\/div><div class=\"eut-element eut-video\" style=\"\"><iframe loading=\"lazy\" title=\"7 erreurs de configuration GPO \u00e0 corriger en moins de 30 minutes\" width=\"1080\" height=\"608\" src=\"https:\/\/www.youtube.com\/embed\/iYECQwYcczQ?feature=oembed\" frameborder=\"0\" allow=\"accelerometer; autoplay; clipboard-write; encrypted-media; gyroscope; picture-in-picture; web-share\" referrerpolicy=\"strict-origin-when-cross-origin\" allowfullscreen><\/iframe><\/div>[\/vc_column][\/vc_row][vc_row][vc_column]<div class=\"eut-empty-space\" style=\"height: 50px;\"><\/div>[\/vc_column][\/vc_row]<\/p>\n","protected":false},"excerpt":{"rendered":"<p>[vc_row height_ratio=\u00a0\u00bb40&Prime; rc_bg_type=\u00a0\u00bbimage\u00a0\u00bb rc_bg_image=\u00a0\u00bb191&Prime;][vc_column][vc_column_text] 7 erreurs de configuration GPO \u00e0 corriger en moins de 30 minutes [\/vc_column_text][\/vc_column][\/vc_row][vc_row][vc_column width=\u00a0\u00bb1\/2&Prime;][vc_column_text] Vous travaillez avec des GPO (Group Policy Objects) au quotidien. Connaissez-vous le nombre exact de GPO dans votre organisation ? Avez-vous une visibilit\u00e9 compl\u00e8te sur tous les GPO et leurs objets li\u00e9s dans votre r\u00e9seau ? Comment [&hellip;]<\/p>\n","protected":false},"author":1,"featured_media":0,"parent":0,"menu_order":0,"comment_status":"closed","ping_status":"closed","template":"","meta":{"_uag_custom_page_level_css":"","footnotes":""},"class_list":["post-3217","page","type-page","status-publish","hentry"],"yoast_head":"<!-- This site is optimized with the Yoast SEO plugin v27.4 - https:\/\/yoast.com\/product\/yoast-seo-wordpress\/ -->\n<title>video webinar 7 configurations GPO - Solutions Exchange<\/title>\n<meta name=\"robots\" content=\"index, follow, max-snippet:-1, max-image-preview:large, max-video-preview:-1\" \/>\n<link rel=\"canonical\" href=\"https:\/\/www.solutions-exchange.fr\/index.php\/video-webinar-7-configurations-gpo\/\" \/>\n<meta property=\"og:locale\" content=\"fr_FR\" \/>\n<meta property=\"og:type\" content=\"article\" \/>\n<meta property=\"og:title\" content=\"video webinar 7 configurations GPO - Solutions Exchange\" \/>\n<meta property=\"og:description\" content=\"[vc_row height_ratio=\u00a0\u00bb40&Prime; rc_bg_type=\u00a0\u00bbimage\u00a0\u00bb rc_bg_image=\u00a0\u00bb191&Prime;][vc_column][vc_column_text] 7 erreurs de configuration GPO \u00e0 corriger en moins de 30 minutes [\/vc_column_text][\/vc_column][\/vc_row][vc_row][vc_column width=\u00a0\u00bb1\/2&Prime;][vc_column_text] Vous travaillez avec des GPO (Group Policy Objects) au quotidien. Connaissez-vous le nombre exact de GPO dans votre organisation ? Avez-vous une visibilit\u00e9 compl\u00e8te sur tous les GPO et leurs objets li\u00e9s dans votre r\u00e9seau ? Comment [&hellip;]\" \/>\n<meta property=\"og:url\" content=\"https:\/\/www.solutions-exchange.fr\/index.php\/video-webinar-7-configurations-gpo\/\" \/>\n<meta property=\"og:site_name\" content=\"Solutions Exchange\" \/>\n<meta property=\"article:modified_time\" content=\"2024-12-04T14:42:02+00:00\" \/>\n<meta name=\"twitter:card\" content=\"summary_large_image\" \/>\n<meta name=\"twitter:label1\" content=\"Dur\u00e9e de lecture estim\u00e9e\" \/>\n\t<meta name=\"twitter:data1\" content=\"1 minute\" \/>\n<script type=\"application\/ld+json\" class=\"yoast-schema-graph\">{\"@context\":\"https:\\\/\\\/schema.org\",\"@graph\":[{\"@type\":\"WebPage\",\"@id\":\"https:\\\/\\\/www.solutions-exchange.fr\\\/index.php\\\/video-webinar-7-configurations-gpo\\\/\",\"url\":\"https:\\\/\\\/www.solutions-exchange.fr\\\/index.php\\\/video-webinar-7-configurations-gpo\\\/\",\"name\":\"video webinar 7 configurations GPO - Solutions Exchange\",\"isPartOf\":{\"@id\":\"https:\\\/\\\/www.solutions-exchange.fr\\\/#website\"},\"datePublished\":\"2024-12-04T14:40:17+00:00\",\"dateModified\":\"2024-12-04T14:42:02+00:00\",\"breadcrumb\":{\"@id\":\"https:\\\/\\\/www.solutions-exchange.fr\\\/index.php\\\/video-webinar-7-configurations-gpo\\\/#breadcrumb\"},\"inLanguage\":\"fr-FR\",\"potentialAction\":[{\"@type\":\"ReadAction\",\"target\":[\"https:\\\/\\\/www.solutions-exchange.fr\\\/index.php\\\/video-webinar-7-configurations-gpo\\\/\"]}]},{\"@type\":\"BreadcrumbList\",\"@id\":\"https:\\\/\\\/www.solutions-exchange.fr\\\/index.php\\\/video-webinar-7-configurations-gpo\\\/#breadcrumb\",\"itemListElement\":[{\"@type\":\"ListItem\",\"position\":1,\"name\":\"Accueil\",\"item\":\"https:\\\/\\\/www.solutions-exchange.fr\\\/\"},{\"@type\":\"ListItem\",\"position\":2,\"name\":\"video webinar 7 configurations GPO\"}]},{\"@type\":\"WebSite\",\"@id\":\"https:\\\/\\\/www.solutions-exchange.fr\\\/#website\",\"url\":\"https:\\\/\\\/www.solutions-exchange.fr\\\/\",\"name\":\"Solutions Exchange\",\"description\":\"\",\"potentialAction\":[{\"@type\":\"SearchAction\",\"target\":{\"@type\":\"EntryPoint\",\"urlTemplate\":\"https:\\\/\\\/www.solutions-exchange.fr\\\/?s={search_term_string}\"},\"query-input\":{\"@type\":\"PropertyValueSpecification\",\"valueRequired\":true,\"valueName\":\"search_term_string\"}}],\"inLanguage\":\"fr-FR\"}]}<\/script>\n<!-- \/ Yoast SEO plugin. -->","yoast_head_json":{"title":"video webinar 7 configurations GPO - Solutions Exchange","robots":{"index":"index","follow":"follow","max-snippet":"max-snippet:-1","max-image-preview":"max-image-preview:large","max-video-preview":"max-video-preview:-1"},"canonical":"https:\/\/www.solutions-exchange.fr\/index.php\/video-webinar-7-configurations-gpo\/","og_locale":"fr_FR","og_type":"article","og_title":"video webinar 7 configurations GPO - Solutions Exchange","og_description":"[vc_row height_ratio=\u00a0\u00bb40&Prime; rc_bg_type=\u00a0\u00bbimage\u00a0\u00bb rc_bg_image=\u00a0\u00bb191&Prime;][vc_column][vc_column_text] 7 erreurs de configuration GPO \u00e0 corriger en moins de 30 minutes [\/vc_column_text][\/vc_column][\/vc_row][vc_row][vc_column width=\u00a0\u00bb1\/2&Prime;][vc_column_text] Vous travaillez avec des GPO (Group Policy Objects) au quotidien. Connaissez-vous le nombre exact de GPO dans votre organisation ? Avez-vous une visibilit\u00e9 compl\u00e8te sur tous les GPO et leurs objets li\u00e9s dans votre r\u00e9seau ? Comment [&hellip;]","og_url":"https:\/\/www.solutions-exchange.fr\/index.php\/video-webinar-7-configurations-gpo\/","og_site_name":"Solutions Exchange","article_modified_time":"2024-12-04T14:42:02+00:00","twitter_card":"summary_large_image","twitter_misc":{"Dur\u00e9e de lecture estim\u00e9e":"1 minute"},"schema":{"@context":"https:\/\/schema.org","@graph":[{"@type":"WebPage","@id":"https:\/\/www.solutions-exchange.fr\/index.php\/video-webinar-7-configurations-gpo\/","url":"https:\/\/www.solutions-exchange.fr\/index.php\/video-webinar-7-configurations-gpo\/","name":"video webinar 7 configurations GPO - Solutions Exchange","isPartOf":{"@id":"https:\/\/www.solutions-exchange.fr\/#website"},"datePublished":"2024-12-04T14:40:17+00:00","dateModified":"2024-12-04T14:42:02+00:00","breadcrumb":{"@id":"https:\/\/www.solutions-exchange.fr\/index.php\/video-webinar-7-configurations-gpo\/#breadcrumb"},"inLanguage":"fr-FR","potentialAction":[{"@type":"ReadAction","target":["https:\/\/www.solutions-exchange.fr\/index.php\/video-webinar-7-configurations-gpo\/"]}]},{"@type":"BreadcrumbList","@id":"https:\/\/www.solutions-exchange.fr\/index.php\/video-webinar-7-configurations-gpo\/#breadcrumb","itemListElement":[{"@type":"ListItem","position":1,"name":"Accueil","item":"https:\/\/www.solutions-exchange.fr\/"},{"@type":"ListItem","position":2,"name":"video webinar 7 configurations GPO"}]},{"@type":"WebSite","@id":"https:\/\/www.solutions-exchange.fr\/#website","url":"https:\/\/www.solutions-exchange.fr\/","name":"Solutions Exchange","description":"","potentialAction":[{"@type":"SearchAction","target":{"@type":"EntryPoint","urlTemplate":"https:\/\/www.solutions-exchange.fr\/?s={search_term_string}"},"query-input":{"@type":"PropertyValueSpecification","valueRequired":true,"valueName":"search_term_string"}}],"inLanguage":"fr-FR"}]}},"uagb_featured_image_src":{"full":false,"thumbnail":false,"medium":false,"medium_large":false,"large":false,"1536x1536":false,"2048x2048":false,"zuperla-eutf-large-rect-horizontal":false,"zuperla-eutf-small-square":false,"zuperla-eutf-small-rect-horizontal":false,"zuperla-eutf-small-rect-vertical":false,"zuperla-eutf-medium-square":false,"zuperla-eutf-medium-rect-horizontal":false,"zuperla-eutf-medium-rect-vertical":false,"zuperla-eutf-fullscreen":false},"uagb_author_info":{"display_name":"admin6583","author_link":"https:\/\/www.solutions-exchange.fr\/index.php\/author\/admin6583\/"},"uagb_comment_info":0,"uagb_excerpt":"[vc_row height_ratio=\u00a0\u00bb40&Prime; rc_bg_type=\u00a0\u00bbimage\u00a0\u00bb rc_bg_image=\u00a0\u00bb191&Prime;][vc_column][vc_column_text] 7 erreurs de configuration GPO \u00e0 corriger en moins de 30 minutes [\/vc_column_text][\/vc_column][\/vc_row][vc_row][vc_column width=\u00a0\u00bb1\/2&Prime;][vc_column_text] Vous travaillez avec des GPO (Group Policy Objects) au quotidien. Connaissez-vous le nombre exact de GPO dans votre organisation ? Avez-vous une visibilit\u00e9 compl\u00e8te sur tous les GPO et leurs objets li\u00e9s dans votre r\u00e9seau ? Comment\u2026","_links":{"self":[{"href":"https:\/\/www.solutions-exchange.fr\/index.php\/wp-json\/wp\/v2\/pages\/3217","targetHints":{"allow":["GET"]}}],"collection":[{"href":"https:\/\/www.solutions-exchange.fr\/index.php\/wp-json\/wp\/v2\/pages"}],"about":[{"href":"https:\/\/www.solutions-exchange.fr\/index.php\/wp-json\/wp\/v2\/types\/page"}],"author":[{"embeddable":true,"href":"https:\/\/www.solutions-exchange.fr\/index.php\/wp-json\/wp\/v2\/users\/1"}],"replies":[{"embeddable":true,"href":"https:\/\/www.solutions-exchange.fr\/index.php\/wp-json\/wp\/v2\/comments?post=3217"}],"version-history":[{"count":3,"href":"https:\/\/www.solutions-exchange.fr\/index.php\/wp-json\/wp\/v2\/pages\/3217\/revisions"}],"predecessor-version":[{"id":3219,"href":"https:\/\/www.solutions-exchange.fr\/index.php\/wp-json\/wp\/v2\/pages\/3217\/revisions\/3219"}],"wp:attachment":[{"href":"https:\/\/www.solutions-exchange.fr\/index.php\/wp-json\/wp\/v2\/media?parent=3217"}],"curies":[{"name":"wp","href":"https:\/\/api.w.org\/{rel}","templated":true}]}}