{"id":3293,"date":"2025-03-12T16:07:10","date_gmt":"2025-03-12T15:07:10","guid":{"rendered":"https:\/\/www.solutions-exchange.fr\/?page_id=3293"},"modified":"2025-03-12T16:14:57","modified_gmt":"2025-03-12T15:14:57","slug":"formulaire-demande-acces-video-opmanager","status":"publish","type":"page","link":"https:\/\/www.solutions-exchange.fr\/index.php\/formulaire-demande-acces-video-opmanager\/","title":{"rendered":"Formulaire demande acc\u00e8s vid\u00e9o OpManager"},"content":{"rendered":"<p>[vc_row rc_bg_type=\u00a0\u00bbimage\u00a0\u00bb rc_bg_image=\u00a0\u00bb49&Prime;][vc_column width=\u00a0\u00bb1\/2&Prime;]<div class=\"eut-empty-space\" style=\"height: 32px;\"><\/div>[vc_column_text]<\/p>\n<h5><span style=\"color: white;\">Webinar Solutions Exchange<\/span><\/h5>\n<p>[\/vc_column_text]<div class=\"eut-empty-space\" style=\"height: 100px;\"><\/div>[vc_column_text]<\/p>\n<h4><span style=\"color: white;\">Acc\u00e9dez \u00e0 la vid\u00e9o du webinar<br \/>\n<\/span><\/h4>\n<h4><span style=\"color: white;\">30 minutes pour d\u00e9couvrir une alternative aux offres de monitoring de plus en plus co\u00fbteuses<\/span><\/h4>\n<p>[\/vc_column_text][\/vc_column][vc_column width=\u00a0\u00bb1\/2&Prime; vertical_content_position=\u00a0\u00bbmiddle\u00a0\u00bb text_align=\u00a0\u00bbright\u00a0\u00bb rc_bg_type=\u00a0\u00bbcolor\u00a0\u00bb rc_bg_color=\u00a0\u00bb#ffffff\u00a0\u00bb]\n<div class=\"wpcf7 no-js\" id=\"wpcf7-f3297-o1\" lang=\"fr-FR\" dir=\"ltr\" data-wpcf7-id=\"3297\">\n<div class=\"screen-reader-response\"><p role=\"status\" aria-live=\"polite\" aria-atomic=\"true\"><\/p> <ul><\/ul><\/div>\n<form action=\"\/index.php\/wp-json\/wp\/v2\/pages\/3293#wpcf7-f3297-o1\" method=\"post\" class=\"wpcf7-form init\" aria-label=\"Formulaire de contact\" novalidate=\"novalidate\" data-status=\"init\">\n<fieldset class=\"hidden-fields-container\"><input type=\"hidden\" name=\"_wpcf7\" value=\"3297\" \/><input type=\"hidden\" name=\"_wpcf7_version\" value=\"6.1.5\" \/><input type=\"hidden\" name=\"_wpcf7_locale\" value=\"fr_FR\" \/><input type=\"hidden\" name=\"_wpcf7_unit_tag\" value=\"wpcf7-f3297-o1\" \/><input type=\"hidden\" name=\"_wpcf7_container_post\" value=\"0\" \/><input type=\"hidden\" name=\"_wpcf7_posted_data_hash\" value=\"\" \/>\n<\/fieldset>\n<table border=\"0\" cellspacing=\"0\" cellpadding=\"5\" align=\"center\">\n\t<tbody>\n\t\t<tr>\n\t\t\t<td align=\"center\" bgcolor=\"white\" >\n\t\t\t\t<p>Pr\u00e9nom:\n\t\t\t\t<\/p>\n\t\t\t<\/td>\n\t\t\t<td bgcolor=\"white\" >\n\t\t\t\t<p><span class=\"wpcf7-form-control-wrap\" data-name=\"FirstName\"><input size=\"40\" maxlength=\"400\" class=\"wpcf7-form-control wpcf7-text wpcf7-validates-as-required\" aria-required=\"true\" aria-invalid=\"false\" value=\"\" type=\"text\" name=\"FirstName\" \/><\/span>\n\t\t\t\t<\/p>\n\t\t\t<\/td>\n\t\t<\/tr>\n\t\t<tr>\n\t\t\t<td align=\"center\" bgcolor=\"white\" >\n\t\t\t\t<p>Nom:\n\t\t\t\t<\/p>\n\t\t\t<\/td>\n\t\t\t<td bgcolor=\"white\" >\n\t\t\t\t<p><span class=\"wpcf7-form-control-wrap\" data-name=\"your-name\"><input size=\"40\" maxlength=\"400\" class=\"wpcf7-form-control wpcf7-text wpcf7-validates-as-required\" aria-required=\"true\" aria-invalid=\"false\" value=\"\" type=\"text\" name=\"your-name\" \/><\/span>\n\t\t\t\t<\/p>\n\t\t\t<\/td>\n\t\t<\/tr>\n\t\t<tr>\n\t\t\t<td align=\"center\" bgcolor=\"white\" >\n\t\t\t\t<p>Email:\n\t\t\t\t<\/p>\n\t\t\t<\/td>\n\t\t\t<td bgcolor=\"white\" >\n\t\t\t\t<p><span class=\"wpcf7-form-control-wrap\" data-name=\"your-email\"><input size=\"40\" maxlength=\"400\" class=\"wpcf7-form-control wpcf7-email wpcf7-validates-as-required wpcf7-text wpcf7-validates-as-email\" aria-required=\"true\" aria-invalid=\"false\" value=\"\" type=\"email\" name=\"your-email\" \/><\/span>\n\t\t\t\t<\/p>\n\t\t\t<\/td>\n\t\t<\/tr>\n\t\t<tr>\n\t\t\t<td align=\"center\" bgcolor=\"white\" >\n\t\t\t\t<p>Soci\u00e9t\u00e9:\n\t\t\t\t<\/p>\n\t\t\t<\/td>\n\t\t\t<td bgcolor=\"white\" >\n\t\t\t\t<p><span class=\"wpcf7-form-control-wrap\" data-name=\"Socit\"><input size=\"40\" maxlength=\"400\" class=\"wpcf7-form-control wpcf7-text wpcf7-validates-as-required\" aria-required=\"true\" aria-invalid=\"false\" value=\"\" type=\"text\" name=\"Socit\" \/><\/span>\n\t\t\t\t<\/p>\n\t\t\t<\/td>\n\t\t<\/tr>\n\t\t<tr>\n\t\t\t<td bgcolor=\"white\" >\n\t\t\t\t<p>T\u00e9l\u00e9phone:\n\t\t\t\t<\/p>\n\t\t\t<\/td>\n\t\t\t<td bgcolor=\"white\" >\n\t\t\t\t<p><span class=\"wpcf7-form-control-wrap\" data-name=\"Telephone\"><input size=\"40\" maxlength=\"400\" class=\"wpcf7-form-control wpcf7-tel wpcf7-validates-as-required wpcf7-text wpcf7-validates-as-tel\" aria-required=\"true\" aria-invalid=\"false\" value=\"\" type=\"tel\" name=\"Telephone\" \/><\/span>\n\t\t\t\t<\/p>\n\t\t\t<\/td>\n\t\t<\/tr>\n\t\t<tr>\n\t\t\t<td bgcolor=\"white\" >\n\t\t\t\t<p>Saisissez le code :\n\t\t\t\t<\/p>\n\t\t\t<\/td>\n\t\t\t<td bgcolor=\"white\" >\n\t\t\t\t<p><input type=\"hidden\" name=\"_wpcf7_captcha_challenge_captcha-778\" value=\"1343443952\" \/><img loading=\"lazy\" decoding=\"async\" class=\"wpcf7-form-control wpcf7-captchac wpcf7-captcha-captcha-778\" width=\"72\" height=\"24\" alt=\"captcha\" src=\"https:\/\/www.solutions-exchange.fr\/wp-content\/uploads\/wpcf7_captcha\/1343443952.png\" \/><br \/>\n<span class=\"wpcf7-form-control-wrap\" data-name=\"captcha-778\"><input size=\"4\" maxlength=\"4\" class=\"wpcf7-form-control wpcf7-captchar\" autocomplete=\"off\" aria-invalid=\"false\" value=\"\" type=\"text\" name=\"captcha-778\" \/><\/span>\n\t\t\t\t<\/p>\n\t\t\t<\/td>\n\t\t<\/tr>\n\t<\/tbody>\n<\/table>\n<p><input class=\"wpcf7-form-control wpcf7-submit has-spinner\" type=\"submit\" value=\"Envoyez\" \/>\n<\/p><input type='hidden' class='wpcf7-pum' value='{\"closepopup\":false,\"closedelay\":0,\"openpopup\":true,\"openpopup_id\":3304}' \/><div class=\"wpcf7-response-output\" aria-hidden=\"true\"><\/div>\n<\/form>\n<\/div>\n[\/vc_column][\/vc_row][vc_row][vc_column][vc_column_text]<\/p>\n<p>[\/vc_column_text][vc_column_text]<\/p>\n<div class=\"eut-element eut-text\">\n<div class=\"eut-element eut-text\">\n<div class=\"eut-element eut-text\">\n<div class=\"eut-element eut-text\">\n<p>En tant que responsable IT, vous savez que la performance et la fiabilit\u00e9 de votre solution de monitoring sont essentielles pour la continuit\u00e9 de vos activit\u00e9s.<\/p>\n<p>C\u2019est pourquoi nous vous invitons \u00e0 notre webinaire d\u00e9di\u00e9 \u00e0 une solution con\u00e7ue pour aller bien au-del\u00e0 de ce que propose certains outils bien connus du march\u00e9 avec un co\u00fbt moins \u00e9lev\u00e9.<\/p>\n<p>&nbsp;<\/p>\n<p>Pourquoi participer \u00e0 ce webinaire\u00a0:<\/p>\n<p><strong>Nous vous pr\u00e9senterons lors de d\u00e9monstrations les atouts de cette solution qui ont convaincu nos clients\u00a0:<\/strong><\/p>\n<ul>\n<li>Une surveillance en temps r\u00e9el ultrapr\u00e9cise :<\/li>\n<\/ul>\n<p>Gr\u00e2ce \u00e0 une technologie de monitoring avanc\u00e9e, cet outil d\u00e9tecte instantan\u00e9ment les anomalies sur votre r\u00e9seau, vos serveurs et applications, permettant ainsi une r\u00e9solution proactive des incidents.<\/p>\n<ul>\n<li>Une interface intuitive et personnalisable :<\/li>\n<\/ul>\n<p>Gr\u00e2ce \u00e0 un dashboard clair et configurable qui offre une vue centralis\u00e9e de l\u2019ensemble de vos infrastructures IT. La courbe d\u2019apprentissage est rapide, pour une prise en main imm\u00e9diate par vos \u00e9quipes.<\/p>\n<ul>\n<li>D\u00e9couverte automatique et mapping dynamique :<\/li>\n<\/ul>\n<p>Identifiez et cartographiez automatiquement tous vos \u00e9quipements, qu\u2019ils soient physiques ou virtuels. La cartographie dynamique vous aide \u00e0 visualiser rapidement les d\u00e9pendances et \u00e0 planifier vos \u00e9volutions.<\/p>\n<ul>\n<li>Alertes intelligentes et configurables :<\/li>\n<\/ul>\n<p>Configurez des seuils d\u2019alerte adapt\u00e9s \u00e0 vos besoins. Le syst\u00e8me d\u2019alerting vous notifie en temps r\u00e9el des probl\u00e8mes potentiels, \u00e9vitant ainsi toute interruption de service.<\/p>\n<ul>\n<li>Automatisation et gain de temps :<\/li>\n<\/ul>\n<p>Automatisez les t\u00e2ches r\u00e9p\u00e9titives et les rapports de performance pour lib\u00e9rer du temps \u00e0 vos \u00e9quipes IT. L\u2019optimisation des processus permet une meilleure allocation des ressources et une r\u00e9duction des co\u00fbts op\u00e9rationnels.<\/p>\n<ul>\n<li>Scalabilit\u00e9 et int\u00e9gration :<\/li>\n<\/ul>\n<p>Cette solution est con\u00e7ue pour s\u2019adapter \u00e0 la croissance de votre infrastructure. De plus, elle s\u2019int\u00e8gre facilement \u00e0 vos outils existants, offrant une solution unifi\u00e9e et coh\u00e9rente.<\/p>\n<ul>\n<li>Comparatif qui a convaincu nos clients :<\/li>\n<\/ul>\n<p>Cet outil offre une personnalisation pouss\u00e9e, une meilleure gestion des environnements complexes et un ROI plus attractif gr\u00e2ce \u00e0 une solution tout-en-un.<\/p>\n<p><strong>Ce webinaire sera l\u2019occasion de vous pr\u00e9senter des d\u00e9monstrations en direct, de r\u00e9pondre \u00e0 toutes vos questions techniques et de vous montrer comment vous pouvez transformer la gestion de votre infrastructure IT.<\/strong><\/p>\n<\/div>\n<\/div>\n<\/div>\n<\/div>\n<p>[\/vc_column_text][\/vc_column][\/vc_row]<\/p>\n","protected":false},"excerpt":{"rendered":"<p>[vc_row rc_bg_type=\u00a0\u00bbimage\u00a0\u00bb rc_bg_image=\u00a0\u00bb49&Prime;][vc_column width=\u00a0\u00bb1\/2&Prime;][vc_column_text] Webinar Solutions Exchange [\/vc_column_text][vc_column_text] Acc\u00e9dez \u00e0 la vid\u00e9o du webinar 30 minutes pour d\u00e9couvrir une alternative aux offres de monitoring de plus en plus co\u00fbteuses [\/vc_column_text][\/vc_column][vc_column width=\u00a0\u00bb1\/2&Prime; vertical_content_position=\u00a0\u00bbmiddle\u00a0\u00bb text_align=\u00a0\u00bbright\u00a0\u00bb rc_bg_type=\u00a0\u00bbcolor\u00a0\u00bb rc_bg_color=\u00a0\u00bb#ffffff\u00a0\u00bb][\/vc_column][\/vc_row][vc_row][vc_column][vc_column_text] [\/vc_column_text][vc_column_text] En tant que responsable IT, vous savez que la performance et la fiabilit\u00e9 de votre solution de monitoring sont [&hellip;]<\/p>\n","protected":false},"author":1,"featured_media":0,"parent":0,"menu_order":0,"comment_status":"closed","ping_status":"closed","template":"","meta":{"_uag_custom_page_level_css":"","footnotes":""},"class_list":["post-3293","page","type-page","status-publish","hentry"],"yoast_head":"<!-- This site is optimized with the Yoast SEO plugin v27.5 - https:\/\/yoast.com\/product\/yoast-seo-wordpress\/ -->\n<title>Formulaire demande acc\u00e8s vid\u00e9o OpManager - Solutions Exchange<\/title>\n<meta name=\"robots\" content=\"index, follow, max-snippet:-1, max-image-preview:large, max-video-preview:-1\" \/>\n<link rel=\"canonical\" href=\"https:\/\/www.solutions-exchange.fr\/index.php\/formulaire-demande-acces-video-opmanager\/\" \/>\n<meta property=\"og:locale\" content=\"fr_FR\" \/>\n<meta property=\"og:type\" content=\"article\" \/>\n<meta property=\"og:title\" content=\"Formulaire demande acc\u00e8s vid\u00e9o OpManager - Solutions Exchange\" \/>\n<meta property=\"og:description\" content=\"[vc_row rc_bg_type=\u00a0\u00bbimage\u00a0\u00bb rc_bg_image=\u00a0\u00bb49&Prime;][vc_column width=\u00a0\u00bb1\/2&Prime;][vc_column_text] Webinar Solutions Exchange [\/vc_column_text][vc_column_text] Acc\u00e9dez \u00e0 la vid\u00e9o du webinar 30 minutes pour d\u00e9couvrir une alternative aux offres de monitoring de plus en plus co\u00fbteuses [\/vc_column_text][\/vc_column][vc_column width=\u00a0\u00bb1\/2&Prime; vertical_content_position=\u00a0\u00bbmiddle\u00a0\u00bb text_align=\u00a0\u00bbright\u00a0\u00bb rc_bg_type=\u00a0\u00bbcolor\u00a0\u00bb rc_bg_color=\u00a0\u00bb#ffffff\u00a0\u00bb][\/vc_column][\/vc_row][vc_row][vc_column][vc_column_text] [\/vc_column_text][vc_column_text] En tant que responsable IT, vous savez que la performance et la fiabilit\u00e9 de votre solution de monitoring sont [&hellip;]\" \/>\n<meta property=\"og:url\" content=\"https:\/\/www.solutions-exchange.fr\/index.php\/formulaire-demande-acces-video-opmanager\/\" \/>\n<meta property=\"og:site_name\" content=\"Solutions Exchange\" \/>\n<meta property=\"article:modified_time\" content=\"2025-03-12T15:14:57+00:00\" \/>\n<meta name=\"twitter:card\" content=\"summary_large_image\" \/>\n<meta name=\"twitter:label1\" content=\"Dur\u00e9e de lecture estim\u00e9e\" \/>\n\t<meta name=\"twitter:data1\" content=\"2 minutes\" \/>\n<script type=\"application\/ld+json\" class=\"yoast-schema-graph\">{\"@context\":\"https:\\\/\\\/schema.org\",\"@graph\":[{\"@type\":\"WebPage\",\"@id\":\"https:\\\/\\\/www.solutions-exchange.fr\\\/index.php\\\/formulaire-demande-acces-video-opmanager\\\/\",\"url\":\"https:\\\/\\\/www.solutions-exchange.fr\\\/index.php\\\/formulaire-demande-acces-video-opmanager\\\/\",\"name\":\"Formulaire demande acc\u00e8s vid\u00e9o OpManager - Solutions Exchange\",\"isPartOf\":{\"@id\":\"https:\\\/\\\/www.solutions-exchange.fr\\\/#website\"},\"datePublished\":\"2025-03-12T15:07:10+00:00\",\"dateModified\":\"2025-03-12T15:14:57+00:00\",\"breadcrumb\":{\"@id\":\"https:\\\/\\\/www.solutions-exchange.fr\\\/index.php\\\/formulaire-demande-acces-video-opmanager\\\/#breadcrumb\"},\"inLanguage\":\"fr-FR\",\"potentialAction\":[{\"@type\":\"ReadAction\",\"target\":[\"https:\\\/\\\/www.solutions-exchange.fr\\\/index.php\\\/formulaire-demande-acces-video-opmanager\\\/\"]}]},{\"@type\":\"BreadcrumbList\",\"@id\":\"https:\\\/\\\/www.solutions-exchange.fr\\\/index.php\\\/formulaire-demande-acces-video-opmanager\\\/#breadcrumb\",\"itemListElement\":[{\"@type\":\"ListItem\",\"position\":1,\"name\":\"Accueil\",\"item\":\"https:\\\/\\\/www.solutions-exchange.fr\\\/\"},{\"@type\":\"ListItem\",\"position\":2,\"name\":\"Formulaire demande acc\u00e8s vid\u00e9o OpManager\"}]},{\"@type\":\"WebSite\",\"@id\":\"https:\\\/\\\/www.solutions-exchange.fr\\\/#website\",\"url\":\"https:\\\/\\\/www.solutions-exchange.fr\\\/\",\"name\":\"Solutions Exchange\",\"description\":\"\",\"potentialAction\":[{\"@type\":\"SearchAction\",\"target\":{\"@type\":\"EntryPoint\",\"urlTemplate\":\"https:\\\/\\\/www.solutions-exchange.fr\\\/?s={search_term_string}\"},\"query-input\":{\"@type\":\"PropertyValueSpecification\",\"valueRequired\":true,\"valueName\":\"search_term_string\"}}],\"inLanguage\":\"fr-FR\"}]}<\/script>\n<!-- \/ Yoast SEO plugin. -->","yoast_head_json":{"title":"Formulaire demande acc\u00e8s vid\u00e9o OpManager - Solutions Exchange","robots":{"index":"index","follow":"follow","max-snippet":"max-snippet:-1","max-image-preview":"max-image-preview:large","max-video-preview":"max-video-preview:-1"},"canonical":"https:\/\/www.solutions-exchange.fr\/index.php\/formulaire-demande-acces-video-opmanager\/","og_locale":"fr_FR","og_type":"article","og_title":"Formulaire demande acc\u00e8s vid\u00e9o OpManager - Solutions Exchange","og_description":"[vc_row rc_bg_type=\u00a0\u00bbimage\u00a0\u00bb rc_bg_image=\u00a0\u00bb49&Prime;][vc_column width=\u00a0\u00bb1\/2&Prime;][vc_column_text] Webinar Solutions Exchange [\/vc_column_text][vc_column_text] Acc\u00e9dez \u00e0 la vid\u00e9o du webinar 30 minutes pour d\u00e9couvrir une alternative aux offres de monitoring de plus en plus co\u00fbteuses [\/vc_column_text][\/vc_column][vc_column width=\u00a0\u00bb1\/2&Prime; vertical_content_position=\u00a0\u00bbmiddle\u00a0\u00bb text_align=\u00a0\u00bbright\u00a0\u00bb rc_bg_type=\u00a0\u00bbcolor\u00a0\u00bb rc_bg_color=\u00a0\u00bb#ffffff\u00a0\u00bb][\/vc_column][\/vc_row][vc_row][vc_column][vc_column_text] [\/vc_column_text][vc_column_text] En tant que responsable IT, vous savez que la performance et la fiabilit\u00e9 de votre solution de monitoring sont [&hellip;]","og_url":"https:\/\/www.solutions-exchange.fr\/index.php\/formulaire-demande-acces-video-opmanager\/","og_site_name":"Solutions Exchange","article_modified_time":"2025-03-12T15:14:57+00:00","twitter_card":"summary_large_image","twitter_misc":{"Dur\u00e9e de lecture estim\u00e9e":"2 minutes"},"schema":{"@context":"https:\/\/schema.org","@graph":[{"@type":"WebPage","@id":"https:\/\/www.solutions-exchange.fr\/index.php\/formulaire-demande-acces-video-opmanager\/","url":"https:\/\/www.solutions-exchange.fr\/index.php\/formulaire-demande-acces-video-opmanager\/","name":"Formulaire demande acc\u00e8s vid\u00e9o OpManager - Solutions Exchange","isPartOf":{"@id":"https:\/\/www.solutions-exchange.fr\/#website"},"datePublished":"2025-03-12T15:07:10+00:00","dateModified":"2025-03-12T15:14:57+00:00","breadcrumb":{"@id":"https:\/\/www.solutions-exchange.fr\/index.php\/formulaire-demande-acces-video-opmanager\/#breadcrumb"},"inLanguage":"fr-FR","potentialAction":[{"@type":"ReadAction","target":["https:\/\/www.solutions-exchange.fr\/index.php\/formulaire-demande-acces-video-opmanager\/"]}]},{"@type":"BreadcrumbList","@id":"https:\/\/www.solutions-exchange.fr\/index.php\/formulaire-demande-acces-video-opmanager\/#breadcrumb","itemListElement":[{"@type":"ListItem","position":1,"name":"Accueil","item":"https:\/\/www.solutions-exchange.fr\/"},{"@type":"ListItem","position":2,"name":"Formulaire demande acc\u00e8s vid\u00e9o OpManager"}]},{"@type":"WebSite","@id":"https:\/\/www.solutions-exchange.fr\/#website","url":"https:\/\/www.solutions-exchange.fr\/","name":"Solutions Exchange","description":"","potentialAction":[{"@type":"SearchAction","target":{"@type":"EntryPoint","urlTemplate":"https:\/\/www.solutions-exchange.fr\/?s={search_term_string}"},"query-input":{"@type":"PropertyValueSpecification","valueRequired":true,"valueName":"search_term_string"}}],"inLanguage":"fr-FR"}]}},"uagb_featured_image_src":{"full":false,"thumbnail":false,"medium":false,"medium_large":false,"large":false,"1536x1536":false,"2048x2048":false,"zuperla-eutf-large-rect-horizontal":false,"zuperla-eutf-small-square":false,"zuperla-eutf-small-rect-horizontal":false,"zuperla-eutf-small-rect-vertical":false,"zuperla-eutf-medium-square":false,"zuperla-eutf-medium-rect-horizontal":false,"zuperla-eutf-medium-rect-vertical":false,"zuperla-eutf-fullscreen":false},"uagb_author_info":{"display_name":"admin6583","author_link":"https:\/\/www.solutions-exchange.fr\/index.php\/author\/admin6583\/"},"uagb_comment_info":0,"uagb_excerpt":"[vc_row rc_bg_type=\u00a0\u00bbimage\u00a0\u00bb rc_bg_image=\u00a0\u00bb49&Prime;][vc_column width=\u00a0\u00bb1\/2&Prime;][vc_column_text] Webinar Solutions Exchange [\/vc_column_text][vc_column_text] Acc\u00e9dez \u00e0 la vid\u00e9o du webinar 30 minutes pour d\u00e9couvrir une alternative aux offres de monitoring de plus en plus co\u00fbteuses [\/vc_column_text][\/vc_column][vc_column width=\u00a0\u00bb1\/2&Prime; vertical_content_position=\u00a0\u00bbmiddle\u00a0\u00bb text_align=\u00a0\u00bbright\u00a0\u00bb rc_bg_type=\u00a0\u00bbcolor\u00a0\u00bb rc_bg_color=\u00a0\u00bb#ffffff\u00a0\u00bb][\/vc_column][\/vc_row][vc_row][vc_column][vc_column_text] [\/vc_column_text][vc_column_text] En tant que responsable IT, vous savez que la performance et la fiabilit\u00e9 de votre solution de monitoring sont\u2026","_links":{"self":[{"href":"https:\/\/www.solutions-exchange.fr\/index.php\/wp-json\/wp\/v2\/pages\/3293","targetHints":{"allow":["GET"]}}],"collection":[{"href":"https:\/\/www.solutions-exchange.fr\/index.php\/wp-json\/wp\/v2\/pages"}],"about":[{"href":"https:\/\/www.solutions-exchange.fr\/index.php\/wp-json\/wp\/v2\/types\/page"}],"author":[{"embeddable":true,"href":"https:\/\/www.solutions-exchange.fr\/index.php\/wp-json\/wp\/v2\/users\/1"}],"replies":[{"embeddable":true,"href":"https:\/\/www.solutions-exchange.fr\/index.php\/wp-json\/wp\/v2\/comments?post=3293"}],"version-history":[{"count":4,"href":"https:\/\/www.solutions-exchange.fr\/index.php\/wp-json\/wp\/v2\/pages\/3293\/revisions"}],"predecessor-version":[{"id":3298,"href":"https:\/\/www.solutions-exchange.fr\/index.php\/wp-json\/wp\/v2\/pages\/3293\/revisions\/3298"}],"wp:attachment":[{"href":"https:\/\/www.solutions-exchange.fr\/index.php\/wp-json\/wp\/v2\/media?parent=3293"}],"curies":[{"name":"wp","href":"https:\/\/api.w.org\/{rel}","templated":true}]}}