{"id":602,"date":"2021-08-12T09:36:25","date_gmt":"2021-08-12T07:36:25","guid":{"rendered":"https:\/\/contact.solutions-exchange.fr\/?page_id=602"},"modified":"2021-11-09T17:53:46","modified_gmt":"2021-11-09T16:53:46","slug":"netwrix-auditor-sharepoint","status":"publish","type":"page","link":"https:\/\/www.solutions-exchange.fr\/index.php\/netwrix-auditor-sharepoint\/","title":{"rendered":"Netwrix Auditor SharePoint"},"content":{"rendered":"<p>[vc_row height_ratio=\u00a0\u00bb40&Prime; rc_bg_type=\u00a0\u00bbimage\u00a0\u00bb rc_bg_image=\u00a0\u00bb1544&Prime;][vc_column]<div class=\"eut-empty-space\" style=\"height: 150px;\"><\/div>[\/vc_column][vc_column][vc_column_text]<\/p>\n<h3><span class=\"white-text\" style=\"color: #ffffff;\">Netwrix Auditor pour\u00a0SharePoint<\/span><\/h3>\n<p><span class=\"white-text\" style=\"color: #ffffff;\">Visibilit\u00e9 totale sur ce qui se passe dans votre environnement SharePoint<\/span>[\/vc_column_text][\/vc_column][vc_column]<div class=\"eut-empty-space\" style=\"height: 150px;\"><\/div>[\/vc_column][\/vc_row][vc_row][vc_column]<div class=\"eut-empty-space\" style=\"height: 32px;\"><\/div>[vc_column_text]<\/p>\n<h4 style=\"text-align: center;\"><strong>Logiciel d\u2019Audit SharePoint<\/strong><\/h4>\n<p style=\"text-align: center;\">Netwrix Auditor pour SharePoint permet une visibilit\u00e9 compl\u00e8te sur l\u2019environnement SharePoint afin d\u2019aider les organisations \u00e0 r\u00e9duire les risques, rationaliser la conformit\u00e9 et optimiser les op\u00e9rations. Il enregistre et fournit des rapports sur la configuration des fermes SharePoint, la s\u00e9curit\u00e9 et le contenu des utilisateurs, incluant les modifications des permissions et l\u2019h\u00e9ritage des permissions, l\u2019appartenance aux groupes et les strat\u00e9gies de s\u00e9curit\u00e9s.<\/p>\n<p>[\/vc_column_text]<div class=\"eut-empty-space\" style=\"height: 32px;\"><\/div>[\/vc_column][vc_column width=\u00a0\u00bb1\/2&Prime;]<div class=\"eut-element eut-single-icon eut-align-center eut-small\" style=\"\">  <div class=\"eut-wrapper-icon eut-no-shape eut-text-grey\"><i class=\"fas fa-search eut-text-primary-6\"><\/i><\/div><\/div>[vc_column_text]<\/p>\n<h4 style=\"text-align: center;\">Qui a chang\u00e9 Quoi, Quand et O\u00f9<\/h4>\n<p style=\"text-align: center;\">Identifiez simplement qui a r\u00e9alis\u00e9 un changement sp\u00e9cifique sur l\u2019ensemble de votre environnement SharePoint et ce qui a exactement \u00e9t\u00e9 modifi\u00e9 en ayant les valeurs avant\/apr\u00e8s.<\/p>\n<p>[\/vc_column_text][\/vc_column][vc_column width=\u00a0\u00bb1\/2&Prime;]<div class=\"eut-element eut-single-icon eut-align-center eut-small\" style=\"\">  <div class=\"eut-wrapper-icon eut-no-shape eut-text-grey\"><i class=\"fas fa-user-alt-slash eut-text-primary-6\"><\/i><\/div><\/div>[vc_column_text]<\/p>\n<h4 style=\"text-align: center;\">Tableau de bord et rapports d&rsquo;audit d\u00e9taill\u00e9s<\/h4>\n<div class=\"vc_row wpb_row row\">\n<div class=\"wpb_column vc_column_container vc_col-sm-6\">\n<div class=\"vc_column-inner \">\n<div class=\"wpb_wrapper\">\n<div class=\"wpb_text_column wpb_content_element \">\n<div class=\"wpb_wrapper\">\n<p style=\"text-align: center;\">Acc\u00e9dez \u00e0 un ensemble de rapport d\u2019audit pr\u00e9d\u00e9finis avec la possibilit\u00e9 de filtrer, classer, exporter les donn\u00e9es d\u2019audit et de s\u2019abonner aux rapports par email.<\/p>\n<\/div>\n<\/div>\n<\/div>\n<\/div>\n<\/div>\n<\/div>\n<div class=\"vc_row wpb_row row\">\n<div class=\"wpb_column vc_column_container vc_col-sm-12\">\n<div class=\"vc_column-inner \">\n<div class=\"wpb_wrapper\"><\/div>\n<\/div>\n<\/div>\n<\/div>\n<p>[\/vc_column_text][\/vc_column][vc_column width=\u00a0\u00bb1\/2&Prime;]<div class=\"eut-element eut-single-icon eut-align-center eut-small\" style=\"\">  <div class=\"eut-wrapper-icon eut-no-shape eut-text-grey\"><i class=\"fas fa-balance-scale eut-text-primary-6\"><\/i><\/div><\/div>[vc_column_text]<\/p>\n<h4 style=\"text-align: center;\">Fonctionnement sans agent ou avec des agents non intrusifs<\/h4>\n<p style=\"text-align: center;\">Utilise des agents l\u00e9gers, non-intrusifs qui ne d\u00e9gradent pas les performances du serveur SharePoint et n\u2019augmentent pas les risques d\u2019arr\u00eat de service<\/p>\n<p>[\/vc_column_text]<div class=\"eut-empty-space\" style=\"height: 32px;\"><\/div>[\/vc_column][vc_column width=\u00a0\u00bb1\/2&Prime;]<div class=\"eut-element eut-single-icon eut-align-center eut-small\" style=\"\">  <div class=\"eut-wrapper-icon eut-no-shape eut-text-grey\"><i class=\"fas fa-balance-scale eut-text-primary-6\"><\/i><\/div><\/div>[vc_column_text]<\/p>\n<h3 style=\"text-align: center;\">Rapports de conformit\u00e9 SharePoint pour ISO, PCI DSS, SOX, FISMA et HIPAA<\/h3>\n<p style=\"text-align: center;\">Fournir des rapports cl\u00e9s en main configur\u00e9s pour respecter les standard de conformit\u00e9 comme ISO\/IEC 27001, PCI DSS 3.0, SOX, FISMA.NIST800-53 ou HIPAA.<\/p>\n<p>[\/vc_column_text][\/vc_column][vc_column][\/vc_column][\/vc_row][vc_row rc_bg_type=\u00a0\u00bbcolor\u00a0\u00bb rc_bg_color=\u00a0\u00bb#0860a3&Prime;][vc_column]<div class=\"eut-empty-space\" style=\"height: 32px;\"><\/div>[\/vc_column][vc_column width=\u00a0\u00bb1\/2&Prime;][vc_column_text]<\/p>\n<h4><span style=\"color: #ffffff;\">Obtenez une vue parfaite des changements sur l&rsquo;ensemble de votre environnement SharePoint<\/span><\/h4>\n<p><span style=\"color: #ffffff;\">Conservez une regarde sur tout ce qui se passe sur vos fermes SharePoint vous permettant ainsi de r\u00e9duire les risques de d&rsquo;interruption de service ou de divulgation de donn\u00e9es confidentielles. Le tableau de bord global une vue consolid\u00e9e des statistiques de changements et vous permet de zoomer sur le d\u00e9tails de chaque changements. Les multiples rapports pr\u00e9d\u00e9finis sont fournit avec des capacit\u00e9s de filtres, d&rsquo;export et d&rsquo;abonnement. \u00a0Ces rapports pr\u00e9cis d&rsquo;audit sont stock\u00e9s sous 2 format diff\u00e9rents (format fichier + SQL) pendant plus de 10 ans.<\/span>[\/vc_column_text][\/vc_column][vc_column width=\u00a0\u00bb1\/2&Prime;]<div class=\"eut-element eut-image eut-align-center\" style=\"\">  <div class=\"eut-image-wrapper\"><img loading=\"lazy\" decoding=\"async\" width=\"640\" height=\"450\" src=\"https:\/\/www.solutions-exchange.fr\/wp-content\/uploads\/2021\/Netwrix\/Streamline_investigations_to_reduce.png\" class=\"attachment-full size-full\" alt=\"\" srcset=\"https:\/\/www.solutions-exchange.fr\/wp-content\/uploads\/2021\/Netwrix\/Streamline_investigations_to_reduce.png 640w, https:\/\/www.solutions-exchange.fr\/wp-content\/uploads\/2021\/Netwrix\/Streamline_investigations_to_reduce-300x211.png 300w\" sizes=\"auto, (max-width: 640px) 100vw, 640px\" \/>  <\/div><\/div>[\/vc_column][vc_column]<div class=\"eut-empty-space\" style=\"height: 32px;\"><\/div>[\/vc_column][\/vc_row][vc_row][vc_column]<div class=\"eut-empty-space\" style=\"height: 32px;\"><\/div>[\/vc_column][vc_column width=\u00a0\u00bb1\/2&Prime;]<div class=\"eut-element eut-image eut-align-center\" style=\"\">  <div class=\"eut-image-wrapper\"><img loading=\"lazy\" decoding=\"async\" width=\"641\" height=\"451\" src=\"https:\/\/www.solutions-exchange.fr\/wp-content\/uploads\/2021\/Netwrix\/Stay_on_top_of_all_changes.png\" class=\"attachment-full size-full\" alt=\"\" srcset=\"https:\/\/www.solutions-exchange.fr\/wp-content\/uploads\/2021\/Netwrix\/Stay_on_top_of_all_changes.png 641w, https:\/\/www.solutions-exchange.fr\/wp-content\/uploads\/2021\/Netwrix\/Stay_on_top_of_all_changes-300x211.png 300w\" sizes=\"auto, (max-width: 641px) 100vw, 641px\" \/>  <\/div><\/div>[\/vc_column][vc_column width=\u00a0\u00bb1\/2&Prime;][vc_column_text]<\/p>\n<h4>Continuez \u00e0 ma\u00eetriser tous les changements et d\u00e9passez les limitations des outils d&rsquo;audit natifs<\/h4>\n<p>A la diff\u00e9rence des outils d&rsquo;audit natifs SharePoint, Netwrix Auditor peut <strong>enregistrer et fournir des rapports depuis une console centrale d&rsquo;administration<\/strong>. Vous pouvez visualiser quels administrateurs ont ajout\u00e9s des utilisateurs \u00e0 des groupes de s\u00e9curit\u00e9 restreint, quel utilisateur ont rompus les h\u00e9ritages ou viol\u00e9 les r\u00e8gles de privil\u00e8ge peu \u00e9lev\u00e9. En aillant <strong>des d\u00e9tails cl\u00e9s sur toute l&rsquo;activit\u00e9 sur SharePoint<\/strong>, vous pouvez monitorer chaque individu qui peut mettre en p\u00e9ril la s\u00e9curit\u00e9 et vous assurer que vous ne manquerez jamais un changement important.[\/vc_column_text][\/vc_column][vc_column]<div class=\"eut-empty-space\" style=\"height: 32px;\"><\/div>[\/vc_column][\/vc_row][vc_row rc_bg_type=\u00a0\u00bbcolor\u00a0\u00bb rc_bg_color=\u00a0\u00bb#0860a3&Prime;][vc_column]<div class=\"eut-empty-space\" style=\"height: 32px;\"><\/div>[\/vc_column][vc_column width=\u00a0\u00bb1\/2&Prime;][vc_column_text]<\/p>\n<h4><span style=\"color: #ffffff;\">Am\u00e9liorez vos recherches et renforcez votre gestion du changement sur SharePoint<\/span><\/h4>\n<p><span style=\"color: #ffffff;\">Devez-vous enregistrer les changements qui violent les r\u00e8gles de s\u00e9curit\u00e9 de l&rsquo;entreprise et d\u00e9couvrir pourquoi cela est arriv\u00e9 ? Etes-vous frustr\u00e9 du temps n\u00e9cessaire pour r\u00e9pondre \u00e0 cette question complexe d&rsquo;auditeur interne ou externe ?\u00a0La <strong>recherche\u00a0<\/strong><b>interactive<\/b>\u00a0de Netwrix Auditor pour SharePoint permet de d\u00e9couvrir rapidement pourquoi cela s&rsquo;est pass\u00e9 et prendre les mesures pour \u00e9viter qu&rsquo;un incident similaire se reproduise.<\/span>[\/vc_column_text][\/vc_column][vc_column width=\u00a0\u00bb1\/2&Prime;]<div class=\"eut-element eut-image eut-align-center\" style=\"\">  <div class=\"eut-image-wrapper\"><img loading=\"lazy\" decoding=\"async\" width=\"640\" height=\"450\" src=\"https:\/\/www.solutions-exchange.fr\/wp-content\/uploads\/2021\/Netwrix\/Support_your_investigations.png\" class=\"attachment-full size-full\" alt=\"\" srcset=\"https:\/\/www.solutions-exchange.fr\/wp-content\/uploads\/2021\/Netwrix\/Support_your_investigations.png 640w, https:\/\/www.solutions-exchange.fr\/wp-content\/uploads\/2021\/Netwrix\/Support_your_investigations-300x211.png 300w\" sizes=\"auto, (max-width: 640px) 100vw, 640px\" \/>  <\/div><\/div>[\/vc_column][vc_column]<div class=\"eut-empty-space\" style=\"height: 32px;\"><\/div>[\/vc_column][\/vc_row][vc_row][vc_column]<div class=\"eut-empty-space\" style=\"height: 32px;\"><\/div>[\/vc_column][vc_column][vc_column_text]<\/p>\n<h2 style=\"text-align: center;\">Fournissez un acc\u00e8s aux donn\u00e9es d&rsquo;audit SharePoint\u00a0aux personnes qui en ont besoin dans votre organisation.<\/h2>\n<p>[\/vc_column_text][\/vc_column][vc_column]<div class=\"eut-element eut-image eut-align-center\" style=\"\">  <div class=\"eut-image-wrapper\"><img loading=\"lazy\" decoding=\"async\" width=\"1138\" height=\"392\" src=\"https:\/\/www.solutions-exchange.fr\/wp-content\/uploads\/2021\/Netwrix\/Pyramide_fr.png\" class=\"attachment-full size-full\" alt=\"\" srcset=\"https:\/\/www.solutions-exchange.fr\/wp-content\/uploads\/2021\/Netwrix\/Pyramide_fr.png 1138w, https:\/\/www.solutions-exchange.fr\/wp-content\/uploads\/2021\/Netwrix\/Pyramide_fr-300x103.png 300w, https:\/\/www.solutions-exchange.fr\/wp-content\/uploads\/2021\/Netwrix\/Pyramide_fr-1024x353.png 1024w, https:\/\/www.solutions-exchange.fr\/wp-content\/uploads\/2021\/Netwrix\/Pyramide_fr-768x265.png 768w\" sizes=\"auto, (max-width: 1138px) 100vw, 1138px\" \/>  <\/div><\/div>[\/vc_column][vc_column]<div class=\"eut-empty-space\" style=\"height: 32px;\"><\/div>[\/vc_column][\/vc_row][vc_row][vc_column width=\u00a0\u00bb1\/4&Prime;]<div class=\"eut-element eut-image eut-align-center\" style=\"\">  <div class=\"eut-image-wrapper\"><img loading=\"lazy\" decoding=\"async\" width=\"100\" height=\"65\" src=\"https:\/\/www.solutions-exchange.fr\/wp-content\/uploads\/2021\/NDC\/Gartner_100x65.png\" class=\"attachment-full size-full\" alt=\"\" \/>  <\/div><\/div><blockquote class=\"eut-element eut-animated-item eut-fade-in eut-duration-slow eut-align-center\" style=\"\" data-delay=\"200\"><p>\u00a0Les outils d&rsquo;audit vous aident \u00e0 analyser vos configurations selon les meilleures pratiques, \u00e0 faire respecter les normes en vigueur et r\u00e9pondre ainsi aux exigences r\u00e9glementaires&#8230;<\/p><\/blockquote>[\/vc_column][vc_column width=\u00a0\u00bb1\/4&Prime;]<div class=\"eut-element eut-image eut-align-center\" style=\"\">  <div class=\"eut-image-wrapper\"><img loading=\"lazy\" decoding=\"async\" width=\"100\" height=\"65\" src=\"https:\/\/www.solutions-exchange.fr\/wp-content\/uploads\/2021\/NDC\/Redmond_100x65.png\" class=\"attachment-full size-full\" alt=\"\" \/>  <\/div><\/div><blockquote class=\"eut-element eut-animated-item eut-fade-in eut-duration-slow eut-align-center\" style=\"\" data-delay=\"200\"><p>L&rsquo;activit\u00e9 d&rsquo;audit est habituellement une t\u00e2che difficile et fastidieuse, surtout si elle est r\u00e9alis\u00e9e manuellement. Les nombreux d\u00e9tails dont vous devez avoir connaissance sont pris en charge par Netwrix Auditor&#8230;<\/p><\/blockquote>[\/vc_column][vc_column width=\u00a0\u00bb1\/4&Prime;]<div class=\"eut-element eut-image eut-align-center\" style=\"\">  <div class=\"eut-image-wrapper\"><img loading=\"lazy\" decoding=\"async\" width=\"100\" height=\"65\" src=\"https:\/\/www.solutions-exchange.fr\/wp-content\/uploads\/2021\/NDC\/WindowsItPro_100x65.png\" class=\"attachment-full size-full\" alt=\"\" \/>  <\/div><\/div><blockquote class=\"eut-element eut-animated-item eut-fade-in eut-duration-slow eut-align-center\" style=\"\" data-delay=\"200\"><p>Le meilleur produit pour la 4\u00e8me ann\u00e9e cons\u00e9cutive\u00a0pour Active Directory et Group Policy et le meilleur produit d&rsquo;audit et de mise en conformit\u00e9&#8230;<\/p><\/blockquote>[\/vc_column][vc_column width=\u00a0\u00bb1\/4&Prime;]<div class=\"eut-element eut-image eut-align-center\" style=\"\">  <div class=\"eut-image-wrapper\"><img loading=\"lazy\" decoding=\"async\" width=\"100\" height=\"65\" src=\"https:\/\/www.solutions-exchange.fr\/wp-content\/uploads\/2021\/NDC\/PetriIT_100x65.png\" class=\"attachment-full size-full\" alt=\"\" \/>  <\/div><\/div><blockquote class=\"eut-element eut-animated-item eut-fade-in eut-duration-slow eut-align-center\" style=\"\" data-delay=\"200\"><p>Netwrix Auditor a obtenu la note de 5 \u00e9toiles (sur 5) et il est conseill\u00e9 \u00e0 toutes les\u00a0entreprises utilisant Active Directory de le tester&#8230;<\/p><\/blockquote>[\/vc_column][\/vc_row]<\/p>\n","protected":false},"excerpt":{"rendered":"<p>[vc_row height_ratio=\u00a0\u00bb40&Prime; rc_bg_type=\u00a0\u00bbimage\u00a0\u00bb rc_bg_image=\u00a0\u00bb1544&Prime;][vc_column][\/vc_column][vc_column][vc_column_text] Netwrix Auditor pour\u00a0SharePoint Visibilit\u00e9 totale sur ce qui se passe dans votre environnement SharePoint[\/vc_column_text][\/vc_column][vc_column][\/vc_column][\/vc_row][vc_row][vc_column][vc_column_text] Logiciel d\u2019Audit SharePoint Netwrix Auditor pour SharePoint permet une visibilit\u00e9 compl\u00e8te sur l\u2019environnement SharePoint afin d\u2019aider les organisations \u00e0 r\u00e9duire les risques, rationaliser la conformit\u00e9 et optimiser les op\u00e9rations. Il enregistre et fournit des rapports sur la [&hellip;]<\/p>\n","protected":false},"author":1,"featured_media":0,"parent":0,"menu_order":0,"comment_status":"closed","ping_status":"closed","template":"","meta":{"_uag_custom_page_level_css":"","footnotes":""},"class_list":["post-602","page","type-page","status-publish","hentry"],"yoast_head":"<!-- This site is optimized with the Yoast SEO plugin v27.4 - https:\/\/yoast.com\/product\/yoast-seo-wordpress\/ -->\n<title>Netwrix Auditor SharePoint - Solutions Exchange<\/title>\n<meta name=\"robots\" content=\"index, follow, max-snippet:-1, max-image-preview:large, max-video-preview:-1\" \/>\n<link rel=\"canonical\" href=\"https:\/\/www.solutions-exchange.fr\/index.php\/netwrix-auditor-sharepoint\/\" \/>\n<meta property=\"og:locale\" content=\"fr_FR\" \/>\n<meta property=\"og:type\" content=\"article\" \/>\n<meta property=\"og:title\" content=\"Netwrix Auditor SharePoint - Solutions Exchange\" \/>\n<meta property=\"og:description\" content=\"[vc_row height_ratio=\u00a0\u00bb40&Prime; rc_bg_type=\u00a0\u00bbimage\u00a0\u00bb rc_bg_image=\u00a0\u00bb1544&Prime;][vc_column][\/vc_column][vc_column][vc_column_text] Netwrix Auditor pour\u00a0SharePoint Visibilit\u00e9 totale sur ce qui se passe dans votre environnement SharePoint[\/vc_column_text][\/vc_column][vc_column][\/vc_column][\/vc_row][vc_row][vc_column][vc_column_text] Logiciel d\u2019Audit SharePoint Netwrix Auditor pour SharePoint permet une visibilit\u00e9 compl\u00e8te sur l\u2019environnement SharePoint afin d\u2019aider les organisations \u00e0 r\u00e9duire les risques, rationaliser la conformit\u00e9 et optimiser les op\u00e9rations. Il enregistre et fournit des rapports sur la [&hellip;]\" \/>\n<meta property=\"og:url\" content=\"https:\/\/www.solutions-exchange.fr\/index.php\/netwrix-auditor-sharepoint\/\" \/>\n<meta property=\"og:site_name\" content=\"Solutions Exchange\" \/>\n<meta property=\"article:modified_time\" content=\"2021-11-09T16:53:46+00:00\" \/>\n<meta name=\"twitter:card\" content=\"summary_large_image\" \/>\n<meta name=\"twitter:label1\" content=\"Dur\u00e9e de lecture estim\u00e9e\" \/>\n\t<meta name=\"twitter:data1\" content=\"3 minutes\" \/>\n<script type=\"application\/ld+json\" class=\"yoast-schema-graph\">{\"@context\":\"https:\\\/\\\/schema.org\",\"@graph\":[{\"@type\":\"WebPage\",\"@id\":\"https:\\\/\\\/www.solutions-exchange.fr\\\/index.php\\\/netwrix-auditor-sharepoint\\\/\",\"url\":\"https:\\\/\\\/www.solutions-exchange.fr\\\/index.php\\\/netwrix-auditor-sharepoint\\\/\",\"name\":\"Netwrix Auditor SharePoint - Solutions Exchange\",\"isPartOf\":{\"@id\":\"https:\\\/\\\/www.solutions-exchange.fr\\\/#website\"},\"datePublished\":\"2021-08-12T07:36:25+00:00\",\"dateModified\":\"2021-11-09T16:53:46+00:00\",\"breadcrumb\":{\"@id\":\"https:\\\/\\\/www.solutions-exchange.fr\\\/index.php\\\/netwrix-auditor-sharepoint\\\/#breadcrumb\"},\"inLanguage\":\"fr-FR\",\"potentialAction\":[{\"@type\":\"ReadAction\",\"target\":[\"https:\\\/\\\/www.solutions-exchange.fr\\\/index.php\\\/netwrix-auditor-sharepoint\\\/\"]}]},{\"@type\":\"BreadcrumbList\",\"@id\":\"https:\\\/\\\/www.solutions-exchange.fr\\\/index.php\\\/netwrix-auditor-sharepoint\\\/#breadcrumb\",\"itemListElement\":[{\"@type\":\"ListItem\",\"position\":1,\"name\":\"Accueil\",\"item\":\"https:\\\/\\\/www.solutions-exchange.fr\\\/\"},{\"@type\":\"ListItem\",\"position\":2,\"name\":\"Netwrix Auditor SharePoint\"}]},{\"@type\":\"WebSite\",\"@id\":\"https:\\\/\\\/www.solutions-exchange.fr\\\/#website\",\"url\":\"https:\\\/\\\/www.solutions-exchange.fr\\\/\",\"name\":\"Solutions Exchange\",\"description\":\"\",\"potentialAction\":[{\"@type\":\"SearchAction\",\"target\":{\"@type\":\"EntryPoint\",\"urlTemplate\":\"https:\\\/\\\/www.solutions-exchange.fr\\\/?s={search_term_string}\"},\"query-input\":{\"@type\":\"PropertyValueSpecification\",\"valueRequired\":true,\"valueName\":\"search_term_string\"}}],\"inLanguage\":\"fr-FR\"}]}<\/script>\n<!-- \/ Yoast SEO plugin. -->","yoast_head_json":{"title":"Netwrix Auditor SharePoint - Solutions Exchange","robots":{"index":"index","follow":"follow","max-snippet":"max-snippet:-1","max-image-preview":"max-image-preview:large","max-video-preview":"max-video-preview:-1"},"canonical":"https:\/\/www.solutions-exchange.fr\/index.php\/netwrix-auditor-sharepoint\/","og_locale":"fr_FR","og_type":"article","og_title":"Netwrix Auditor SharePoint - Solutions Exchange","og_description":"[vc_row height_ratio=\u00a0\u00bb40&Prime; rc_bg_type=\u00a0\u00bbimage\u00a0\u00bb rc_bg_image=\u00a0\u00bb1544&Prime;][vc_column][\/vc_column][vc_column][vc_column_text] Netwrix Auditor pour\u00a0SharePoint Visibilit\u00e9 totale sur ce qui se passe dans votre environnement SharePoint[\/vc_column_text][\/vc_column][vc_column][\/vc_column][\/vc_row][vc_row][vc_column][vc_column_text] Logiciel d\u2019Audit SharePoint Netwrix Auditor pour SharePoint permet une visibilit\u00e9 compl\u00e8te sur l\u2019environnement SharePoint afin d\u2019aider les organisations \u00e0 r\u00e9duire les risques, rationaliser la conformit\u00e9 et optimiser les op\u00e9rations. Il enregistre et fournit des rapports sur la [&hellip;]","og_url":"https:\/\/www.solutions-exchange.fr\/index.php\/netwrix-auditor-sharepoint\/","og_site_name":"Solutions Exchange","article_modified_time":"2021-11-09T16:53:46+00:00","twitter_card":"summary_large_image","twitter_misc":{"Dur\u00e9e de lecture estim\u00e9e":"3 minutes"},"schema":{"@context":"https:\/\/schema.org","@graph":[{"@type":"WebPage","@id":"https:\/\/www.solutions-exchange.fr\/index.php\/netwrix-auditor-sharepoint\/","url":"https:\/\/www.solutions-exchange.fr\/index.php\/netwrix-auditor-sharepoint\/","name":"Netwrix Auditor SharePoint - Solutions Exchange","isPartOf":{"@id":"https:\/\/www.solutions-exchange.fr\/#website"},"datePublished":"2021-08-12T07:36:25+00:00","dateModified":"2021-11-09T16:53:46+00:00","breadcrumb":{"@id":"https:\/\/www.solutions-exchange.fr\/index.php\/netwrix-auditor-sharepoint\/#breadcrumb"},"inLanguage":"fr-FR","potentialAction":[{"@type":"ReadAction","target":["https:\/\/www.solutions-exchange.fr\/index.php\/netwrix-auditor-sharepoint\/"]}]},{"@type":"BreadcrumbList","@id":"https:\/\/www.solutions-exchange.fr\/index.php\/netwrix-auditor-sharepoint\/#breadcrumb","itemListElement":[{"@type":"ListItem","position":1,"name":"Accueil","item":"https:\/\/www.solutions-exchange.fr\/"},{"@type":"ListItem","position":2,"name":"Netwrix Auditor SharePoint"}]},{"@type":"WebSite","@id":"https:\/\/www.solutions-exchange.fr\/#website","url":"https:\/\/www.solutions-exchange.fr\/","name":"Solutions Exchange","description":"","potentialAction":[{"@type":"SearchAction","target":{"@type":"EntryPoint","urlTemplate":"https:\/\/www.solutions-exchange.fr\/?s={search_term_string}"},"query-input":{"@type":"PropertyValueSpecification","valueRequired":true,"valueName":"search_term_string"}}],"inLanguage":"fr-FR"}]}},"uagb_featured_image_src":{"full":false,"thumbnail":false,"medium":false,"medium_large":false,"large":false,"1536x1536":false,"2048x2048":false,"zuperla-eutf-large-rect-horizontal":false,"zuperla-eutf-small-square":false,"zuperla-eutf-small-rect-horizontal":false,"zuperla-eutf-small-rect-vertical":false,"zuperla-eutf-medium-square":false,"zuperla-eutf-medium-rect-horizontal":false,"zuperla-eutf-medium-rect-vertical":false,"zuperla-eutf-fullscreen":false},"uagb_author_info":{"display_name":"admin6583","author_link":"https:\/\/www.solutions-exchange.fr\/index.php\/author\/admin6583\/"},"uagb_comment_info":0,"uagb_excerpt":"[vc_row height_ratio=\u00a0\u00bb40&Prime; rc_bg_type=\u00a0\u00bbimage\u00a0\u00bb rc_bg_image=\u00a0\u00bb1544&Prime;][vc_column][\/vc_column][vc_column][vc_column_text] Netwrix Auditor pour\u00a0SharePoint Visibilit\u00e9 totale sur ce qui se passe dans votre environnement SharePoint[\/vc_column_text][\/vc_column][vc_column][\/vc_column][\/vc_row][vc_row][vc_column][vc_column_text] Logiciel d\u2019Audit SharePoint Netwrix Auditor pour SharePoint permet une visibilit\u00e9 compl\u00e8te sur l\u2019environnement SharePoint afin d\u2019aider les organisations \u00e0 r\u00e9duire les risques, rationaliser la conformit\u00e9 et optimiser les op\u00e9rations. Il enregistre et fournit des rapports sur la\u2026","_links":{"self":[{"href":"https:\/\/www.solutions-exchange.fr\/index.php\/wp-json\/wp\/v2\/pages\/602","targetHints":{"allow":["GET"]}}],"collection":[{"href":"https:\/\/www.solutions-exchange.fr\/index.php\/wp-json\/wp\/v2\/pages"}],"about":[{"href":"https:\/\/www.solutions-exchange.fr\/index.php\/wp-json\/wp\/v2\/types\/page"}],"author":[{"embeddable":true,"href":"https:\/\/www.solutions-exchange.fr\/index.php\/wp-json\/wp\/v2\/users\/1"}],"replies":[{"embeddable":true,"href":"https:\/\/www.solutions-exchange.fr\/index.php\/wp-json\/wp\/v2\/comments?post=602"}],"version-history":[{"count":6,"href":"https:\/\/www.solutions-exchange.fr\/index.php\/wp-json\/wp\/v2\/pages\/602\/revisions"}],"predecessor-version":[{"id":1571,"href":"https:\/\/www.solutions-exchange.fr\/index.php\/wp-json\/wp\/v2\/pages\/602\/revisions\/1571"}],"wp:attachment":[{"href":"https:\/\/www.solutions-exchange.fr\/index.php\/wp-json\/wp\/v2\/media?parent=602"}],"curies":[{"name":"wp","href":"https:\/\/api.w.org\/{rel}","templated":true}]}}