{"id":626,"date":"2021-08-12T10:36:15","date_gmt":"2021-08-12T08:36:15","guid":{"rendered":"https:\/\/contact.solutions-exchange.fr\/?page_id=626"},"modified":"2021-11-09T17:57:57","modified_gmt":"2021-11-09T16:57:57","slug":"netwrix-auditor-videos","status":"publish","type":"page","link":"https:\/\/www.solutions-exchange.fr\/index.php\/netwrix-auditor-videos\/","title":{"rendered":"Videos Netwrix Auditor"},"content":{"rendered":"<p>[vc_row height_ratio=\u00a0\u00bb40&Prime; rc_bg_type=\u00a0\u00bbimage\u00a0\u00bb rc_bg_image=\u00a0\u00bb1544&Prime;][vc_column]<div class=\"eut-empty-space\" style=\"height: 32px;\"><\/div>[vc_column_text]<\/p>\n<h3><span style=\"color: #ffffff;\">VIDEOS<\/span><\/h3>\n<p><span style=\"color: #ffffff;\">Visionnez nos vid\u00e9os sur Netwrix Auditor<\/span>[\/vc_column_text]<div class=\"eut-empty-space\" style=\"height: 32px;\"><\/div>[\/vc_column][\/vc_row][vc_row][vc_column]<div class=\"eut-empty-space\" style=\"height: 32px;\"><\/div>[\/vc_column][vc_column width=\u00a0\u00bb1\/3&Prime;]<div class=\"eut-element eut-single-icon eut-align-center eut-small\" style=\"\">  <div class=\"eut-wrapper-icon eut-no-shape eut-text-grey\"><i class=\"fas fa-video eut-text-primary-6\"><\/i><\/div><\/div>[vc_column_text]<\/p>\n<h5 style=\"text-align: center;\"><span style=\"color: #5a86ce;\">Vid\u00e9o de pr\u00e9sentation Netwrix Auditor<\/span><\/h5>\n<p style=\"text-align: center;\">Une vid\u00e9o de 2 minutes qui explique les principes essentiels de Netwrix Auditor &#8211; Obtenez une visibilit\u00e9 compl\u00e8te sur les changements op\u00e9r\u00e9s au sein du syst\u00e8me d&rsquo;information.<\/p>\n<h6 style=\"text-align: center;\"><code><a id=\"69e5e403b1c51\" rel=\"wp-video-lightbox\" href=\"https:\/\/www.youtube.com\/watch?v=lfrizV9fVI0&#038;rel=0&#038;width=1000&#038;height=750\" title=\"\">Regarder la vid\u00e9o<\/a>    <script>\r\n    \/* <![CDATA[ *\/\r\n    jQuery(document).ready(function($){\r\n        $(function(){\r\n            var width = $(window).innerWidth();\r\n            var setwidth = parseFloat(1000);\r\n            var ratio = parseFloat(0.75);\r\n            var height = parseFloat(750);\r\n            var link = 'https:\/\/www.youtube.com\/watch?v=lfrizV9fVI0&amp;rel=0&amp;width=1000&amp;height=750';\r\n            if(width < setwidth)\r\n            {\r\n                height = Math.floor(width * 0.75);\r\n                \/\/console.log(\"device width \"+width+\", set width \"+1000+\", ratio \"+0.75+\", new height \"+ height);\r\n                var new_url = wpvl_paramReplace('width', link, width);\r\n                var new_url = wpvl_paramReplace('height', new_url, height);\r\n                $(\"a#69e5e403b1c51\").attr('href', new_url);\r\n                \/\/console.log(new_url);\r\n            }\r\n        });\r\n    });\r\n    \/* ]]> *\/\r\n    <\/script><\/code><\/h6>\n<p>[\/vc_column_text][\/vc_column][vc_column width=\u00a0\u00bb1\/3&Prime;]<div class=\"eut-element eut-single-icon eut-align-center eut-small\" style=\"\">  <div class=\"eut-wrapper-icon eut-no-shape eut-text-grey\"><i class=\"fas fa-video eut-text-primary-6\"><\/i><\/div><\/div>[vc_column_text]<\/p>\n<h5 style=\"text-align: center;\"><span style=\"color: #5a86ce;\">Comment restaurer dans AD un utilisateur avec Netwrix Auditor<\/span><\/h5>\n<p style=\"text-align: center;\">D\u00e9couvrez au travers de cette vid\u00e9o comment restaurer dans Active Directory un utilisateur supprim\u00e9 par erreur gr\u00e2ce \u00e0 Netwrix Auditor.<\/p>\n<h6 style=\"text-align: center;\"><code><a id=\"69e5e403b1cbd\" rel=\"wp-video-lightbox\" href=\"https:\/\/www.youtube.com\/watch?v=e7a68ukNVKs&#038;rel=0&#038;width=1000&#038;height=750\" title=\"\">Regarder la vid\u00e9o<\/a>    <script>\r\n    \/* <![CDATA[ *\/\r\n    jQuery(document).ready(function($){\r\n        $(function(){\r\n            var width = $(window).innerWidth();\r\n            var setwidth = parseFloat(1000);\r\n            var ratio = parseFloat(0.75);\r\n            var height = parseFloat(750);\r\n            var link = 'https:\/\/www.youtube.com\/watch?v=e7a68ukNVKs&amp;rel=0&amp;width=1000&amp;height=750';\r\n            if(width < setwidth)\r\n            {\r\n                height = Math.floor(width * 0.75);\r\n                \/\/console.log(\"device width \"+width+\", set width \"+1000+\", ratio \"+0.75+\", new height \"+ height);\r\n                var new_url = wpvl_paramReplace('width', link, width);\r\n                var new_url = wpvl_paramReplace('height', new_url, height);\r\n                $(\"a#69e5e403b1cbd\").attr('href', new_url);\r\n                \/\/console.log(new_url);\r\n            }\r\n        });\r\n    });\r\n    \/* ]]> *\/\r\n    <\/script><\/code><\/h6>\n<p>[\/vc_column_text]<div class=\"eut-empty-space\" style=\"height: 32px;\"><\/div>[\/vc_column][vc_column width=\u00a0\u00bb1\/3&Prime;]<div class=\"eut-element eut-single-icon eut-align-center eut-small\" style=\"\">  <div class=\"eut-wrapper-icon eut-no-shape eut-text-grey\"><i class=\"fas fa-video eut-text-primary-6\"><\/i><\/div><\/div>[vc_column_text]<\/p>\n<h5 style=\"text-align: center;\"><span style=\"color: #5a86ce;\">Comment savoir si un utilisateur est inactif avec Netwrix Auditor<\/span><\/h5>\n<p style=\"text-align: center;\">D\u00e9couvrez dans cette vid\u00e9o\u00a0comment avec Netwrix Auditor identifier facilement si un utilisateur est inactif afin de le supprimer.<\/p>\n<h6 style=\"text-align: center;\"><code><a id=\"69e5e403b1d0b\" rel=\"wp-video-lightbox\" href=\"https:\/\/www.youtube.com\/watch?v=SLtm1oCA1Jk&#038;rel=0&#038;width=1000&#038;height=750\" title=\"\">Regarder la vid\u00e9o<\/a>    <script>\r\n    \/* <![CDATA[ *\/\r\n    jQuery(document).ready(function($){\r\n        $(function(){\r\n            var width = $(window).innerWidth();\r\n            var setwidth = parseFloat(1000);\r\n            var ratio = parseFloat(0.75);\r\n            var height = parseFloat(750);\r\n            var link = 'https:\/\/www.youtube.com\/watch?v=SLtm1oCA1Jk&amp;rel=0&amp;width=1000&amp;height=750';\r\n            if(width < setwidth)\r\n            {\r\n                height = Math.floor(width * 0.75);\r\n                \/\/console.log(\"device width \"+width+\", set width \"+1000+\", ratio \"+0.75+\", new height \"+ height);\r\n                var new_url = wpvl_paramReplace('width', link, width);\r\n                var new_url = wpvl_paramReplace('height', new_url, height);\r\n                $(\"a#69e5e403b1d0b\").attr('href', new_url);\r\n                \/\/console.log(new_url);\r\n            }\r\n        });\r\n    });\r\n    \/* ]]> *\/\r\n    <\/script><\/code><\/h6>\n<p>[\/vc_column_text][\/vc_column][vc_column width=\u00a0\u00bb1\/2&Prime;]<div class=\"eut-element eut-single-icon eut-align-center eut-small\" style=\"\">  <div class=\"eut-wrapper-icon eut-no-shape eut-text-grey\"><i class=\"fas fa-video eut-text-primary-6\"><\/i><\/div><\/div>[vc_column_text]<\/p>\n<h5 style=\"text-align: center;\"><span style=\"color: #5a86ce;\">Audit des acc\u00e8s aux boites aux lettres par des non propri\u00e9taires avec Netwrix Auditor<\/span><\/h5>\n<p style=\"text-align: center;\">D\u00e9couvrez dans cette vid\u00e9o\u00a0comment auditer avec Netwrix Auditor les acc\u00e8s aux boites aux lettres par des non propri\u00e9taires.<\/p>\n<h6 style=\"text-align: center;\"><code><a id=\"69e5e403b1d58\" rel=\"wp-video-lightbox\" href=\"https:\/\/www.youtube.com\/watch?v=DZC3hsty_-o&#038;rel=0&#038;width=1000&#038;height=750\" title=\"\">Regarder la vid\u00e9o<\/a>    <script>\r\n    \/* <![CDATA[ *\/\r\n    jQuery(document).ready(function($){\r\n        $(function(){\r\n            var width = $(window).innerWidth();\r\n            var setwidth = parseFloat(1000);\r\n            var ratio = parseFloat(0.75);\r\n            var height = parseFloat(750);\r\n            var link = 'https:\/\/www.youtube.com\/watch?v=DZC3hsty_-o&amp;rel=0&amp;width=1000&amp;height=750';\r\n            if(width < setwidth)\r\n            {\r\n                height = Math.floor(width * 0.75);\r\n                \/\/console.log(\"device width \"+width+\", set width \"+1000+\", ratio \"+0.75+\", new height \"+ height);\r\n                var new_url = wpvl_paramReplace('width', link, width);\r\n                var new_url = wpvl_paramReplace('height', new_url, height);\r\n                $(\"a#69e5e403b1d58\").attr('href', new_url);\r\n                \/\/console.log(new_url);\r\n            }\r\n        });\r\n    });\r\n    \/* ]]> *\/\r\n    <\/script><\/code><\/h6>\n<p>[\/vc_column_text][\/vc_column][vc_column width=\u00a0\u00bb1\/2&Prime;]<div class=\"eut-element eut-single-icon eut-align-center eut-small\" style=\"\">  <div class=\"eut-wrapper-icon eut-no-shape eut-text-grey\"><i class=\"fas fa-video eut-text-primary-6\"><\/i><\/div><\/div>[vc_column_text]<\/p>\n<h5 style=\"text-align: center;\"><span style=\"color: #5a86ce;\">Enregistrer l&rsquo;activit\u00e9 faite sur vos applications critiques avec Netwrix Auditor<\/span><\/h5>\n<p style=\"text-align: center;\">D\u00e9couvrez dans cette vid\u00e9o\u00a0comment avec Netwrix Auditor faire un enregistrement vid\u00e9o des actions faites lors de l&rsquo;ex\u00e9cution d&rsquo;un applicatif critique dans votre environnement.<\/p>\n<h6 style=\"text-align: center;\"><code><a id=\"69e5e403b1d8f\" rel=\"wp-video-lightbox\" href=\"https:\/\/www.youtube.com\/watch?v=cdZ0P05ovtY&#038;rel=0&#038;width=1000&#038;height=750\" title=\"\">Regarder la vid\u00e9o<\/a>    <script>\r\n    \/* <![CDATA[ *\/\r\n    jQuery(document).ready(function($){\r\n        $(function(){\r\n            var width = $(window).innerWidth();\r\n            var setwidth = parseFloat(1000);\r\n            var ratio = parseFloat(0.75);\r\n            var height = parseFloat(750);\r\n            var link = 'https:\/\/www.youtube.com\/watch?v=cdZ0P05ovtY&amp;rel=0&amp;width=1000&amp;height=750';\r\n            if(width < setwidth)\r\n            {\r\n                height = Math.floor(width * 0.75);\r\n                \/\/console.log(\"device width \"+width+\", set width \"+1000+\", ratio \"+0.75+\", new height \"+ height);\r\n                var new_url = wpvl_paramReplace('width', link, width);\r\n                var new_url = wpvl_paramReplace('height', new_url, height);\r\n                $(\"a#69e5e403b1d8f\").attr('href', new_url);\r\n                \/\/console.log(new_url);\r\n            }\r\n        });\r\n    });\r\n    \/* ]]> *\/\r\n    <\/script><\/code><\/h6>\n<p>[\/vc_column_text][\/vc_column][vc_column][\/vc_column][\/vc_row][vc_row][vc_column width=\u00a0\u00bb1\/4&Prime;]<div class=\"eut-element eut-image eut-align-center\" style=\"\">  <div class=\"eut-image-wrapper\"><img loading=\"lazy\" decoding=\"async\" width=\"100\" height=\"65\" src=\"https:\/\/www.solutions-exchange.fr\/wp-content\/uploads\/2021\/NDC\/Gartner_100x65.png\" class=\"attachment-full size-full\" alt=\"\" \/>  <\/div><\/div><blockquote class=\"eut-element eut-animated-item eut-fade-in eut-duration-slow eut-align-center\" style=\"\" data-delay=\"200\"><p>\u00a0Les outils d&rsquo;audit vous aident \u00e0 analyser vos configurations selon les meilleures pratiques, \u00e0 faire respecter les normes en vigueur et r\u00e9pondre ainsi aux exigences r\u00e9glementaires&#8230;<\/p><\/blockquote>[\/vc_column][vc_column width=\u00a0\u00bb1\/4&Prime;]<div class=\"eut-element eut-image eut-align-center\" style=\"\">  <div class=\"eut-image-wrapper\"><img loading=\"lazy\" decoding=\"async\" width=\"100\" height=\"65\" src=\"https:\/\/www.solutions-exchange.fr\/wp-content\/uploads\/2021\/NDC\/Redmond_100x65.png\" class=\"attachment-full size-full\" alt=\"\" \/>  <\/div><\/div><blockquote class=\"eut-element eut-animated-item eut-fade-in eut-duration-slow eut-align-center\" style=\"\" data-delay=\"200\"><p>L&rsquo;activit\u00e9 d&rsquo;audit est habituellement une t\u00e2che difficile et fastidieuse, surtout si elle est r\u00e9alis\u00e9e manuellement. Les nombreux d\u00e9tails dont vous devez avoir connaissance sont pris en charge par Netwrix Auditor&#8230;<\/p><\/blockquote>[\/vc_column][vc_column width=\u00a0\u00bb1\/4&Prime;]<div class=\"eut-element eut-image eut-align-center\" style=\"\">  <div class=\"eut-image-wrapper\"><img loading=\"lazy\" decoding=\"async\" width=\"100\" height=\"65\" src=\"https:\/\/www.solutions-exchange.fr\/wp-content\/uploads\/2021\/NDC\/WindowsItPro_100x65.png\" class=\"attachment-full size-full\" alt=\"\" \/>  <\/div><\/div><blockquote class=\"eut-element eut-animated-item eut-fade-in eut-duration-slow eut-align-center\" style=\"\" data-delay=\"200\"><p>Le meilleur produit pour la 4\u00e8me ann\u00e9e cons\u00e9cutive\u00a0pour Active Directory et Group Policy et le meilleur produit d&rsquo;audit et de mise en conformit\u00e9&#8230;<\/p><\/blockquote>[\/vc_column][vc_column width=\u00a0\u00bb1\/4&Prime;]<div class=\"eut-element eut-image eut-align-center\" style=\"\">  <div class=\"eut-image-wrapper\"><img loading=\"lazy\" decoding=\"async\" width=\"100\" height=\"65\" src=\"https:\/\/www.solutions-exchange.fr\/wp-content\/uploads\/2021\/NDC\/PetriIT_100x65.png\" class=\"attachment-full size-full\" alt=\"\" \/>  <\/div><\/div><blockquote class=\"eut-element eut-animated-item eut-fade-in eut-duration-slow eut-align-center\" style=\"\" data-delay=\"200\"><p>Netwrix Auditor a obtenu la note de 5 \u00e9toiles (sur 5) et il est conseill\u00e9 \u00e0 toutes les\u00a0entreprises utilisant Active Directory de le tester&#8230;<\/p><\/blockquote>[\/vc_column][\/vc_row]<\/p>\n","protected":false},"excerpt":{"rendered":"<p>[vc_row height_ratio=\u00a0\u00bb40&Prime; rc_bg_type=\u00a0\u00bbimage\u00a0\u00bb rc_bg_image=\u00a0\u00bb1544&Prime;][vc_column][vc_column_text] VIDEOS Visionnez nos vid\u00e9os sur Netwrix Auditor[\/vc_column_text][\/vc_column][\/vc_row][vc_row][vc_column][\/vc_column][vc_column width=\u00a0\u00bb1\/3&Prime;][vc_column_text] Vid\u00e9o de pr\u00e9sentation Netwrix Auditor Une vid\u00e9o de 2 minutes qui explique les principes essentiels de Netwrix Auditor &#8211; Obtenez une visibilit\u00e9 compl\u00e8te sur les changements op\u00e9r\u00e9s au sein du syst\u00e8me d&rsquo;information. [\/vc_column_text][\/vc_column][vc_column width=\u00a0\u00bb1\/3&Prime;][vc_column_text] Comment restaurer dans AD un utilisateur avec Netwrix Auditor [&hellip;]<\/p>\n","protected":false},"author":1,"featured_media":0,"parent":0,"menu_order":0,"comment_status":"closed","ping_status":"closed","template":"","meta":{"_uag_custom_page_level_css":"","footnotes":""},"class_list":["post-626","page","type-page","status-publish","hentry"],"yoast_head":"<!-- This site is optimized with the Yoast SEO plugin v27.4 - https:\/\/yoast.com\/product\/yoast-seo-wordpress\/ -->\n<title>Videos Netwrix Auditor - Solutions Exchange<\/title>\n<meta name=\"robots\" content=\"index, follow, max-snippet:-1, max-image-preview:large, max-video-preview:-1\" \/>\n<link rel=\"canonical\" href=\"https:\/\/www.solutions-exchange.fr\/index.php\/netwrix-auditor-videos\/\" \/>\n<meta property=\"og:locale\" content=\"fr_FR\" \/>\n<meta property=\"og:type\" content=\"article\" \/>\n<meta property=\"og:title\" content=\"Videos Netwrix Auditor - Solutions Exchange\" \/>\n<meta property=\"og:description\" content=\"[vc_row height_ratio=\u00a0\u00bb40&Prime; rc_bg_type=\u00a0\u00bbimage\u00a0\u00bb rc_bg_image=\u00a0\u00bb1544&Prime;][vc_column][vc_column_text] VIDEOS Visionnez nos vid\u00e9os sur Netwrix Auditor[\/vc_column_text][\/vc_column][\/vc_row][vc_row][vc_column][\/vc_column][vc_column width=\u00a0\u00bb1\/3&Prime;][vc_column_text] Vid\u00e9o de pr\u00e9sentation Netwrix Auditor Une vid\u00e9o de 2 minutes qui explique les principes essentiels de Netwrix Auditor &#8211; Obtenez une visibilit\u00e9 compl\u00e8te sur les changements op\u00e9r\u00e9s au sein du syst\u00e8me d&rsquo;information. [\/vc_column_text][\/vc_column][vc_column width=\u00a0\u00bb1\/3&Prime;][vc_column_text] Comment restaurer dans AD un utilisateur avec Netwrix Auditor [&hellip;]\" \/>\n<meta property=\"og:url\" content=\"https:\/\/www.solutions-exchange.fr\/index.php\/netwrix-auditor-videos\/\" \/>\n<meta property=\"og:site_name\" content=\"Solutions Exchange\" \/>\n<meta property=\"article:modified_time\" content=\"2021-11-09T16:57:57+00:00\" \/>\n<meta name=\"twitter:card\" content=\"summary_large_image\" \/>\n<meta name=\"twitter:label1\" content=\"Dur\u00e9e de lecture estim\u00e9e\" \/>\n\t<meta name=\"twitter:data1\" content=\"2 minutes\" \/>\n<script type=\"application\/ld+json\" class=\"yoast-schema-graph\">{\"@context\":\"https:\\\/\\\/schema.org\",\"@graph\":[{\"@type\":\"WebPage\",\"@id\":\"https:\\\/\\\/www.solutions-exchange.fr\\\/index.php\\\/netwrix-auditor-videos\\\/\",\"url\":\"https:\\\/\\\/www.solutions-exchange.fr\\\/index.php\\\/netwrix-auditor-videos\\\/\",\"name\":\"Videos Netwrix Auditor - Solutions Exchange\",\"isPartOf\":{\"@id\":\"https:\\\/\\\/www.solutions-exchange.fr\\\/#website\"},\"datePublished\":\"2021-08-12T08:36:15+00:00\",\"dateModified\":\"2021-11-09T16:57:57+00:00\",\"breadcrumb\":{\"@id\":\"https:\\\/\\\/www.solutions-exchange.fr\\\/index.php\\\/netwrix-auditor-videos\\\/#breadcrumb\"},\"inLanguage\":\"fr-FR\",\"potentialAction\":[{\"@type\":\"ReadAction\",\"target\":[\"https:\\\/\\\/www.solutions-exchange.fr\\\/index.php\\\/netwrix-auditor-videos\\\/\"]}]},{\"@type\":\"BreadcrumbList\",\"@id\":\"https:\\\/\\\/www.solutions-exchange.fr\\\/index.php\\\/netwrix-auditor-videos\\\/#breadcrumb\",\"itemListElement\":[{\"@type\":\"ListItem\",\"position\":1,\"name\":\"Accueil\",\"item\":\"https:\\\/\\\/www.solutions-exchange.fr\\\/\"},{\"@type\":\"ListItem\",\"position\":2,\"name\":\"Videos Netwrix Auditor\"}]},{\"@type\":\"WebSite\",\"@id\":\"https:\\\/\\\/www.solutions-exchange.fr\\\/#website\",\"url\":\"https:\\\/\\\/www.solutions-exchange.fr\\\/\",\"name\":\"Solutions Exchange\",\"description\":\"\",\"potentialAction\":[{\"@type\":\"SearchAction\",\"target\":{\"@type\":\"EntryPoint\",\"urlTemplate\":\"https:\\\/\\\/www.solutions-exchange.fr\\\/?s={search_term_string}\"},\"query-input\":{\"@type\":\"PropertyValueSpecification\",\"valueRequired\":true,\"valueName\":\"search_term_string\"}}],\"inLanguage\":\"fr-FR\"}]}<\/script>\n<!-- \/ Yoast SEO plugin. -->","yoast_head_json":{"title":"Videos Netwrix Auditor - Solutions Exchange","robots":{"index":"index","follow":"follow","max-snippet":"max-snippet:-1","max-image-preview":"max-image-preview:large","max-video-preview":"max-video-preview:-1"},"canonical":"https:\/\/www.solutions-exchange.fr\/index.php\/netwrix-auditor-videos\/","og_locale":"fr_FR","og_type":"article","og_title":"Videos Netwrix Auditor - Solutions Exchange","og_description":"[vc_row height_ratio=\u00a0\u00bb40&Prime; rc_bg_type=\u00a0\u00bbimage\u00a0\u00bb rc_bg_image=\u00a0\u00bb1544&Prime;][vc_column][vc_column_text] VIDEOS Visionnez nos vid\u00e9os sur Netwrix Auditor[\/vc_column_text][\/vc_column][\/vc_row][vc_row][vc_column][\/vc_column][vc_column width=\u00a0\u00bb1\/3&Prime;][vc_column_text] Vid\u00e9o de pr\u00e9sentation Netwrix Auditor Une vid\u00e9o de 2 minutes qui explique les principes essentiels de Netwrix Auditor &#8211; Obtenez une visibilit\u00e9 compl\u00e8te sur les changements op\u00e9r\u00e9s au sein du syst\u00e8me d&rsquo;information. [\/vc_column_text][\/vc_column][vc_column width=\u00a0\u00bb1\/3&Prime;][vc_column_text] Comment restaurer dans AD un utilisateur avec Netwrix Auditor [&hellip;]","og_url":"https:\/\/www.solutions-exchange.fr\/index.php\/netwrix-auditor-videos\/","og_site_name":"Solutions Exchange","article_modified_time":"2021-11-09T16:57:57+00:00","twitter_card":"summary_large_image","twitter_misc":{"Dur\u00e9e de lecture estim\u00e9e":"2 minutes"},"schema":{"@context":"https:\/\/schema.org","@graph":[{"@type":"WebPage","@id":"https:\/\/www.solutions-exchange.fr\/index.php\/netwrix-auditor-videos\/","url":"https:\/\/www.solutions-exchange.fr\/index.php\/netwrix-auditor-videos\/","name":"Videos Netwrix Auditor - Solutions Exchange","isPartOf":{"@id":"https:\/\/www.solutions-exchange.fr\/#website"},"datePublished":"2021-08-12T08:36:15+00:00","dateModified":"2021-11-09T16:57:57+00:00","breadcrumb":{"@id":"https:\/\/www.solutions-exchange.fr\/index.php\/netwrix-auditor-videos\/#breadcrumb"},"inLanguage":"fr-FR","potentialAction":[{"@type":"ReadAction","target":["https:\/\/www.solutions-exchange.fr\/index.php\/netwrix-auditor-videos\/"]}]},{"@type":"BreadcrumbList","@id":"https:\/\/www.solutions-exchange.fr\/index.php\/netwrix-auditor-videos\/#breadcrumb","itemListElement":[{"@type":"ListItem","position":1,"name":"Accueil","item":"https:\/\/www.solutions-exchange.fr\/"},{"@type":"ListItem","position":2,"name":"Videos Netwrix Auditor"}]},{"@type":"WebSite","@id":"https:\/\/www.solutions-exchange.fr\/#website","url":"https:\/\/www.solutions-exchange.fr\/","name":"Solutions Exchange","description":"","potentialAction":[{"@type":"SearchAction","target":{"@type":"EntryPoint","urlTemplate":"https:\/\/www.solutions-exchange.fr\/?s={search_term_string}"},"query-input":{"@type":"PropertyValueSpecification","valueRequired":true,"valueName":"search_term_string"}}],"inLanguage":"fr-FR"}]}},"uagb_featured_image_src":{"full":false,"thumbnail":false,"medium":false,"medium_large":false,"large":false,"1536x1536":false,"2048x2048":false,"zuperla-eutf-large-rect-horizontal":false,"zuperla-eutf-small-square":false,"zuperla-eutf-small-rect-horizontal":false,"zuperla-eutf-small-rect-vertical":false,"zuperla-eutf-medium-square":false,"zuperla-eutf-medium-rect-horizontal":false,"zuperla-eutf-medium-rect-vertical":false,"zuperla-eutf-fullscreen":false},"uagb_author_info":{"display_name":"admin6583","author_link":"https:\/\/www.solutions-exchange.fr\/index.php\/author\/admin6583\/"},"uagb_comment_info":0,"uagb_excerpt":"[vc_row height_ratio=\u00a0\u00bb40&Prime; rc_bg_type=\u00a0\u00bbimage\u00a0\u00bb rc_bg_image=\u00a0\u00bb1544&Prime;][vc_column][vc_column_text] VIDEOS Visionnez nos vid\u00e9os sur Netwrix Auditor[\/vc_column_text][\/vc_column][\/vc_row][vc_row][vc_column][\/vc_column][vc_column width=\u00a0\u00bb1\/3&Prime;][vc_column_text] Vid\u00e9o de pr\u00e9sentation Netwrix Auditor Une vid\u00e9o de 2 minutes qui explique les principes essentiels de Netwrix Auditor &#8211; Obtenez une visibilit\u00e9 compl\u00e8te sur les changements op\u00e9r\u00e9s au sein du syst\u00e8me d&rsquo;information. [\/vc_column_text][\/vc_column][vc_column width=\u00a0\u00bb1\/3&Prime;][vc_column_text] Comment restaurer dans AD un utilisateur avec Netwrix Auditor\u2026","_links":{"self":[{"href":"https:\/\/www.solutions-exchange.fr\/index.php\/wp-json\/wp\/v2\/pages\/626","targetHints":{"allow":["GET"]}}],"collection":[{"href":"https:\/\/www.solutions-exchange.fr\/index.php\/wp-json\/wp\/v2\/pages"}],"about":[{"href":"https:\/\/www.solutions-exchange.fr\/index.php\/wp-json\/wp\/v2\/types\/page"}],"author":[{"embeddable":true,"href":"https:\/\/www.solutions-exchange.fr\/index.php\/wp-json\/wp\/v2\/users\/1"}],"replies":[{"embeddable":true,"href":"https:\/\/www.solutions-exchange.fr\/index.php\/wp-json\/wp\/v2\/comments?post=626"}],"version-history":[{"count":16,"href":"https:\/\/www.solutions-exchange.fr\/index.php\/wp-json\/wp\/v2\/pages\/626\/revisions"}],"predecessor-version":[{"id":1576,"href":"https:\/\/www.solutions-exchange.fr\/index.php\/wp-json\/wp\/v2\/pages\/626\/revisions\/1576"}],"wp:attachment":[{"href":"https:\/\/www.solutions-exchange.fr\/index.php\/wp-json\/wp\/v2\/media?parent=626"}],"curies":[{"name":"wp","href":"https:\/\/api.w.org\/{rel}","templated":true}]}}