{"id":824,"date":"2021-09-28T16:44:21","date_gmt":"2021-09-28T14:44:21","guid":{"rendered":"https:\/\/contact.solutions-exchange.fr\/?page_id=824"},"modified":"2021-09-28T16:49:13","modified_gmt":"2021-09-28T14:49:13","slug":"webinar-video-retex-ch","status":"publish","type":"page","link":"https:\/\/www.solutions-exchange.fr\/index.php\/webinar-video-retex-ch\/","title":{"rendered":"webinar-video-retex-ch"},"content":{"rendered":"<p>[vc_row height_ratio=\u00a0\u00bb40&Prime; rc_bg_type=\u00a0\u00bbimage\u00a0\u00bb rc_bg_image=\u00a0\u00bb191&Prime;][vc_column]<div class=\"eut-empty-space\" style=\"height: 50px;\"><\/div>[vc_column_text]<\/p>\n<h3 style=\"text-align: center;\"><span style=\"color: #ffffff;\">Retour d\u2019exp\u00e9rience de la mise en place d\u2019une solution de s\u00e9curit\u00e9 et de gestion des mots de passe dans le milieu hospitalier<\/span><\/h3>\n<p>[\/vc_column_text]<div class=\"eut-empty-space\" style=\"height: 50px;\"><\/div>[\/vc_column][\/vc_row][vc_row][vc_column width=\u00a0\u00bb1\/2&Prime;][vc_column_text]<\/p>\n<h5>Retour d\u2019exp\u00e9rience de la mise en place d\u2019une solution de s\u00e9curit\u00e9 et de gestion des mots de passe dans le milieu hospitalier<\/h5>\n<p>Devant le succ\u00e8s de la mise en place de notre solution logicielle autour de la s\u00e9curit\u00e9 et la gestion des mots de passe dans le milieu hospitalier, nous vous proposons de partager avec vous le retour d\u2019exp\u00e9rience de ces mises en production et le retour sur investissement qu\u2019elle g\u00e9n\u00e8re.<\/p>\n<p>Cette solution logicielle permet :<\/p>\n<ul>\n<li>De renforcer facilement la s\u00e9curit\u00e9 des mots de passe en renfor\u00e7ant la strat\u00e9gie de mot de passe et en utilisant le MFA.<\/li>\n<li>De faciliter et s\u00e9curiser les authentifications avec le SSO<\/li>\n<li>D\u2019anticiper les mots de passe qui vont expirer et de permettre \u00e0 vos utilisateurs de g\u00e9n\u00e9rer automatiquement leurs nouveaux mots de passe au travers d\u2019un portail en acc\u00e8s self-service<\/li>\n<li>De d\u00e9verrouiller les sessions utilisatrices Windows d\u2019une fa\u00e7on autonome sans avoir recours au Hepldesk informatique qui est d\u00e9bord\u00e9 par ce genre de question et qui ne peut pas se concentrer sur les pannes li\u00e9es \u00e0 l\u2019utilisation des syst\u00e8mes op\u00e9rationnels comme il se doit.<\/li>\n<\/ul>\n<p>Ce syst\u00e8me facile \u00e0 utiliser, rapide de mise en \u0153uvre et d\u2019un budget tr\u00e8s abordable, pourrait vous int\u00e9resser, aussi nous vous proposons de vous le pr\u00e9senter lors d\u2019une rapide d\u00e9monstration.<\/p>\n<p>[\/vc_column_text]<div class=\"eut-empty-space\" style=\"height: 32px;\"><\/div>[\/vc_column][vc_column width=\u00a0\u00bb1\/2&Prime;]<div class=\"eut-empty-space\" style=\"height: 32px;\"><\/div><div class=\"eut-element eut-video\" style=\"\"><iframe loading=\"lazy\" title=\"Retour d&#039;exp\u00e9rience sur la gestion et la s\u00e9curit\u00e9 des mots de passe dans les centres hospitaliers\" width=\"1080\" height=\"608\" src=\"https:\/\/www.youtube.com\/embed\/_e5iAJvxn1M?feature=oembed\" frameborder=\"0\" allow=\"accelerometer; autoplay; clipboard-write; encrypted-media; gyroscope; picture-in-picture\" allowfullscreen><\/iframe><\/div>[\/vc_column][\/vc_row][vc_row][vc_column]<div class=\"eut-empty-space\" style=\"height: 50px;\"><\/div>[\/vc_column][\/vc_row]<\/p>\n","protected":false},"excerpt":{"rendered":"<p>[vc_row height_ratio=\u00a0\u00bb40&Prime; rc_bg_type=\u00a0\u00bbimage\u00a0\u00bb rc_bg_image=\u00a0\u00bb191&Prime;][vc_column][vc_column_text] Retour d\u2019exp\u00e9rience de la mise en place d\u2019une solution de s\u00e9curit\u00e9 et de gestion des mots de passe dans le milieu hospitalier [\/vc_column_text][\/vc_column][\/vc_row][vc_row][vc_column width=\u00a0\u00bb1\/2&Prime;][vc_column_text] Retour d\u2019exp\u00e9rience de la mise en place d\u2019une solution de s\u00e9curit\u00e9 et de gestion des mots de passe dans le milieu hospitalier Devant le succ\u00e8s de la [&hellip;]<\/p>\n","protected":false},"author":1,"featured_media":0,"parent":0,"menu_order":0,"comment_status":"closed","ping_status":"closed","template":"","meta":{"_uag_custom_page_level_css":"","footnotes":""},"class_list":["post-824","page","type-page","status-publish","hentry"],"yoast_head":"<!-- This site is optimized with the Yoast SEO plugin v27.3 - https:\/\/yoast.com\/product\/yoast-seo-wordpress\/ -->\n<title>webinar-video-retex-ch - Solutions Exchange<\/title>\n<meta name=\"robots\" content=\"index, follow, max-snippet:-1, max-image-preview:large, max-video-preview:-1\" \/>\n<link rel=\"canonical\" href=\"https:\/\/www.solutions-exchange.fr\/index.php\/webinar-video-retex-ch\/\" \/>\n<meta property=\"og:locale\" content=\"fr_FR\" \/>\n<meta property=\"og:type\" content=\"article\" \/>\n<meta property=\"og:title\" content=\"webinar-video-retex-ch - Solutions Exchange\" \/>\n<meta property=\"og:description\" content=\"[vc_row height_ratio=\u00a0\u00bb40&Prime; rc_bg_type=\u00a0\u00bbimage\u00a0\u00bb rc_bg_image=\u00a0\u00bb191&Prime;][vc_column][vc_column_text] Retour d\u2019exp\u00e9rience de la mise en place d\u2019une solution de s\u00e9curit\u00e9 et de gestion des mots de passe dans le milieu hospitalier [\/vc_column_text][\/vc_column][\/vc_row][vc_row][vc_column width=\u00a0\u00bb1\/2&Prime;][vc_column_text] Retour d\u2019exp\u00e9rience de la mise en place d\u2019une solution de s\u00e9curit\u00e9 et de gestion des mots de passe dans le milieu hospitalier Devant le succ\u00e8s de la [&hellip;]\" \/>\n<meta property=\"og:url\" content=\"https:\/\/www.solutions-exchange.fr\/index.php\/webinar-video-retex-ch\/\" \/>\n<meta property=\"og:site_name\" content=\"Solutions Exchange\" \/>\n<meta property=\"article:modified_time\" content=\"2021-09-28T14:49:13+00:00\" \/>\n<meta name=\"twitter:card\" content=\"summary_large_image\" \/>\n<meta name=\"twitter:label1\" content=\"Dur\u00e9e de lecture estim\u00e9e\" \/>\n\t<meta name=\"twitter:data1\" content=\"2 minutes\" \/>\n<script type=\"application\/ld+json\" class=\"yoast-schema-graph\">{\"@context\":\"https:\\\/\\\/schema.org\",\"@graph\":[{\"@type\":\"WebPage\",\"@id\":\"https:\\\/\\\/www.solutions-exchange.fr\\\/index.php\\\/webinar-video-retex-ch\\\/\",\"url\":\"https:\\\/\\\/www.solutions-exchange.fr\\\/index.php\\\/webinar-video-retex-ch\\\/\",\"name\":\"webinar-video-retex-ch - Solutions Exchange\",\"isPartOf\":{\"@id\":\"https:\\\/\\\/www.solutions-exchange.fr\\\/#website\"},\"datePublished\":\"2021-09-28T14:44:21+00:00\",\"dateModified\":\"2021-09-28T14:49:13+00:00\",\"breadcrumb\":{\"@id\":\"https:\\\/\\\/www.solutions-exchange.fr\\\/index.php\\\/webinar-video-retex-ch\\\/#breadcrumb\"},\"inLanguage\":\"fr-FR\",\"potentialAction\":[{\"@type\":\"ReadAction\",\"target\":[\"https:\\\/\\\/www.solutions-exchange.fr\\\/index.php\\\/webinar-video-retex-ch\\\/\"]}]},{\"@type\":\"BreadcrumbList\",\"@id\":\"https:\\\/\\\/www.solutions-exchange.fr\\\/index.php\\\/webinar-video-retex-ch\\\/#breadcrumb\",\"itemListElement\":[{\"@type\":\"ListItem\",\"position\":1,\"name\":\"Accueil\",\"item\":\"https:\\\/\\\/www.solutions-exchange.fr\\\/\"},{\"@type\":\"ListItem\",\"position\":2,\"name\":\"webinar-video-retex-ch\"}]},{\"@type\":\"WebSite\",\"@id\":\"https:\\\/\\\/www.solutions-exchange.fr\\\/#website\",\"url\":\"https:\\\/\\\/www.solutions-exchange.fr\\\/\",\"name\":\"Solutions Exchange\",\"description\":\"\",\"potentialAction\":[{\"@type\":\"SearchAction\",\"target\":{\"@type\":\"EntryPoint\",\"urlTemplate\":\"https:\\\/\\\/www.solutions-exchange.fr\\\/?s={search_term_string}\"},\"query-input\":{\"@type\":\"PropertyValueSpecification\",\"valueRequired\":true,\"valueName\":\"search_term_string\"}}],\"inLanguage\":\"fr-FR\"}]}<\/script>\n<!-- \/ Yoast SEO plugin. -->","yoast_head_json":{"title":"webinar-video-retex-ch - Solutions Exchange","robots":{"index":"index","follow":"follow","max-snippet":"max-snippet:-1","max-image-preview":"max-image-preview:large","max-video-preview":"max-video-preview:-1"},"canonical":"https:\/\/www.solutions-exchange.fr\/index.php\/webinar-video-retex-ch\/","og_locale":"fr_FR","og_type":"article","og_title":"webinar-video-retex-ch - Solutions Exchange","og_description":"[vc_row height_ratio=\u00a0\u00bb40&Prime; rc_bg_type=\u00a0\u00bbimage\u00a0\u00bb rc_bg_image=\u00a0\u00bb191&Prime;][vc_column][vc_column_text] Retour d\u2019exp\u00e9rience de la mise en place d\u2019une solution de s\u00e9curit\u00e9 et de gestion des mots de passe dans le milieu hospitalier [\/vc_column_text][\/vc_column][\/vc_row][vc_row][vc_column width=\u00a0\u00bb1\/2&Prime;][vc_column_text] Retour d\u2019exp\u00e9rience de la mise en place d\u2019une solution de s\u00e9curit\u00e9 et de gestion des mots de passe dans le milieu hospitalier Devant le succ\u00e8s de la [&hellip;]","og_url":"https:\/\/www.solutions-exchange.fr\/index.php\/webinar-video-retex-ch\/","og_site_name":"Solutions Exchange","article_modified_time":"2021-09-28T14:49:13+00:00","twitter_card":"summary_large_image","twitter_misc":{"Dur\u00e9e de lecture estim\u00e9e":"2 minutes"},"schema":{"@context":"https:\/\/schema.org","@graph":[{"@type":"WebPage","@id":"https:\/\/www.solutions-exchange.fr\/index.php\/webinar-video-retex-ch\/","url":"https:\/\/www.solutions-exchange.fr\/index.php\/webinar-video-retex-ch\/","name":"webinar-video-retex-ch - Solutions Exchange","isPartOf":{"@id":"https:\/\/www.solutions-exchange.fr\/#website"},"datePublished":"2021-09-28T14:44:21+00:00","dateModified":"2021-09-28T14:49:13+00:00","breadcrumb":{"@id":"https:\/\/www.solutions-exchange.fr\/index.php\/webinar-video-retex-ch\/#breadcrumb"},"inLanguage":"fr-FR","potentialAction":[{"@type":"ReadAction","target":["https:\/\/www.solutions-exchange.fr\/index.php\/webinar-video-retex-ch\/"]}]},{"@type":"BreadcrumbList","@id":"https:\/\/www.solutions-exchange.fr\/index.php\/webinar-video-retex-ch\/#breadcrumb","itemListElement":[{"@type":"ListItem","position":1,"name":"Accueil","item":"https:\/\/www.solutions-exchange.fr\/"},{"@type":"ListItem","position":2,"name":"webinar-video-retex-ch"}]},{"@type":"WebSite","@id":"https:\/\/www.solutions-exchange.fr\/#website","url":"https:\/\/www.solutions-exchange.fr\/","name":"Solutions Exchange","description":"","potentialAction":[{"@type":"SearchAction","target":{"@type":"EntryPoint","urlTemplate":"https:\/\/www.solutions-exchange.fr\/?s={search_term_string}"},"query-input":{"@type":"PropertyValueSpecification","valueRequired":true,"valueName":"search_term_string"}}],"inLanguage":"fr-FR"}]}},"uagb_featured_image_src":{"full":false,"thumbnail":false,"medium":false,"medium_large":false,"large":false,"1536x1536":false,"2048x2048":false,"zuperla-eutf-large-rect-horizontal":false,"zuperla-eutf-small-square":false,"zuperla-eutf-small-rect-horizontal":false,"zuperla-eutf-small-rect-vertical":false,"zuperla-eutf-medium-square":false,"zuperla-eutf-medium-rect-horizontal":false,"zuperla-eutf-medium-rect-vertical":false,"zuperla-eutf-fullscreen":false},"uagb_author_info":{"display_name":"admin6583","author_link":"https:\/\/www.solutions-exchange.fr\/index.php\/author\/admin6583\/"},"uagb_comment_info":0,"uagb_excerpt":"[vc_row height_ratio=\u00a0\u00bb40&Prime; rc_bg_type=\u00a0\u00bbimage\u00a0\u00bb rc_bg_image=\u00a0\u00bb191&Prime;][vc_column][vc_column_text] Retour d\u2019exp\u00e9rience de la mise en place d\u2019une solution de s\u00e9curit\u00e9 et de gestion des mots de passe dans le milieu hospitalier [\/vc_column_text][\/vc_column][\/vc_row][vc_row][vc_column width=\u00a0\u00bb1\/2&Prime;][vc_column_text] Retour d\u2019exp\u00e9rience de la mise en place d\u2019une solution de s\u00e9curit\u00e9 et de gestion des mots de passe dans le milieu hospitalier Devant le succ\u00e8s de la\u2026","_links":{"self":[{"href":"https:\/\/www.solutions-exchange.fr\/index.php\/wp-json\/wp\/v2\/pages\/824","targetHints":{"allow":["GET"]}}],"collection":[{"href":"https:\/\/www.solutions-exchange.fr\/index.php\/wp-json\/wp\/v2\/pages"}],"about":[{"href":"https:\/\/www.solutions-exchange.fr\/index.php\/wp-json\/wp\/v2\/types\/page"}],"author":[{"embeddable":true,"href":"https:\/\/www.solutions-exchange.fr\/index.php\/wp-json\/wp\/v2\/users\/1"}],"replies":[{"embeddable":true,"href":"https:\/\/www.solutions-exchange.fr\/index.php\/wp-json\/wp\/v2\/comments?post=824"}],"version-history":[{"count":7,"href":"https:\/\/www.solutions-exchange.fr\/index.php\/wp-json\/wp\/v2\/pages\/824\/revisions"}],"predecessor-version":[{"id":832,"href":"https:\/\/www.solutions-exchange.fr\/index.php\/wp-json\/wp\/v2\/pages\/824\/revisions\/832"}],"wp:attachment":[{"href":"https:\/\/www.solutions-exchange.fr\/index.php\/wp-json\/wp\/v2\/media?parent=824"}],"curies":[{"name":"wp","href":"https:\/\/api.w.org\/{rel}","templated":true}]}}