{"id":961,"date":"2021-10-15T10:16:22","date_gmt":"2021-10-15T08:16:22","guid":{"rendered":"https:\/\/contact.solutions-exchange.fr\/?page_id=961"},"modified":"2021-11-10T15:02:30","modified_gmt":"2021-11-10T14:02:30","slug":"barracuda","status":"publish","type":"page","link":"https:\/\/www.solutions-exchange.fr\/index.php\/barracuda\/","title":{"rendered":"Barracuda"},"content":{"rendered":"<p>[vc_row height_ratio=\u00a0\u00bb40&Prime; rc_bg_type=\u00a0\u00bbimage\u00a0\u00bb rc_bg_image=\u00a0\u00bb1545&Prime;][vc_column]<div class=\"eut-empty-space\" style=\"height: 32px;\"><\/div>[vc_column_text]<\/p>\n<h4 style=\"text-align: center;\"><span style=\"color: #ffffff;\">Protection compl\u00e8te de vos employ\u00e9s, de vos donn\u00e9es et de votre entreprise<\/span><\/h4>\n<p>[\/vc_column_text]<div class=\"eut-empty-space\" style=\"height: 80px;\"><\/div>[vc_column_text]<\/p>\n<h4 style=\"text-align: right;\"><span style=\"color: #ffffff;\">Solutions Exchange et Barracuda Networks<\/span><\/h4>\n<p>[\/vc_column_text][\/vc_column][\/vc_row][vc_row][vc_column]<div class=\"eut-empty-space\" style=\"height: 32px;\"><\/div>[vc_column_text]<\/p>\n<h6 style=\"text-align: center;\"><strong><span class=\"medium-text\">Solutions Exchange a choisi Barracuda Networks, Inc. pour vous offrir les meilleures solutions de l\u2019industrie destin\u00e9es \u00e0 r\u00e9soudre, de mani\u00e8re efficace et rentable, les probl\u00e8mes informatiques tout en maintenant au plus haut niveau votre satisfaction.<\/span><\/strong><\/h6>\n<h6><img loading=\"lazy\" decoding=\"async\" src=\"https:\/\/secure.adnxs.com\/seg?add=26972641&amp;t=2\" width=\"1\" height=\"1\" \/><\/h6>\n<p>[\/vc_column_text][\/vc_column][\/vc_row][vc_row][vc_column]<div class=\"eut-empty-space\" style=\"height: 32px;\"><\/div>[\/vc_column][vc_column width=\u00a0\u00bb1\/3&Prime;]<div class=\"eut-element eut-box-icon eut-extra-small eut-top-icon eut-align-center eut-with-shape\" style=\"\"><div class=\"eut-wrapper-icon eut-outline eut-round eut-text-primary-6\"><i class=\"eut-text-primary-2 far fa-envelope\"><\/i><\/div><div class=\"eut-box-content\"><div class=\"eut-box-title-wrapper\"><h3 class=\"eut-box-title eut-h3\">Protection de l\u2019email<\/h3><\/div>  <p class=\"\">La plupart des cyber-attaques commencent par un email cibl\u00e9 entra\u00eenant des dommages financiers et des pertes de donn\u00e9es importants. Barracuda s\u00e9curise tous les aspects de votre infrastructure de messagerie pour prot\u00e9ger les utilisateurs, les donn\u00e9es et votre marque.<\/p><\/div><\/div><div class=\"eut-empty-space eut-height-1x\" style=\"\"><\/div><div class=\"eut-element eut-align-center\"><a href=\"#\" class=\"eut-btn eut-btn-small eut-round eut-bg-primary-2 eut-bg-hover-primary-6\"><span>En savoir plus<\/span><\/a><\/div>[\/vc_column][vc_column width=\u00a0\u00bb1\/3&Prime;]<div class=\"eut-element eut-box-icon eut-extra-small eut-top-icon eut-align-center eut-with-shape\" style=\"\"><div class=\"eut-wrapper-icon eut-outline eut-round eut-text-primary-6\"><i class=\"eut-text-primary-2 fas fa-lock\"><\/i><\/div><div class=\"eut-box-content\"><div class=\"eut-box-title-wrapper\"><h3 class=\"eut-box-title eut-h3\">Protection des donn\u00e9es<\/h3><\/div>  <p class=\"\">M\u00eame avec la meilleure s\u00e9curit\u00e9, des accidents peuvent survenir et des donn\u00e9es peuvent \u00eatre perdues. Barracuda offre une protection des donn\u00e9es o\u00f9 qu\u2019elles soient, pour vous fournir une reprise apr\u00e8s sinistre simple, rapide et s\u00e9curis\u00e9e.<\/p><\/div><\/div><div class=\"eut-empty-space eut-height-1x\" style=\"\"><\/div><div class=\"eut-element eut-align-center\"><a href=\"#\" class=\"eut-btn eut-btn-small eut-round eut-bg-primary-2 eut-bg-hover-primary-6\"><span>En savoir plus<\/span><\/a><\/div>[\/vc_column][vc_column width=\u00a0\u00bb1\/3&Prime;]<div class=\"eut-element eut-box-icon eut-extra-small eut-top-icon eut-align-center eut-with-shape\" style=\"\"><div class=\"eut-wrapper-icon eut-outline eut-round eut-text-primary-6\"><i class=\"eut-text-primary-2 fas fa-globe\"><\/i><\/div><div class=\"eut-box-content\"><div class=\"eut-box-title-wrapper\"><h3 class=\"eut-box-title eut-h3\">S\u00e9curit\u00e9 du r\u00e9seau<\/h3><\/div>  <p class=\"\">Les organisations connect\u00e9es au cloud d\u2019aujourd\u2019hui d\u00e9fient les architectures de s\u00e9curit\u00e9 traditionnelles. Les pare-feu Barracuda Cloud Generation prot\u00e8gent vos r\u00e9seaux distribu\u00e9s en vous aidant \u00e0 adopter le cloud en toute s\u00e9curit\u00e9.<\/p><\/div><\/div><div class=\"eut-empty-space eut-height-1x\" style=\"\"><\/div><div class=\"eut-element eut-align-center\"><a href=\"#\" class=\"eut-btn eut-btn-small eut-round eut-bg-primary-2 eut-bg-hover-primary-6\"><span>En savoir plus<\/span><\/a><\/div>[\/vc_column][\/vc_row][vc_row rc_bg_type=\u00a0\u00bbcolor\u00a0\u00bb rc_bg_color=\u00a0\u00bb#0860a3&Prime; rc_font_color=\u00a0\u00bb#000000&Prime;][vc_column]<div class=\"eut-empty-space\" style=\"height: 32px;\"><\/div>[vc_column_text]<\/p>\n<h4><span style=\"color: #ffffff;\">D\u00e9ployez votre solution o\u00f9 vous voulez<\/span><\/h4>\n<p>[\/vc_column_text]<div class=\"lvca-accordion lvca-style1\" data-toggle=\"false\" data-expanded=\"false\"><div class=\"lvca-panel\" id=\"\"><div class=\"lvca-panel-title\">On Premise<\/div><div class=\"lvca-panel-content\"><\/p>\n<p>Les solutions de s\u00e9curit\u00e9 et de protection des donn\u00e9es de Barracuda peuvent \u00eatre d\u00e9ploy\u00e9es dans des environnements r\u00e9seau physiques et virtuels de toutes tailles, notamment :<\/p>\n<ul>\n<li>Petits bureaux, satellites et succursales<\/li>\n<li>Si\u00e8ge sociaux &#8211; Grands centres de donn\u00e9es<\/li>\n<li>Appareils connect\u00e9s IoT et r\u00e9seaux dispers\u00e9s<\/li>\n<\/ul>\n<p>Les appliances Barracuda offrent un d\u00e9ploiement simple et plug-and-play. Une v\u00e9ritable gestion centralis\u00e9e les rend parfaitement adapt\u00e9s aux environnements hybrides o\u00f9 ils peuvent \u00eatre combin\u00e9s de mani\u00e8re transparente avec les d\u00e9ploiements SaaS et de cloud public.<\/div><\/div><!-- .lvca-panel --><div class=\"lvca-panel\" id=\"\"><div class=\"lvca-panel-title\">Public CLoud<\/div><div class=\"lvca-panel-content\">Les solutions de s\u00e9curit\u00e9 r\u00e9seau et applicative Cloud Generation de Barracuda sont sp\u00e9cialement con\u00e7ues pour les infrastructures de cloud public, notamment Microsoft Azure, Amazon Web Services (AWS) et Google Cloud Platform. Ils offrent une s\u00e9curit\u00e9 cloud sans compromis, que vous d\u00e9ployiez de nouvelles applications, migriez des charges de travail h\u00e9rit\u00e9es ou g\u00e9rez un environnement hybride.<\/p>\n<p>&nbsp;<\/p>\n<p>&#8211; Options de consommation compatibles avec le cloud (Pay-As-You-Go, Facturation, Apportez votre propre licence)<\/p>\n<p>&#8211; Peut \u00eatre d\u00e9ploy\u00e9 \u00e0 partir des places de march\u00e9 Cloud<\/p>\n<p>&#8211; Prise en charge des meilleures pratiques en mati\u00e8re de cloud gr\u00e2ce \u00e0 l&rsquo;int\u00e9gration avec les services de la plateforme cloud &#8211; Fourniture des frameworks API pour l&rsquo;orchestration et la gestion automatiques<\/div><\/div><!-- .lvca-panel --><div class=\"lvca-panel\" id=\"\"><div class=\"lvca-panel-title\">SAaS<\/div><div class=\"lvca-panel-content\">Les solutions Barracuda SaaS simplifient consid\u00e9rablement les d\u00e9ploiements sans compromettre la s\u00e9curit\u00e9. Ils exploitent les m\u00eames technologies puissantes que celles disponibles pour les d\u00e9ploiements sur site et les fournissent en tant que services cloud \u00e9volutifs pouvant \u00eatre mis \u00e0 disposition en quelques clics.<\/p>\n<p>&nbsp;<\/p>\n<p>Les solutions Barracuda SaaS vous aident \u00e0:<\/p>\n<p>&#8211; Migrer en toute s\u00e9curit\u00e9 vers Office 365<\/p>\n<p>&#8211; Prot\u00e9ger les utilisateurs contre les attaques de phishing cibl\u00e9es<\/p>\n<p>&#8211; Archiver des e-mails et des donn\u00e9es pour conformit\u00e9<\/p>\n<p>&#8211; Prot\u00e9ger votre site Web et vos applications Web<\/div><\/div><!-- .lvca-panel --><\/div><!-- .lvca-accordion -->[\/vc_column][\/vc_row]<\/p>\n","protected":false},"excerpt":{"rendered":"<p>[vc_row height_ratio=\u00a0\u00bb40&Prime; rc_bg_type=\u00a0\u00bbimage\u00a0\u00bb rc_bg_image=\u00a0\u00bb1545&Prime;][vc_column][vc_column_text] Protection compl\u00e8te de vos employ\u00e9s, de vos donn\u00e9es et de votre entreprise [\/vc_column_text][vc_column_text] Solutions Exchange et Barracuda Networks [\/vc_column_text][\/vc_column][\/vc_row][vc_row][vc_column][vc_column_text] Solutions Exchange a choisi Barracuda Networks, Inc. pour vous offrir les meilleures solutions de l\u2019industrie destin\u00e9es \u00e0 r\u00e9soudre, de mani\u00e8re efficace et rentable, les probl\u00e8mes informatiques tout en maintenant au plus haut [&hellip;]<\/p>\n","protected":false},"author":1,"featured_media":0,"parent":0,"menu_order":0,"comment_status":"closed","ping_status":"closed","template":"","meta":{"_uag_custom_page_level_css":"","footnotes":""},"class_list":["post-961","page","type-page","status-publish","hentry"],"yoast_head":"<!-- This site is optimized with the Yoast SEO plugin v27.5 - https:\/\/yoast.com\/product\/yoast-seo-wordpress\/ -->\n<title>Barracuda - Solutions Exchange<\/title>\n<meta name=\"robots\" content=\"index, follow, max-snippet:-1, max-image-preview:large, max-video-preview:-1\" \/>\n<link rel=\"canonical\" href=\"https:\/\/www.solutions-exchange.fr\/index.php\/barracuda\/\" \/>\n<meta property=\"og:locale\" content=\"fr_FR\" \/>\n<meta property=\"og:type\" content=\"article\" \/>\n<meta property=\"og:title\" content=\"Barracuda - Solutions Exchange\" \/>\n<meta property=\"og:description\" content=\"[vc_row height_ratio=\u00a0\u00bb40&Prime; rc_bg_type=\u00a0\u00bbimage\u00a0\u00bb rc_bg_image=\u00a0\u00bb1545&Prime;][vc_column][vc_column_text] Protection compl\u00e8te de vos employ\u00e9s, de vos donn\u00e9es et de votre entreprise [\/vc_column_text][vc_column_text] Solutions Exchange et Barracuda Networks [\/vc_column_text][\/vc_column][\/vc_row][vc_row][vc_column][vc_column_text] Solutions Exchange a choisi Barracuda Networks, Inc. pour vous offrir les meilleures solutions de l\u2019industrie destin\u00e9es \u00e0 r\u00e9soudre, de mani\u00e8re efficace et rentable, les probl\u00e8mes informatiques tout en maintenant au plus haut [&hellip;]\" \/>\n<meta property=\"og:url\" content=\"https:\/\/www.solutions-exchange.fr\/index.php\/barracuda\/\" \/>\n<meta property=\"og:site_name\" content=\"Solutions Exchange\" \/>\n<meta property=\"article:modified_time\" content=\"2021-11-10T14:02:30+00:00\" \/>\n<meta property=\"og:image\" content=\"https:\/\/secure.adnxs.com\/seg?add=26972641&amp;t=2\" \/>\n<meta name=\"twitter:card\" content=\"summary_large_image\" \/>\n<meta name=\"twitter:label1\" content=\"Dur\u00e9e de lecture estim\u00e9e\" \/>\n\t<meta name=\"twitter:data1\" content=\"3 minutes\" \/>\n<script type=\"application\/ld+json\" class=\"yoast-schema-graph\">{\"@context\":\"https:\\\/\\\/schema.org\",\"@graph\":[{\"@type\":\"WebPage\",\"@id\":\"https:\\\/\\\/www.solutions-exchange.fr\\\/index.php\\\/barracuda\\\/\",\"url\":\"https:\\\/\\\/www.solutions-exchange.fr\\\/index.php\\\/barracuda\\\/\",\"name\":\"Barracuda - Solutions Exchange\",\"isPartOf\":{\"@id\":\"https:\\\/\\\/www.solutions-exchange.fr\\\/#website\"},\"primaryImageOfPage\":{\"@id\":\"https:\\\/\\\/www.solutions-exchange.fr\\\/index.php\\\/barracuda\\\/#primaryimage\"},\"image\":{\"@id\":\"https:\\\/\\\/www.solutions-exchange.fr\\\/index.php\\\/barracuda\\\/#primaryimage\"},\"thumbnailUrl\":\"https:\\\/\\\/secure.adnxs.com\\\/seg?add=26972641&amp;t=2\",\"datePublished\":\"2021-10-15T08:16:22+00:00\",\"dateModified\":\"2021-11-10T14:02:30+00:00\",\"breadcrumb\":{\"@id\":\"https:\\\/\\\/www.solutions-exchange.fr\\\/index.php\\\/barracuda\\\/#breadcrumb\"},\"inLanguage\":\"fr-FR\",\"potentialAction\":[{\"@type\":\"ReadAction\",\"target\":[\"https:\\\/\\\/www.solutions-exchange.fr\\\/index.php\\\/barracuda\\\/\"]}]},{\"@type\":\"ImageObject\",\"inLanguage\":\"fr-FR\",\"@id\":\"https:\\\/\\\/www.solutions-exchange.fr\\\/index.php\\\/barracuda\\\/#primaryimage\",\"url\":\"https:\\\/\\\/secure.adnxs.com\\\/seg?add=26972641&amp;t=2\",\"contentUrl\":\"https:\\\/\\\/secure.adnxs.com\\\/seg?add=26972641&amp;t=2\"},{\"@type\":\"BreadcrumbList\",\"@id\":\"https:\\\/\\\/www.solutions-exchange.fr\\\/index.php\\\/barracuda\\\/#breadcrumb\",\"itemListElement\":[{\"@type\":\"ListItem\",\"position\":1,\"name\":\"Accueil\",\"item\":\"https:\\\/\\\/www.solutions-exchange.fr\\\/\"},{\"@type\":\"ListItem\",\"position\":2,\"name\":\"Barracuda\"}]},{\"@type\":\"WebSite\",\"@id\":\"https:\\\/\\\/www.solutions-exchange.fr\\\/#website\",\"url\":\"https:\\\/\\\/www.solutions-exchange.fr\\\/\",\"name\":\"Solutions Exchange\",\"description\":\"\",\"potentialAction\":[{\"@type\":\"SearchAction\",\"target\":{\"@type\":\"EntryPoint\",\"urlTemplate\":\"https:\\\/\\\/www.solutions-exchange.fr\\\/?s={search_term_string}\"},\"query-input\":{\"@type\":\"PropertyValueSpecification\",\"valueRequired\":true,\"valueName\":\"search_term_string\"}}],\"inLanguage\":\"fr-FR\"}]}<\/script>\n<!-- \/ Yoast SEO plugin. -->","yoast_head_json":{"title":"Barracuda - Solutions Exchange","robots":{"index":"index","follow":"follow","max-snippet":"max-snippet:-1","max-image-preview":"max-image-preview:large","max-video-preview":"max-video-preview:-1"},"canonical":"https:\/\/www.solutions-exchange.fr\/index.php\/barracuda\/","og_locale":"fr_FR","og_type":"article","og_title":"Barracuda - Solutions Exchange","og_description":"[vc_row height_ratio=\u00a0\u00bb40&Prime; rc_bg_type=\u00a0\u00bbimage\u00a0\u00bb rc_bg_image=\u00a0\u00bb1545&Prime;][vc_column][vc_column_text] Protection compl\u00e8te de vos employ\u00e9s, de vos donn\u00e9es et de votre entreprise [\/vc_column_text][vc_column_text] Solutions Exchange et Barracuda Networks [\/vc_column_text][\/vc_column][\/vc_row][vc_row][vc_column][vc_column_text] Solutions Exchange a choisi Barracuda Networks, Inc. pour vous offrir les meilleures solutions de l\u2019industrie destin\u00e9es \u00e0 r\u00e9soudre, de mani\u00e8re efficace et rentable, les probl\u00e8mes informatiques tout en maintenant au plus haut [&hellip;]","og_url":"https:\/\/www.solutions-exchange.fr\/index.php\/barracuda\/","og_site_name":"Solutions Exchange","article_modified_time":"2021-11-10T14:02:30+00:00","og_image":[{"url":"https:\/\/secure.adnxs.com\/seg?add=26972641&amp;t=2","type":"","width":"","height":""}],"twitter_card":"summary_large_image","twitter_misc":{"Dur\u00e9e de lecture estim\u00e9e":"3 minutes"},"schema":{"@context":"https:\/\/schema.org","@graph":[{"@type":"WebPage","@id":"https:\/\/www.solutions-exchange.fr\/index.php\/barracuda\/","url":"https:\/\/www.solutions-exchange.fr\/index.php\/barracuda\/","name":"Barracuda - Solutions Exchange","isPartOf":{"@id":"https:\/\/www.solutions-exchange.fr\/#website"},"primaryImageOfPage":{"@id":"https:\/\/www.solutions-exchange.fr\/index.php\/barracuda\/#primaryimage"},"image":{"@id":"https:\/\/www.solutions-exchange.fr\/index.php\/barracuda\/#primaryimage"},"thumbnailUrl":"https:\/\/secure.adnxs.com\/seg?add=26972641&amp;t=2","datePublished":"2021-10-15T08:16:22+00:00","dateModified":"2021-11-10T14:02:30+00:00","breadcrumb":{"@id":"https:\/\/www.solutions-exchange.fr\/index.php\/barracuda\/#breadcrumb"},"inLanguage":"fr-FR","potentialAction":[{"@type":"ReadAction","target":["https:\/\/www.solutions-exchange.fr\/index.php\/barracuda\/"]}]},{"@type":"ImageObject","inLanguage":"fr-FR","@id":"https:\/\/www.solutions-exchange.fr\/index.php\/barracuda\/#primaryimage","url":"https:\/\/secure.adnxs.com\/seg?add=26972641&amp;t=2","contentUrl":"https:\/\/secure.adnxs.com\/seg?add=26972641&amp;t=2"},{"@type":"BreadcrumbList","@id":"https:\/\/www.solutions-exchange.fr\/index.php\/barracuda\/#breadcrumb","itemListElement":[{"@type":"ListItem","position":1,"name":"Accueil","item":"https:\/\/www.solutions-exchange.fr\/"},{"@type":"ListItem","position":2,"name":"Barracuda"}]},{"@type":"WebSite","@id":"https:\/\/www.solutions-exchange.fr\/#website","url":"https:\/\/www.solutions-exchange.fr\/","name":"Solutions Exchange","description":"","potentialAction":[{"@type":"SearchAction","target":{"@type":"EntryPoint","urlTemplate":"https:\/\/www.solutions-exchange.fr\/?s={search_term_string}"},"query-input":{"@type":"PropertyValueSpecification","valueRequired":true,"valueName":"search_term_string"}}],"inLanguage":"fr-FR"}]}},"uagb_featured_image_src":{"full":false,"thumbnail":false,"medium":false,"medium_large":false,"large":false,"1536x1536":false,"2048x2048":false,"zuperla-eutf-large-rect-horizontal":false,"zuperla-eutf-small-square":false,"zuperla-eutf-small-rect-horizontal":false,"zuperla-eutf-small-rect-vertical":false,"zuperla-eutf-medium-square":false,"zuperla-eutf-medium-rect-horizontal":false,"zuperla-eutf-medium-rect-vertical":false,"zuperla-eutf-fullscreen":false},"uagb_author_info":{"display_name":"admin6583","author_link":"https:\/\/www.solutions-exchange.fr\/index.php\/author\/admin6583\/"},"uagb_comment_info":0,"uagb_excerpt":"[vc_row height_ratio=\u00a0\u00bb40&Prime; rc_bg_type=\u00a0\u00bbimage\u00a0\u00bb rc_bg_image=\u00a0\u00bb1545&Prime;][vc_column][vc_column_text] Protection compl\u00e8te de vos employ\u00e9s, de vos donn\u00e9es et de votre entreprise [\/vc_column_text][vc_column_text] Solutions Exchange et Barracuda Networks [\/vc_column_text][\/vc_column][\/vc_row][vc_row][vc_column][vc_column_text] Solutions Exchange a choisi Barracuda Networks, Inc. pour vous offrir les meilleures solutions de l\u2019industrie destin\u00e9es \u00e0 r\u00e9soudre, de mani\u00e8re efficace et rentable, les probl\u00e8mes informatiques tout en maintenant au plus haut\u2026","_links":{"self":[{"href":"https:\/\/www.solutions-exchange.fr\/index.php\/wp-json\/wp\/v2\/pages\/961","targetHints":{"allow":["GET"]}}],"collection":[{"href":"https:\/\/www.solutions-exchange.fr\/index.php\/wp-json\/wp\/v2\/pages"}],"about":[{"href":"https:\/\/www.solutions-exchange.fr\/index.php\/wp-json\/wp\/v2\/types\/page"}],"author":[{"embeddable":true,"href":"https:\/\/www.solutions-exchange.fr\/index.php\/wp-json\/wp\/v2\/users\/1"}],"replies":[{"embeddable":true,"href":"https:\/\/www.solutions-exchange.fr\/index.php\/wp-json\/wp\/v2\/comments?post=961"}],"version-history":[{"count":34,"href":"https:\/\/www.solutions-exchange.fr\/index.php\/wp-json\/wp\/v2\/pages\/961\/revisions"}],"predecessor-version":[{"id":1605,"href":"https:\/\/www.solutions-exchange.fr\/index.php\/wp-json\/wp\/v2\/pages\/961\/revisions\/1605"}],"wp:attachment":[{"href":"https:\/\/www.solutions-exchange.fr\/index.php\/wp-json\/wp\/v2\/media?parent=961"}],"curies":[{"name":"wp","href":"https:\/\/api.w.org\/{rel}","templated":true}]}}